{"id":41,"date":"2021-11-27T23:12:03","date_gmt":"2021-11-27T23:12:03","guid":{"rendered":"https:\/\/plumber-gp.wordifysites.com\/?page_id=41"},"modified":"2026-03-11T10:55:38","modified_gmt":"2026-03-11T09:55:38","slug":"imprint","status":"publish","type":"page","link":"https:\/\/unitek-crossheads.com\/de\/imprint\/","title":{"rendered":"Impressum"},"content":{"rendered":"<section class=\"gb-container gb-container-e81ad639\">\n\n<h2 class=\"gb-headline gb-headline-6d55f19a gb-headline-text\"><strong>Impressum<\/strong><\/h2>\n\n\n\n<p><strong>Firmeninformation<br><\/strong>Unitek Maschinenbau- und Handelsgesellschaft m.b.H.<br>Josef-\u00d6sterreichergasse 35<br>A-1230 Wien<br>\u00d6sterreich<\/p>\n\n\n\n<p>Tel.:&nbsp;<a href=\"tel:+4333255100\">+43 \u2013 1 \u2013 332 55 10-0<\/a><br>Fax: +43 \u2013 1 \u2013 332 55 15<br>E-Mail:&nbsp;<a href=\"mailto:office@unitek-crossheads.com\">office@unitek-crossheads.com<\/a><br>Web:&nbsp;<a href=\"https:\/\/unitek-crossheads.com\/de\/\">www.unitek-crossheads.com<\/a><br><a href=\"https:\/\/unitek-crossheads.com\/de\/contact\/\">Kontaktformular<\/a><\/p>\n\n\n\n<p>DVR-Nr: 0178.349<br>UID-Nr: ATU15076101<br>FN: 102796 x, Wien<\/p>\n\n\n\n<p>Gesch\u00e4ftsf\u00fchrer: DI Bernd Klein<\/p>\n\n\n\n<p>Mitglied der WK\u00d6, WKW<\/p>\n\n\n\n<p><strong>Bankverbindung<br><\/strong>Bank: Raiffeisenkasse Guntramsdorf<br>IBAN: AT97 3225 0000 1197 9788<br>BIC: RLNWATWWGTD<\/p>\n\n\n\n<p><strong>Herausgeber<\/strong><br>Unitek Maschinenbau- und Handelsgesellschaft m.b.H.<br>Josef-\u00d6sterreichergasse 35<br>A-1230 Wien<br>\u00d6sterreich<\/p>\n\n\n\n<p><strong>Eingetragene Marken<\/strong><br>Der Firmenname und das Firmenlogo sind eingetragene Warenzeichen oder Markennamen der Unitek Maschinenbau- und Handelsgesellschaft m.b.H. Alle anderen Marken, Produktnamen und Firmennamen oder -logos, die auf unserer Website erscheinen, sind Eigentum der jeweiligen Inhaber.<\/p>\n\n\n\n<p><strong>Copyrights<\/strong><br>Alle Informationen und Grafiken, die sich auf der Website der Unitek Maschinenbau- und Handelsgesellschaft m.b.H befinden, sowie die Gestaltung der Website dienen ausschlie\u00dflich der pers\u00f6nlichen Information unserer Kunden. Alle Daten auf diesen Seiten sind gem\u00e4\u00df \u00a7 4 und \u00a7\u00a7 87a ff. des \u00f6sterreichischen Urheberrechtsgesetzes gesch\u00fctzt.<\/p>\n\n\n\n<p>Das Reproduzieren, Kopieren und Ausdrucken der gesamten Website bzw. von Teilen dieser Website ist nur zum Zweck der Informationsbeschaffung \u00fcber die Unitek Maschinenbau- und Handelsgesellschaft m.b.H gestattet. Jede dar\u00fcber hinausgehende Bearbeitung, Vervielf\u00e4ltigung, Verbreitung und\/oder \u00f6ffentliche Wiedergabe gilt als \u00fcber die \u00fcbliche Nutzung hinausgehend und stellt somit einen Versto\u00df gegen das Urheberrecht dar. Alle derartigen Verst\u00f6\u00dfe werden rechtlich verfolgt und der Zuwiderhandelnde ist zum Schadenersatz verpflichtet.<\/p>\n\n\n\n<p><strong>Links zu anderen Websites<br><\/strong>Diese Website kann (Hypertext-)Links zu anderen Websites enthalten, die es dem Benutzer erm\u00f6glichen, diese Website zu verlassen und direkt zur verlinkten Website zu gelangen. Die Links werden zur Unterst\u00fctzung der Nutzer dieser Website zur Verf\u00fcgung gestellt und die Aufnahme eines Links bedeutet nicht, dass wir die verlinkte Website bef\u00fcrworten oder genehmigt haben. Wir haben keine Kontrolle \u00fcber die verlinkten Seiten und sind nicht verantwortlich oder haftbar f\u00fcr deren Inhalt oder f\u00fcr Links auf diesen Seiten oder f\u00fcr \u00dcbertragungen, die wir von verlinkten Seiten erhalten.<\/p>\n\n\n\n<p><strong>Unsere Website<\/strong><br>Der Zweck unserer Website ist es, Ihnen Informationen \u00fcber unsere Produktpalette, technische Daten, Unternehmensnachrichten und allgemeine Unternehmensinformationen zur Verf\u00fcgung zu stellen.<br>Wir bem\u00fchen uns, unsere Website sicher zu halten. Wir bitten Sie jedoch anzuerkennen, dass das Internet und die E-Mail-Kommunikation \u00fcber das Internet unter Umst\u00e4nden nicht sicher sind, wenn Sie uns Ihre Informationen \u00fcber unsere Website zur Verf\u00fcgung stellen oder wenn Sie uns vertrauliche Informationen per E-Mail senden oder uns darum bitten, Ihnen diese zu senden. Wir k\u00f6nnen nicht f\u00fcr den Verlust oder das unbefugte Abfangen von Informationen verantwortlich gemacht werden, die \u00fcber das Internet \u00fcbertragen werden und sich unserer Kontrolle entziehen.<br>Unsere Website kann Links zu anderen Websites au\u00dferhalb von UNITEK enthalten. Unsere Datenschutzpolitik gilt nur f\u00fcr unsere Website. Wir sind nicht verantwortlich f\u00fcr den Inhalt, den Datenschutz oder die Sicherheit anderer Websites.<\/p>\n\n\n\n<p><strong>Copyright \u00a9 2009-2026 Unitek Maschinenbau- und Handelsgesellschaft m.b.H. All rights reserved.<\/strong><\/p>\n\n\n\n<p>Unitek Maschinenbau- und Handelsgesellschaft m.b.H. | Josef Oesterreicher Gasse 35 | A-1230 Wien  | \u00d6sterreich | Tel: +43 \u2013 1 \u2013 332 55 10 | E-mail&nbsp;<a href=\"mailto:office@unitek-crossheads.com\">office@unitek-crossheads.com<\/a><\/p>\n\n<\/section>","protected":false},"excerpt":{"rendered":"<p>Imprint &amp; Legal information Company informationUnitek Maschinenbau- und Handelsgesellschaft m.b.H.Josef Oesterreicher Gasse 35A-1230 Wien (Vienna)AUSTRIA Tel.:&nbsp;+43 \u2013 1 \u2013 332 55 10-0Fax: +43 \u2013 1 \u2013 332 55 15E-Mail:&nbsp;office@unitek-crossheads.comURL:&nbsp;www.unitek-crossheads.comContact form DVR-Nr: 0178.349UID-Nr: ATU15076101FN: 102796 x, Wien (Vienna) CEO: DI Bernd Klein Member of the WK\u00d6, WKW Account information:Bank: Raiffeisenkasse GuntramsdorfIBAN: AT97 3225 0000 1197 9788BIC: &#8230; <a title=\"Impressum\" class=\"read-more\" href=\"https:\/\/unitek-crossheads.com\/de\/imprint\/\" aria-label=\"Read more about Imprint\">Weiterlesen<\/a><\/p>","protected":false},"author":1,"featured_media":0,"parent":0,"menu_order":0,"comment_status":"closed","ping_status":"closed","template":"","meta":{"_eb_attr":"","_uag_custom_page_level_css":"","iawp_total_views":609,"footnotes":""},"class_list":["post-41","page","type-page","status-publish"],"featured_image_src":null,"yoast_head":"<!-- This site is optimized with the Yoast SEO plugin v27.1.1 - https:\/\/yoast.com\/product\/yoast-seo-wordpress\/ -->\n<title>Imprint - UNITEK<\/title>\n<meta name=\"robots\" content=\"index, follow, max-snippet:-1, max-image-preview:large, max-video-preview:-1\" \/>\n<link rel=\"canonical\" href=\"https:\/\/unitek-crossheads.com\/de\/imprint\/\" \/>\n<meta property=\"og:locale\" content=\"de_DE\" \/>\n<meta property=\"og:type\" content=\"article\" \/>\n<meta property=\"og:title\" content=\"Imprint - UNITEK\" \/>\n<meta property=\"og:description\" content=\"Imprint &amp; Legal information Company informationUnitek Maschinenbau- und Handelsgesellschaft m.b.H.Josef Oesterreicher Gasse 35A-1230 Wien (Vienna)AUSTRIA Tel.:&nbsp;+43 \u2013 1 \u2013 332 55 10-0Fax: +43 \u2013 1 \u2013 332 55 15E-Mail:&nbsp;office@unitek-crossheads.comURL:&nbsp;www.unitek-crossheads.comContact form DVR-Nr: 0178.349UID-Nr: ATU15076101FN: 102796 x, Wien (Vienna) CEO: DI Bernd Klein Member of the WK\u00d6, WKW Account information:Bank: Raiffeisenkasse GuntramsdorfIBAN: AT97 3225 0000 1197 9788BIC: ... Read more\" \/>\n<meta property=\"og:url\" content=\"https:\/\/unitek-crossheads.com\/de\/imprint\/\" \/>\n<meta property=\"og:site_name\" content=\"UNITEK\" \/>\n<meta property=\"article:modified_time\" content=\"2026-03-11T09:55:38+00:00\" \/>\n<meta name=\"twitter:card\" content=\"summary_large_image\" \/>\n<meta name=\"twitter:label1\" content=\"Gesch\u00e4tzte Lesezeit\" \/>\n\t<meta name=\"twitter:data1\" content=\"3 Minuten\" \/>\n<script type=\"application\/ld+json\" class=\"yoast-schema-graph\">{\"@context\":\"https:\/\/schema.org\",\"@graph\":[{\"@type\":\"WebPage\",\"@id\":\"https:\/\/unitek-crossheads.com\/imprint\/\",\"url\":\"https:\/\/unitek-crossheads.com\/imprint\/\",\"name\":\"Imprint - UNITEK\",\"isPartOf\":{\"@id\":\"https:\/\/unitek-crossheads.com\/#website\"},\"datePublished\":\"2021-11-27T23:12:03+00:00\",\"dateModified\":\"2026-03-11T09:55:38+00:00\",\"breadcrumb\":{\"@id\":\"https:\/\/unitek-crossheads.com\/imprint\/#breadcrumb\"},\"inLanguage\":\"de-AT\",\"potentialAction\":[{\"@type\":\"ReadAction\",\"target\":[\"https:\/\/unitek-crossheads.com\/imprint\/\"]}]},{\"@type\":\"BreadcrumbList\",\"@id\":\"https:\/\/unitek-crossheads.com\/imprint\/#breadcrumb\",\"itemListElement\":[{\"@type\":\"ListItem\",\"position\":1,\"name\":\"Home\",\"item\":\"https:\/\/unitek-crossheads.com\/\"},{\"@type\":\"ListItem\",\"position\":2,\"name\":\"Imprint\"}]},{\"@type\":\"WebSite\",\"@id\":\"https:\/\/unitek-crossheads.com\/#website\",\"url\":\"https:\/\/unitek-crossheads.com\/\",\"name\":\"UNITEK\",\"description\":\"Crossheads for the cable industry\",\"publisher\":{\"@id\":\"https:\/\/unitek-crossheads.com\/#organization\"},\"potentialAction\":[{\"@type\":\"SearchAction\",\"target\":{\"@type\":\"EntryPoint\",\"urlTemplate\":\"https:\/\/unitek-crossheads.com\/?s={search_term_string}\"},\"query-input\":{\"@type\":\"PropertyValueSpecification\",\"valueRequired\":true,\"valueName\":\"search_term_string\"}}],\"inLanguage\":\"de-AT\"},{\"@type\":\"Organization\",\"@id\":\"https:\/\/unitek-crossheads.com\/#organization\",\"name\":\"UNITEK\",\"url\":\"https:\/\/unitek-crossheads.com\/\",\"logo\":{\"@type\":\"ImageObject\",\"inLanguage\":\"de-AT\",\"@id\":\"https:\/\/unitek-crossheads.com\/#\/schema\/logo\/image\/\",\"url\":\"https:\/\/unitek-crossheads.com\/wp-content\/uploads\/unitek-crossheads-manifucturer.png\",\"contentUrl\":\"https:\/\/unitek-crossheads.com\/wp-content\/uploads\/unitek-crossheads-manifucturer.png\",\"width\":280,\"height\":85,\"caption\":\"UNITEK\"},\"image\":{\"@id\":\"https:\/\/unitek-crossheads.com\/#\/schema\/logo\/image\/\"},\"sameAs\":[\"https:\/\/www.linkedin.com\/company\/unitek-at\/\",\"https:\/\/www.youtube.com\/@UnitekCrossheads\"]}]}<\/script>\n<!-- \/ Yoast SEO plugin. -->","yoast_head_json":{"title":"Imprint - UNITEK","robots":{"index":"index","follow":"follow","max-snippet":"max-snippet:-1","max-image-preview":"max-image-preview:large","max-video-preview":"max-video-preview:-1"},"canonical":"https:\/\/unitek-crossheads.com\/de\/imprint\/","og_locale":"de_DE","og_type":"article","og_title":"Imprint - UNITEK","og_description":"Imprint &amp; Legal information Company informationUnitek Maschinenbau- und Handelsgesellschaft m.b.H.Josef Oesterreicher Gasse 35A-1230 Wien (Vienna)AUSTRIA Tel.:&nbsp;+43 \u2013 1 \u2013 332 55 10-0Fax: +43 \u2013 1 \u2013 332 55 15E-Mail:&nbsp;office@unitek-crossheads.comURL:&nbsp;www.unitek-crossheads.comContact form DVR-Nr: 0178.349UID-Nr: ATU15076101FN: 102796 x, Wien (Vienna) CEO: DI Bernd Klein Member of the WK\u00d6, WKW Account information:Bank: Raiffeisenkasse GuntramsdorfIBAN: AT97 3225 0000 1197 9788BIC: ... Read more","og_url":"https:\/\/unitek-crossheads.com\/de\/imprint\/","og_site_name":"UNITEK","article_modified_time":"2026-03-11T09:55:38+00:00","twitter_card":"summary_large_image","twitter_misc":{"Gesch\u00e4tzte Lesezeit":"3 Minuten"},"schema":{"@context":"https:\/\/schema.org","@graph":[{"@type":"WebPage","@id":"https:\/\/unitek-crossheads.com\/imprint\/","url":"https:\/\/unitek-crossheads.com\/imprint\/","name":"Imprint - UNITEK","isPartOf":{"@id":"https:\/\/unitek-crossheads.com\/#website"},"datePublished":"2021-11-27T23:12:03+00:00","dateModified":"2026-03-11T09:55:38+00:00","breadcrumb":{"@id":"https:\/\/unitek-crossheads.com\/imprint\/#breadcrumb"},"inLanguage":"de-AT","potentialAction":[{"@type":"ReadAction","target":["https:\/\/unitek-crossheads.com\/imprint\/"]}]},{"@type":"BreadcrumbList","@id":"https:\/\/unitek-crossheads.com\/imprint\/#breadcrumb","itemListElement":[{"@type":"ListItem","position":1,"name":"Home","item":"https:\/\/unitek-crossheads.com\/"},{"@type":"ListItem","position":2,"name":"Imprint"}]},{"@type":"WebSite","@id":"https:\/\/unitek-crossheads.com\/#website","url":"https:\/\/unitek-crossheads.com\/","name":"UNITEK","description":"Crossheads for the cable industry","publisher":{"@id":"https:\/\/unitek-crossheads.com\/#organization"},"potentialAction":[{"@type":"SearchAction","target":{"@type":"EntryPoint","urlTemplate":"https:\/\/unitek-crossheads.com\/?s={search_term_string}"},"query-input":{"@type":"PropertyValueSpecification","valueRequired":true,"valueName":"search_term_string"}}],"inLanguage":"de-AT"},{"@type":"Organization","@id":"https:\/\/unitek-crossheads.com\/#organization","name":"UNITEK","url":"https:\/\/unitek-crossheads.com\/","logo":{"@type":"ImageObject","inLanguage":"de-AT","@id":"https:\/\/unitek-crossheads.com\/#\/schema\/logo\/image\/","url":"https:\/\/unitek-crossheads.com\/wp-content\/uploads\/unitek-crossheads-manifucturer.png","contentUrl":"https:\/\/unitek-crossheads.com\/wp-content\/uploads\/unitek-crossheads-manifucturer.png","width":280,"height":85,"caption":"UNITEK"},"image":{"@id":"https:\/\/unitek-crossheads.com\/#\/schema\/logo\/image\/"},"sameAs":["https:\/\/www.linkedin.com\/company\/unitek-at\/","https:\/\/www.youtube.com\/@UnitekCrossheads"]}]}},"uagb_featured_image_src":{"full":false,"thumbnail":false,"medium":false,"medium_large":false,"large":false,"1536x1536":false,"2048x2048":false,"trp-custom-language-flag":false},"uagb_author_info":{"display_name":"staging_dev","author_link":"https:\/\/unitek-crossheads.com\/de\/author\/staging_dev\/"},"uagb_comment_info":0,"uagb_excerpt":"Imprint &amp; Legal information Company informationUnitek Maschinenbau- und Handelsgesellschaft m.b.H.Josef Oesterreicher Gasse 35A-1230 Wien (Vienna)AUSTRIA Tel.:&nbsp;+43 \u2013 1 \u2013 332 55 10-0Fax: +43 \u2013 1 \u2013 332 55 15E-Mail:&nbsp;office@unitek-crossheads.comURL:&nbsp;www.unitek-crossheads.comContact form DVR-Nr: 0178.349UID-Nr: ATU15076101FN: 102796 x, Wien (Vienna) CEO: DI Bernd Klein Member of the WK\u00d6, WKW Account information:Bank: Raiffeisenkasse GuntramsdorfIBAN: AT97 3225 0000 1197 9788BIC:&hellip;","_links":{"self":[{"href":"https:\/\/unitek-crossheads.com\/de\/wp-json\/wp\/v2\/pages\/41","targetHints":{"allow":["GET"]}}],"collection":[{"href":"https:\/\/unitek-crossheads.com\/de\/wp-json\/wp\/v2\/pages"}],"about":[{"href":"https:\/\/unitek-crossheads.com\/de\/wp-json\/wp\/v2\/types\/page"}],"author":[{"embeddable":true,"href":"https:\/\/unitek-crossheads.com\/de\/wp-json\/wp\/v2\/users\/1"}],"replies":[{"embeddable":true,"href":"https:\/\/unitek-crossheads.com\/de\/wp-json\/wp\/v2\/comments?post=41"}],"version-history":[{"count":1,"href":"https:\/\/unitek-crossheads.com\/de\/wp-json\/wp\/v2\/pages\/41\/revisions"}],"predecessor-version":[{"id":2112,"href":"https:\/\/unitek-crossheads.com\/de\/wp-json\/wp\/v2\/pages\/41\/revisions\/2112"}],"wp:attachment":[{"href":"https:\/\/unitek-crossheads.com\/de\/wp-json\/wp\/v2\/media?parent=41"}],"curies":[{"name":"wp","href":"https:\/\/api.w.org\/{rel}","templated":true}]}}