{"id":2020,"date":"2024-12-12T10:47:38","date_gmt":"2024-12-12T09:47:38","guid":{"rendered":"https:\/\/unitek-crossheads.com\/?page_id=2020"},"modified":"2025-11-12T08:58:15","modified_gmt":"2025-11-12T07:58:15","slug":"karriere","status":"publish","type":"page","link":"https:\/\/unitek-crossheads.com\/de\/karriere\/","title":{"rendered":"Karriere"},"content":{"rendered":"<p>UNITEK ist ein weltweit fu\u0308hrender Anbieter von Querspritzk\u00f6pfen fu\u0308r die Draht- und Kabelindustrie. Diese Extrusionswerkzeuge kommen weltweit bei den namhaftesten Herstellern zum Einsatz.  Unser Exportanteil liegt bei ca. 98%.<\/p>\n\n\n\n<p>Wir suchen immer wieder Verst\u00e4rkung f\u00fcr unser Team am Standort Wien, angefangen vom Vertriebsinnen- und au\u00dfendienst, \u00fcber unsere CAD-Konstruktionsabteilung bis hin zu CNC-Profis. Sie erhalten bei uns eine umfassende Einschulung an den Produkten und Prozessen, wo Sie von erfahrenen Kollegen begleitet oder \u00fcber externe Weiterbildungsma\u00dfnahmen f\u00fcr Ihr Arbeitsumfeld geschult werden. Als eigent\u00fcmergef\u00fchrtes Kleinunternehmen, bieten wir Ihnen einen Arbeitsplatz in einem famili\u00e4ren &amp; wertsch\u00e4tzenden Umfeld, wo flexible Arbeitszeiten &amp; Teilzeitmodelle gelebt werden.<\/p>\n\n\n\n<p>Wir haben auch jedes Jahr im Sommer eine begrenzte Zahl an Praktikumspl\u00e4tzen, die wir vorrangig f\u00fcr HTL-Sch\u00fcler reservieren! <\/p>\n\n\n\n<div class=\"wp-block-essential-blocks-text  root-eb-text-pm2pp\"><div class=\"eb-parent-wrapper eb-parent-eb-text-pm2pp\"><div class=\"eb-text-wrapper eb-text-pm2pp\" data-id=\"eb-text-pm2pp\"><p class=\"eb-text\">Sie wollen Teil unseres Teams werden und bringen folgende Qualifikationen mit?<\/p><\/div><\/div><\/div>\n\n\n\n<ul class=\"wp-block-list\">\n<li>grundlegendes technisches Verst\u00e4ndnis<\/li>\n\n\n\n<li>gute Englischkenntnisse in Wort und Schrift<\/li>\n\n\n\n<li>Teamgeist<\/li>\n<\/ul>\n\n\n\n<p>Dann schicken Sie uns einfach eine Initiativbewerbung an <a href=\"mailto:office@unitek-crossheads.com\">office@unitek-crossheads.com<\/a><\/p>\n\n\n\n<p>Folgende Stellen sind im Moment offen:<\/p>\n\n\n\n<div class=\"wp-block-essential-blocks-text  root-eb-text-0oh5s\"><div class=\"eb-parent-wrapper eb-parent-eb-text-0oh5s\"><div class=\"eb-text-wrapper eb-text-0oh5s\" data-id=\"eb-text-0oh5s\"><p class=\"eb-text\"><\/p><\/div><\/div><\/div>\n\n\n\n<div style=\"height:107px\" aria-hidden=\"true\" class=\"wp-block-spacer\"><\/div>","protected":false},"excerpt":{"rendered":"<p>UNITEK ist ein weltweit fu\u0308hrender Anbieter von Querspritzk\u00f6pfen fu\u0308r die Draht- und Kabelindustrie. Diese Extrusionswerkzeuge kommen weltweit bei den namhaftesten Herstellern zum Einsatz. Unser Exportanteil liegt bei ca. 98%. Wir suchen immer wieder Verst\u00e4rkung f\u00fcr unser Team am Standort Wien, angefangen vom Vertriebsinnen- und au\u00dfendienst, \u00fcber unsere CAD-Konstruktionsabteilung bis hin zu CNC-Profis. Sie erhalten bei &#8230; <a title=\"Karriere\" class=\"read-more\" href=\"https:\/\/unitek-crossheads.com\/de\/karriere\/\" aria-label=\"Read more about Karriere\">Weiterlesen<\/a><\/p>","protected":false},"author":1,"featured_media":0,"parent":0,"menu_order":0,"comment_status":"closed","ping_status":"closed","template":"","meta":{"_eb_attr":"","_uag_custom_page_level_css":"","iawp_total_views":1383,"footnotes":""},"class_list":["post-2020","page","type-page","status-publish"],"featured_image_src":null,"yoast_head":"<!-- This site is optimized with the Yoast SEO plugin v27.1.1 - https:\/\/yoast.com\/product\/yoast-seo-wordpress\/ -->\n<title>Karriere - UNITEK<\/title>\n<meta name=\"description\" content=\"Offene Stellen bei Unitek GmbH\" \/>\n<meta name=\"robots\" content=\"index, follow, max-snippet:-1, max-image-preview:large, max-video-preview:-1\" \/>\n<link rel=\"canonical\" href=\"https:\/\/unitek-crossheads.com\/de\/karriere\/\" \/>\n<meta property=\"og:locale\" content=\"de_DE\" \/>\n<meta property=\"og:type\" content=\"article\" \/>\n<meta property=\"og:title\" content=\"Karriere - UNITEK\" \/>\n<meta property=\"og:description\" content=\"Offene Stellen bei Unitek GmbH\" \/>\n<meta property=\"og:url\" content=\"https:\/\/unitek-crossheads.com\/de\/karriere\/\" \/>\n<meta property=\"og:site_name\" content=\"UNITEK\" \/>\n<meta property=\"article:modified_time\" content=\"2025-11-12T07:58:15+00:00\" \/>\n<meta name=\"twitter:card\" content=\"summary_large_image\" \/>\n<meta name=\"twitter:label1\" content=\"Gesch\u00e4tzte Lesezeit\" \/>\n\t<meta name=\"twitter:data1\" content=\"1 Minute\" \/>\n<script type=\"application\/ld+json\" class=\"yoast-schema-graph\">{\"@context\":\"https:\/\/schema.org\",\"@graph\":[{\"@type\":\"WebPage\",\"@id\":\"https:\/\/unitek-crossheads.com\/karriere\/\",\"url\":\"https:\/\/unitek-crossheads.com\/karriere\/\",\"name\":\"Karriere - UNITEK\",\"isPartOf\":{\"@id\":\"https:\/\/unitek-crossheads.com\/#website\"},\"datePublished\":\"2024-12-12T09:47:38+00:00\",\"dateModified\":\"2025-11-12T07:58:15+00:00\",\"description\":\"Offene Stellen bei Unitek GmbH\",\"breadcrumb\":{\"@id\":\"https:\/\/unitek-crossheads.com\/karriere\/#breadcrumb\"},\"inLanguage\":\"de-AT\",\"potentialAction\":[{\"@type\":\"ReadAction\",\"target\":[\"https:\/\/unitek-crossheads.com\/karriere\/\"]}]},{\"@type\":\"BreadcrumbList\",\"@id\":\"https:\/\/unitek-crossheads.com\/karriere\/#breadcrumb\",\"itemListElement\":[{\"@type\":\"ListItem\",\"position\":1,\"name\":\"Home\",\"item\":\"https:\/\/unitek-crossheads.com\/\"},{\"@type\":\"ListItem\",\"position\":2,\"name\":\"Karriere\"}]},{\"@type\":\"WebSite\",\"@id\":\"https:\/\/unitek-crossheads.com\/#website\",\"url\":\"https:\/\/unitek-crossheads.com\/\",\"name\":\"UNITEK\",\"description\":\"Crossheads for the cable industry\",\"publisher\":{\"@id\":\"https:\/\/unitek-crossheads.com\/#organization\"},\"potentialAction\":[{\"@type\":\"SearchAction\",\"target\":{\"@type\":\"EntryPoint\",\"urlTemplate\":\"https:\/\/unitek-crossheads.com\/?s={search_term_string}\"},\"query-input\":{\"@type\":\"PropertyValueSpecification\",\"valueRequired\":true,\"valueName\":\"search_term_string\"}}],\"inLanguage\":\"de-AT\"},{\"@type\":\"Organization\",\"@id\":\"https:\/\/unitek-crossheads.com\/#organization\",\"name\":\"UNITEK\",\"url\":\"https:\/\/unitek-crossheads.com\/\",\"logo\":{\"@type\":\"ImageObject\",\"inLanguage\":\"de-AT\",\"@id\":\"https:\/\/unitek-crossheads.com\/#\/schema\/logo\/image\/\",\"url\":\"https:\/\/unitek-crossheads.com\/wp-content\/uploads\/unitek-crossheads-manifucturer.png\",\"contentUrl\":\"https:\/\/unitek-crossheads.com\/wp-content\/uploads\/unitek-crossheads-manifucturer.png\",\"width\":280,\"height\":85,\"caption\":\"UNITEK\"},\"image\":{\"@id\":\"https:\/\/unitek-crossheads.com\/#\/schema\/logo\/image\/\"},\"sameAs\":[\"https:\/\/www.linkedin.com\/company\/unitek-at\/\",\"https:\/\/www.youtube.com\/@UnitekCrossheads\"]}]}<\/script>\n<!-- \/ Yoast SEO plugin. -->","yoast_head_json":{"title":"Karriere - UNITEK","description":"Offene Stellen bei Unitek GmbH","robots":{"index":"index","follow":"follow","max-snippet":"max-snippet:-1","max-image-preview":"max-image-preview:large","max-video-preview":"max-video-preview:-1"},"canonical":"https:\/\/unitek-crossheads.com\/de\/karriere\/","og_locale":"de_DE","og_type":"article","og_title":"Karriere - UNITEK","og_description":"Offene Stellen bei Unitek GmbH","og_url":"https:\/\/unitek-crossheads.com\/de\/karriere\/","og_site_name":"UNITEK","article_modified_time":"2025-11-12T07:58:15+00:00","twitter_card":"summary_large_image","twitter_misc":{"Gesch\u00e4tzte Lesezeit":"1 Minute"},"schema":{"@context":"https:\/\/schema.org","@graph":[{"@type":"WebPage","@id":"https:\/\/unitek-crossheads.com\/karriere\/","url":"https:\/\/unitek-crossheads.com\/karriere\/","name":"Karriere - UNITEK","isPartOf":{"@id":"https:\/\/unitek-crossheads.com\/#website"},"datePublished":"2024-12-12T09:47:38+00:00","dateModified":"2025-11-12T07:58:15+00:00","description":"Offene Stellen bei Unitek GmbH","breadcrumb":{"@id":"https:\/\/unitek-crossheads.com\/karriere\/#breadcrumb"},"inLanguage":"de-AT","potentialAction":[{"@type":"ReadAction","target":["https:\/\/unitek-crossheads.com\/karriere\/"]}]},{"@type":"BreadcrumbList","@id":"https:\/\/unitek-crossheads.com\/karriere\/#breadcrumb","itemListElement":[{"@type":"ListItem","position":1,"name":"Home","item":"https:\/\/unitek-crossheads.com\/"},{"@type":"ListItem","position":2,"name":"Karriere"}]},{"@type":"WebSite","@id":"https:\/\/unitek-crossheads.com\/#website","url":"https:\/\/unitek-crossheads.com\/","name":"UNITEK","description":"Crossheads for the cable industry","publisher":{"@id":"https:\/\/unitek-crossheads.com\/#organization"},"potentialAction":[{"@type":"SearchAction","target":{"@type":"EntryPoint","urlTemplate":"https:\/\/unitek-crossheads.com\/?s={search_term_string}"},"query-input":{"@type":"PropertyValueSpecification","valueRequired":true,"valueName":"search_term_string"}}],"inLanguage":"de-AT"},{"@type":"Organization","@id":"https:\/\/unitek-crossheads.com\/#organization","name":"UNITEK","url":"https:\/\/unitek-crossheads.com\/","logo":{"@type":"ImageObject","inLanguage":"de-AT","@id":"https:\/\/unitek-crossheads.com\/#\/schema\/logo\/image\/","url":"https:\/\/unitek-crossheads.com\/wp-content\/uploads\/unitek-crossheads-manifucturer.png","contentUrl":"https:\/\/unitek-crossheads.com\/wp-content\/uploads\/unitek-crossheads-manifucturer.png","width":280,"height":85,"caption":"UNITEK"},"image":{"@id":"https:\/\/unitek-crossheads.com\/#\/schema\/logo\/image\/"},"sameAs":["https:\/\/www.linkedin.com\/company\/unitek-at\/","https:\/\/www.youtube.com\/@UnitekCrossheads"]}]}},"uagb_featured_image_src":{"full":false,"thumbnail":false,"medium":false,"medium_large":false,"large":false,"1536x1536":false,"2048x2048":false,"trp-custom-language-flag":false},"uagb_author_info":{"display_name":"staging_dev","author_link":"https:\/\/unitek-crossheads.com\/de\/author\/staging_dev\/"},"uagb_comment_info":0,"uagb_excerpt":"UNITEK ist ein weltweit fu\u0308hrender Anbieter von Querspritzk\u00f6pfen fu\u0308r die Draht- und Kabelindustrie. Diese Extrusionswerkzeuge kommen weltweit bei den namhaftesten Herstellern zum Einsatz. Unser Exportanteil liegt bei ca. 98%. Wir suchen immer wieder Verst\u00e4rkung f\u00fcr unser Team am Standort Wien, angefangen vom Vertriebsinnen- und au\u00dfendienst, \u00fcber unsere CAD-Konstruktionsabteilung bis hin zu CNC-Profis. Sie erhalten bei&hellip;","_links":{"self":[{"href":"https:\/\/unitek-crossheads.com\/de\/wp-json\/wp\/v2\/pages\/2020","targetHints":{"allow":["GET"]}}],"collection":[{"href":"https:\/\/unitek-crossheads.com\/de\/wp-json\/wp\/v2\/pages"}],"about":[{"href":"https:\/\/unitek-crossheads.com\/de\/wp-json\/wp\/v2\/types\/page"}],"author":[{"embeddable":true,"href":"https:\/\/unitek-crossheads.com\/de\/wp-json\/wp\/v2\/users\/1"}],"replies":[{"embeddable":true,"href":"https:\/\/unitek-crossheads.com\/de\/wp-json\/wp\/v2\/comments?post=2020"}],"version-history":[{"count":7,"href":"https:\/\/unitek-crossheads.com\/de\/wp-json\/wp\/v2\/pages\/2020\/revisions"}],"predecessor-version":[{"id":2072,"href":"https:\/\/unitek-crossheads.com\/de\/wp-json\/wp\/v2\/pages\/2020\/revisions\/2072"}],"wp:attachment":[{"href":"https:\/\/unitek-crossheads.com\/de\/wp-json\/wp\/v2\/media?parent=2020"}],"curies":[{"name":"wp","href":"https:\/\/api.w.org\/{rel}","templated":true}]}}