{"id":1871,"date":"2024-03-14T17:03:44","date_gmt":"2024-03-14T16:03:44","guid":{"rendered":"https:\/\/staging.unitek.at\/?page_id=1871"},"modified":"2024-03-14T17:13:10","modified_gmt":"2024-03-14T16:13:10","slug":"services-consulting","status":"publish","type":"page","link":"https:\/\/unitek-crossheads.com\/de\/products\/services-consulting\/","title":{"rendered":"Consulting &amp; Dienstleistungen"},"content":{"rendered":"<section class=\"gb-container gb-container-713c0e7a\">\n\n<div class=\"wp-block-columns is-layout-flex wp-container-core-columns-is-layout-9d6595d7 wp-block-columns-is-layout-flex\">\n<div class=\"wp-block-column is-layout-flow wp-block-column-is-layout-flow\">\n<h3 class=\"wp-block-heading has-text-align-left\">Consulting &amp; Dienstleistungen<\/h3>\n\n\n\n<p class=\"has-text-align-left translation-block\">Wir besch\u00e4ftigen uns seit mehr als 40 Jahren mit Extrusionsprozessen und beraten unsere Kunden immer wieder gerne \u00fcber Optimierungsm\u00f6glichkeiten. Eine Um- oder Aufr\u00fcstung von bestehenden Extrusionslinien ist heutzutage eine effiziente &amp; ressourcenschonende M\u00f6glichkeit Ihre Anlage wieder auf den neuesten Stand der Technik zu bringen. Oft reichen auch schon kleine Modifikationen um sie f\u00fcr die n\u00e4chsten Jahre fit zu machen.<\/p>\n\n\n\n<p><\/p>\n<\/div>\n\n\n\n<div class=\"wp-block-column is-layout-flow wp-block-column-is-layout-flow\"><div class=\"wp-block-image image-shadow img\">\n<figure class=\"aligncenter size-full\"><img loading=\"lazy\" decoding=\"async\" width=\"962\" height=\"648\" src=\"https:\/\/unitek-crossheads.com\/wp-content\/uploads\/fixed-center-extrusion-crossheads.jpg\" alt=\"Fixed center extrusion crossheads\" class=\"wp-image-1204\" srcset=\"https:\/\/unitek-crossheads.com\/wp-content\/uploads\/fixed-center-extrusion-crossheads.jpg 962w, https:\/\/unitek-crossheads.com\/wp-content\/uploads\/fixed-center-extrusion-crossheads-300x202.jpg 300w, https:\/\/unitek-crossheads.com\/wp-content\/uploads\/fixed-center-extrusion-crossheads-768x517.jpg 768w\" sizes=\"auto, (max-width: 962px) 100vw, 962px\" \/><\/figure>\n<\/div><\/div>\n<\/div>\n\n\n\n<div style=\"height:26px\" aria-hidden=\"true\" class=\"wp-block-spacer\"><\/div>\n\n\n<div class=\"gb-container gb-container-88153a7a\">\n<div class=\"gb-container gb-container-8505dce1\">\n\n<p class=\"gb-headline gb-headline-144e2f24 gb-headline-text\"><strong><strong><strong>Upgrades<\/strong><\/strong><\/strong><\/p>\n\n\n\n<p class=\"has-text-align-left has-base-3-color has-text-color has-link-color wp-elements-7a051bf142af10f9a0ce334f098e739e translation-block\">Umr\u00fcsten &amp; Anpassen von bestehenden\nAnlagen<br>\nAufr\u00fcstung von bestehenden Anlagen<\/p>\n\n<\/div>\n\n<div class=\"gb-container gb-container-a6b9bbd4\">\n\n<p class=\"gb-headline gb-headline-b462b575 gb-headline-text\"><strong><strong><strong><strong>Consulting<\/strong><\/strong><\/strong><\/strong><\/p>\n\n\n\n<p class=\"has-text-align-left\">Prozessanpassungen<br>Optimierung der Verfahrenstechnik<\/p>\n\n<\/div>\n\n<div class=\"gb-container gb-container-7f0c728a\">\n\n<p class=\"gb-headline gb-headline-acaa708d gb-headline-text\"><strong><strong><strong>Other services<\/strong><\/strong><\/strong><\/p>\n\n\n\n<p class=\"has-text-align-left has-base-3-color has-text-color has-link-color wp-elements-4603c6a5035a715dd6114d55f3965bf2\">Kundenspezifische Konstruktionen<br>Lohnfertigung im Bereich Extrusionstechnik<br>Reinigung von Kunststofformen<\/p>\n\n<\/div>\n<\/div>\n\n\n<div style=\"height:33px\" aria-hidden=\"true\" class=\"wp-block-spacer\"><\/div>\n\n\n\n<p class=\"has-text-align-left\">Mit unserem Netz an erfahrenen Extrusionsexperten, k\u00f6nnen wir Ihnen auf Sie zugeschnittene Konzepte anbieten, die mit einer genauen Analyse des IST-Zustandes beginnen &amp; \u00fcber die Ausarbeitung von Konzepten bis hin zur Umsetzung reichen. Durch die enge Zusammenarbeit mit Forschungseinrichtungen im Bereich der Kunststofftechnik, haben wir die M\u00f6glichkeit spezifische Untersuchungen an Kunststoffen zu machen bzw. gewisse Einflussfaktoren zu simulieren. Ob eine neue Schneckengeometrie, die Anpassung der Durchmesser oder einfach nur eine verbesserte Verteilung auf der Pinole - nichts ist unm\u00f6glich! Unsere Anwendungstechniker beraten Sie gerne \u00fcber die Optimierungsm\u00f6glichkeiten &amp; stellen Ihnen Referenzprojekte vor.<\/p>\n\n\n\n<div style=\"height:33px\" aria-hidden=\"true\" class=\"wp-block-spacer\"><\/div>\n\n\n\n<div class=\"wp-block-columns is-layout-flex wp-container-core-columns-is-layout-9d6595d7 wp-block-columns-is-layout-flex\">\n<div class=\"wp-block-column is-layout-flow wp-block-column-is-layout-flow\">\n<a class=\"gb-button gb-button-6a5678ce gb-button-text\" href=\"https:\/\/unitek-crossheads.com\/de\/contact\/\">Kontakt<\/a>\n<\/div>\n\n\n\n<div class=\"wp-block-column is-layout-flow wp-block-column-is-layout-flow\">\n<a class=\"gb-button gb-button-75a5b5e1 gb-button-text\" href=\"https:\/\/unitek-crossheads.com\/wp-content\/uploads\/unitek-product-overview.pdf\">Download Produkt Folder (PDF)<\/a>\n<\/div>\n<\/div>\n\n\n\n<p><\/p>\n\n\n\n<div style=\"height:115px\" aria-hidden=\"true\" class=\"wp-block-spacer\"><\/div>\n\n<\/section>","protected":false},"excerpt":{"rendered":"<p>Services &amp; Consulting We are successfully working in the cable extrusion for more than 40 years and we are glad to share this knowledge with you! You are planning a new extrusion line? Or do you simply want to upgrade your existing one? Please contact our engineering team. With our network of partners we are &#8230; <a title=\"Services &amp; Consulting\" class=\"read-more\" href=\"https:\/\/unitek-crossheads.com\/de\/products\/services-consulting\/\" aria-label=\"Read more about Services &amp; Consulting\">Weiterlesen<\/a><\/p>","protected":false},"author":1,"featured_media":1204,"parent":31,"menu_order":0,"comment_status":"closed","ping_status":"closed","template":"","meta":{"_eb_attr":"","_uag_custom_page_level_css":"","iawp_total_views":182,"footnotes":""},"class_list":["post-1871","page","type-page","status-publish","has-post-thumbnail"],"featured_image_src":"https:\/\/unitek-crossheads.com\/wp-content\/uploads\/fixed-center-extrusion-crossheads.jpg","yoast_head":"<!-- This site is optimized with the Yoast SEO plugin v27.1.1 - https:\/\/yoast.com\/product\/yoast-seo-wordpress\/ -->\n<title>Services &amp; Consulting - UNITEK<\/title>\n<meta name=\"robots\" content=\"index, follow, max-snippet:-1, max-image-preview:large, max-video-preview:-1\" \/>\n<link rel=\"canonical\" href=\"https:\/\/unitek-crossheads.com\/de\/products\/services-consulting\/\" \/>\n<meta property=\"og:locale\" content=\"de_DE\" \/>\n<meta property=\"og:type\" content=\"article\" \/>\n<meta property=\"og:title\" content=\"Services &amp; Consulting - UNITEK\" \/>\n<meta property=\"og:description\" content=\"Services &amp; Consulting We are successfully working in the cable extrusion for more than 40 years and we are glad to share this knowledge with you! You are planning a new extrusion line? Or do you simply want to upgrade your existing one? Please contact our engineering team. With our network of partners we are ... Read more\" \/>\n<meta property=\"og:url\" content=\"https:\/\/unitek-crossheads.com\/de\/products\/services-consulting\/\" \/>\n<meta property=\"og:site_name\" content=\"UNITEK\" \/>\n<meta property=\"article:modified_time\" content=\"2024-03-14T16:13:10+00:00\" \/>\n<meta property=\"og:image\" content=\"https:\/\/unitek-crossheads.com\/wp-content\/uploads\/fixed-center-extrusion-crossheads.jpg\" \/>\n\t<meta property=\"og:image:width\" content=\"962\" \/>\n\t<meta property=\"og:image:height\" content=\"648\" \/>\n\t<meta property=\"og:image:type\" content=\"image\/jpeg\" \/>\n<meta name=\"twitter:card\" content=\"summary_large_image\" \/>\n<meta name=\"twitter:label1\" content=\"Gesch\u00e4tzte Lesezeit\" \/>\n\t<meta name=\"twitter:data1\" content=\"1 Minute\" \/>\n<script type=\"application\/ld+json\" class=\"yoast-schema-graph\">{\"@context\":\"https:\/\/schema.org\",\"@graph\":[{\"@type\":\"WebPage\",\"@id\":\"https:\/\/unitek-crossheads.com\/products\/services-consulting\/\",\"url\":\"https:\/\/unitek-crossheads.com\/products\/services-consulting\/\",\"name\":\"Services &amp; Consulting - UNITEK\",\"isPartOf\":{\"@id\":\"https:\/\/unitek-crossheads.com\/#website\"},\"primaryImageOfPage\":{\"@id\":\"https:\/\/unitek-crossheads.com\/products\/services-consulting\/#primaryimage\"},\"image\":{\"@id\":\"https:\/\/unitek-crossheads.com\/products\/services-consulting\/#primaryimage\"},\"thumbnailUrl\":\"https:\/\/unitek-crossheads.com\/wp-content\/uploads\/fixed-center-extrusion-crossheads.jpg\",\"datePublished\":\"2024-03-14T16:03:44+00:00\",\"dateModified\":\"2024-03-14T16:13:10+00:00\",\"breadcrumb\":{\"@id\":\"https:\/\/unitek-crossheads.com\/products\/services-consulting\/#breadcrumb\"},\"inLanguage\":\"de-AT\",\"potentialAction\":[{\"@type\":\"ReadAction\",\"target\":[\"https:\/\/unitek-crossheads.com\/products\/services-consulting\/\"]}]},{\"@type\":\"ImageObject\",\"inLanguage\":\"de-AT\",\"@id\":\"https:\/\/unitek-crossheads.com\/products\/services-consulting\/#primaryimage\",\"url\":\"https:\/\/unitek-crossheads.com\/wp-content\/uploads\/fixed-center-extrusion-crossheads.jpg\",\"contentUrl\":\"https:\/\/unitek-crossheads.com\/wp-content\/uploads\/fixed-center-extrusion-crossheads.jpg\",\"width\":962,\"height\":648,\"caption\":\"Fixed center extrusion crossheads\"},{\"@type\":\"BreadcrumbList\",\"@id\":\"https:\/\/unitek-crossheads.com\/products\/services-consulting\/#breadcrumb\",\"itemListElement\":[{\"@type\":\"ListItem\",\"position\":1,\"name\":\"Home\",\"item\":\"https:\/\/unitek-crossheads.com\/\"},{\"@type\":\"ListItem\",\"position\":2,\"name\":\"Products &#038; Applications\",\"item\":\"https:\/\/unitek-crossheads.com\/products\/\"},{\"@type\":\"ListItem\",\"position\":3,\"name\":\"Services &amp; Consulting\"}]},{\"@type\":\"WebSite\",\"@id\":\"https:\/\/unitek-crossheads.com\/#website\",\"url\":\"https:\/\/unitek-crossheads.com\/\",\"name\":\"UNITEK\",\"description\":\"Crossheads for the cable industry\",\"publisher\":{\"@id\":\"https:\/\/unitek-crossheads.com\/#organization\"},\"potentialAction\":[{\"@type\":\"SearchAction\",\"target\":{\"@type\":\"EntryPoint\",\"urlTemplate\":\"https:\/\/unitek-crossheads.com\/?s={search_term_string}\"},\"query-input\":{\"@type\":\"PropertyValueSpecification\",\"valueRequired\":true,\"valueName\":\"search_term_string\"}}],\"inLanguage\":\"de-AT\"},{\"@type\":\"Organization\",\"@id\":\"https:\/\/unitek-crossheads.com\/#organization\",\"name\":\"UNITEK\",\"url\":\"https:\/\/unitek-crossheads.com\/\",\"logo\":{\"@type\":\"ImageObject\",\"inLanguage\":\"de-AT\",\"@id\":\"https:\/\/unitek-crossheads.com\/#\/schema\/logo\/image\/\",\"url\":\"https:\/\/unitek-crossheads.com\/wp-content\/uploads\/unitek-crossheads-manifucturer.png\",\"contentUrl\":\"https:\/\/unitek-crossheads.com\/wp-content\/uploads\/unitek-crossheads-manifucturer.png\",\"width\":280,\"height\":85,\"caption\":\"UNITEK\"},\"image\":{\"@id\":\"https:\/\/unitek-crossheads.com\/#\/schema\/logo\/image\/\"},\"sameAs\":[\"https:\/\/www.linkedin.com\/company\/unitek-at\/\",\"https:\/\/www.youtube.com\/@UnitekCrossheads\"]}]}<\/script>\n<!-- \/ Yoast SEO plugin. -->","yoast_head_json":{"title":"Services &amp; Consulting - UNITEK","robots":{"index":"index","follow":"follow","max-snippet":"max-snippet:-1","max-image-preview":"max-image-preview:large","max-video-preview":"max-video-preview:-1"},"canonical":"https:\/\/unitek-crossheads.com\/de\/products\/services-consulting\/","og_locale":"de_DE","og_type":"article","og_title":"Services &amp; Consulting - UNITEK","og_description":"Services &amp; Consulting We are successfully working in the cable extrusion for more than 40 years and we are glad to share this knowledge with you! You are planning a new extrusion line? Or do you simply want to upgrade your existing one? Please contact our engineering team. With our network of partners we are ... Read more","og_url":"https:\/\/unitek-crossheads.com\/de\/products\/services-consulting\/","og_site_name":"UNITEK","article_modified_time":"2024-03-14T16:13:10+00:00","og_image":[{"width":962,"height":648,"url":"https:\/\/unitek-crossheads.com\/wp-content\/uploads\/fixed-center-extrusion-crossheads.jpg","type":"image\/jpeg"}],"twitter_card":"summary_large_image","twitter_misc":{"Gesch\u00e4tzte Lesezeit":"1 Minute"},"schema":{"@context":"https:\/\/schema.org","@graph":[{"@type":"WebPage","@id":"https:\/\/unitek-crossheads.com\/products\/services-consulting\/","url":"https:\/\/unitek-crossheads.com\/products\/services-consulting\/","name":"Services &amp; Consulting - UNITEK","isPartOf":{"@id":"https:\/\/unitek-crossheads.com\/#website"},"primaryImageOfPage":{"@id":"https:\/\/unitek-crossheads.com\/products\/services-consulting\/#primaryimage"},"image":{"@id":"https:\/\/unitek-crossheads.com\/products\/services-consulting\/#primaryimage"},"thumbnailUrl":"https:\/\/unitek-crossheads.com\/wp-content\/uploads\/fixed-center-extrusion-crossheads.jpg","datePublished":"2024-03-14T16:03:44+00:00","dateModified":"2024-03-14T16:13:10+00:00","breadcrumb":{"@id":"https:\/\/unitek-crossheads.com\/products\/services-consulting\/#breadcrumb"},"inLanguage":"de-AT","potentialAction":[{"@type":"ReadAction","target":["https:\/\/unitek-crossheads.com\/products\/services-consulting\/"]}]},{"@type":"ImageObject","inLanguage":"de-AT","@id":"https:\/\/unitek-crossheads.com\/products\/services-consulting\/#primaryimage","url":"https:\/\/unitek-crossheads.com\/wp-content\/uploads\/fixed-center-extrusion-crossheads.jpg","contentUrl":"https:\/\/unitek-crossheads.com\/wp-content\/uploads\/fixed-center-extrusion-crossheads.jpg","width":962,"height":648,"caption":"Fixed center extrusion crossheads"},{"@type":"BreadcrumbList","@id":"https:\/\/unitek-crossheads.com\/products\/services-consulting\/#breadcrumb","itemListElement":[{"@type":"ListItem","position":1,"name":"Home","item":"https:\/\/unitek-crossheads.com\/"},{"@type":"ListItem","position":2,"name":"Products &#038; Applications","item":"https:\/\/unitek-crossheads.com\/products\/"},{"@type":"ListItem","position":3,"name":"Services &amp; Consulting"}]},{"@type":"WebSite","@id":"https:\/\/unitek-crossheads.com\/#website","url":"https:\/\/unitek-crossheads.com\/","name":"UNITEK","description":"Crossheads for the cable industry","publisher":{"@id":"https:\/\/unitek-crossheads.com\/#organization"},"potentialAction":[{"@type":"SearchAction","target":{"@type":"EntryPoint","urlTemplate":"https:\/\/unitek-crossheads.com\/?s={search_term_string}"},"query-input":{"@type":"PropertyValueSpecification","valueRequired":true,"valueName":"search_term_string"}}],"inLanguage":"de-AT"},{"@type":"Organization","@id":"https:\/\/unitek-crossheads.com\/#organization","name":"UNITEK","url":"https:\/\/unitek-crossheads.com\/","logo":{"@type":"ImageObject","inLanguage":"de-AT","@id":"https:\/\/unitek-crossheads.com\/#\/schema\/logo\/image\/","url":"https:\/\/unitek-crossheads.com\/wp-content\/uploads\/unitek-crossheads-manifucturer.png","contentUrl":"https:\/\/unitek-crossheads.com\/wp-content\/uploads\/unitek-crossheads-manifucturer.png","width":280,"height":85,"caption":"UNITEK"},"image":{"@id":"https:\/\/unitek-crossheads.com\/#\/schema\/logo\/image\/"},"sameAs":["https:\/\/www.linkedin.com\/company\/unitek-at\/","https:\/\/www.youtube.com\/@UnitekCrossheads"]}]}},"uagb_featured_image_src":{"full":["https:\/\/unitek-crossheads.com\/wp-content\/uploads\/fixed-center-extrusion-crossheads.jpg",962,648,false],"thumbnail":["https:\/\/unitek-crossheads.com\/wp-content\/uploads\/fixed-center-extrusion-crossheads-150x150.jpg",150,150,true],"medium":["https:\/\/unitek-crossheads.com\/wp-content\/uploads\/fixed-center-extrusion-crossheads-300x202.jpg",300,202,true],"medium_large":["https:\/\/unitek-crossheads.com\/wp-content\/uploads\/fixed-center-extrusion-crossheads-768x517.jpg",768,517,true],"large":["https:\/\/unitek-crossheads.com\/wp-content\/uploads\/fixed-center-extrusion-crossheads.jpg",962,648,false],"1536x1536":["https:\/\/unitek-crossheads.com\/wp-content\/uploads\/fixed-center-extrusion-crossheads.jpg",962,648,false],"2048x2048":["https:\/\/unitek-crossheads.com\/wp-content\/uploads\/fixed-center-extrusion-crossheads.jpg",962,648,false],"trp-custom-language-flag":["https:\/\/unitek-crossheads.com\/wp-content\/uploads\/fixed-center-extrusion-crossheads.jpg",18,12,false]},"uagb_author_info":{"display_name":"staging_dev","author_link":"https:\/\/unitek-crossheads.com\/de\/author\/staging_dev\/"},"uagb_comment_info":0,"uagb_excerpt":"Services &amp; Consulting We are successfully working in the cable extrusion for more than 40 years and we are glad to share this knowledge with you! You are planning a new extrusion line? Or do you simply want to upgrade your existing one? Please contact our engineering team. With our network of partners we are&hellip;","_links":{"self":[{"href":"https:\/\/unitek-crossheads.com\/de\/wp-json\/wp\/v2\/pages\/1871","targetHints":{"allow":["GET"]}}],"collection":[{"href":"https:\/\/unitek-crossheads.com\/de\/wp-json\/wp\/v2\/pages"}],"about":[{"href":"https:\/\/unitek-crossheads.com\/de\/wp-json\/wp\/v2\/types\/page"}],"author":[{"embeddable":true,"href":"https:\/\/unitek-crossheads.com\/de\/wp-json\/wp\/v2\/users\/1"}],"replies":[{"embeddable":true,"href":"https:\/\/unitek-crossheads.com\/de\/wp-json\/wp\/v2\/comments?post=1871"}],"version-history":[{"count":0,"href":"https:\/\/unitek-crossheads.com\/de\/wp-json\/wp\/v2\/pages\/1871\/revisions"}],"up":[{"embeddable":true,"href":"https:\/\/unitek-crossheads.com\/de\/wp-json\/wp\/v2\/pages\/31"}],"wp:featuredmedia":[{"embeddable":true,"href":"https:\/\/unitek-crossheads.com\/de\/wp-json\/wp\/v2\/media\/1204"}],"wp:attachment":[{"href":"https:\/\/unitek-crossheads.com\/de\/wp-json\/wp\/v2\/media?parent=1871"}],"curies":[{"name":"wp","href":"https:\/\/api.w.org\/{rel}","templated":true}]}}