{"id":1742,"date":"2024-03-11T15:15:43","date_gmt":"2024-03-11T14:15:43","guid":{"rendered":"https:\/\/staging.unitek.at\/?page_id=1742"},"modified":"2024-03-11T15:31:42","modified_gmt":"2024-03-11T14:31:42","slug":"a-test-page","status":"publish","type":"page","link":"https:\/\/unitek-crossheads.com\/de\/a-test-page\/","title":{"rendered":"A Test Page"},"content":{"rendered":"<div class=\"gb-container gb-container-510ba7cf alignfull\">\n<div class=\"gb-container gb-container-db4e6450\">\n\n<h1 class=\"gb-headline gb-headline-913083f2 gb-headline-text\">Page title<\/h1>\n\n\n<div class=\"gb-container gb-container-f3943ae9\">\n\n<h2 class=\"gb-headline gb-headline-2631b7bd\"><span class=\"gb-icon\"><svg xml:space=\"preserve\" style=\"enable-background:new 0 0 512 512;\" viewbox=\"0 0 512 512\" y=\"0px\" x=\"0px\" xmlns:xlink=\"http:\/\/www.w3.org\/1999\/xlink\" xmlns=\"http:\/\/www.w3.org\/2000\/svg\" id=\"Layer_1\" version=\"1.1\"> <g> \t<g> \t\t<path d=\"M452.028,222.199C447.087,131.883,361.062,59.733,256,59.733S64.913,131.883,59.972,222.199 \t\t\tC25.745,224.683,0,242.372,0,264.533v34.133c0,23.927,29.986,42.667,68.267,42.667c4.719,0,8.533-3.814,8.533-8.533V230.4 \t\t\tc0-84.693,80.393-153.6,179.2-153.6s179.2,68.907,179.2,153.6v98.867l-20.599,20.599h-17.664 \t\t\tc8.115-20.659,12.664-43.401,12.664-67.32c0-93.585-68.907-169.719-153.6-169.719s-153.6,76.134-153.6,169.719 \t\t\tS171.307,452.267,256,452.267c56.883,0,106.53-34.423,133.077-85.333h29.056c2.27,0,4.437-0.896,6.033-2.5l23.159-23.159 \t\t\tc36.548-1.126,64.674-19.43,64.674-42.607v-34.133C512,242.372,486.255,224.683,452.028,222.199z M378.351,349.875h-79.684 \t\t\tc0-14.114-11.486-25.6-25.6-25.6h-34.133c-14.114,0-25.6,11.486-25.6,25.6v17.067c0,14.114,11.486,25.6,25.6,25.6h34.133 \t\t\tc14.114,0,25.6-11.486,25.6-25.6h71.014C345.19,408.038,303.394,435.2,256,435.2c-75.281,0-136.533-68.471-136.533-152.653 \t\t\tS180.719,129.903,256,129.903s136.533,68.471,136.533,152.653C392.533,306.739,387.345,329.532,378.351,349.875z\"><\/path> \t<\/g> <\/g> <g> <\/g> <g> <\/g> <g> <\/g> <g> <\/g> <g> <\/g> <g> <\/g> <g> <\/g> <g> <\/g> <g> <\/g> <g> <\/g> <g> <\/g> <g> <\/g> <g> <\/g> <g> <\/g> <g> <\/g> <\/svg><\/span><\/h2>\n\n\n<div class=\"gb-container gb-container-c26bb965\">\n\n<p class=\"gb-headline gb-headline-95d8a367 gb-headline-text\">Interested? Call us<\/p>\n\n\n\n<p class=\"gb-headline gb-headline-e0ef44f8 gb-headline-text\"><a href=\"tel:\u202d+4367767705555\u202c\">\u202d+43 677 67705555\u202c<\/a><\/p>\n\n<\/div>\n<\/div>\n<\/div>\n<\/div>\n\n\n<p><\/p>\n\n\n<div class=\"gb-container gb-container-5e7900b7\">\n<div class=\"gb-container gb-container-affa6c2c\">\n<div class=\"gb-container gb-container-a2467711\">\n<div class=\"wp-block-image\">\n<figure class=\"aligncenter size-full\"><img loading=\"lazy\" decoding=\"async\" width=\"280\" height=\"85\" src=\"https:\/\/unitek-crossheads.com\/wp-content\/uploads\/unitek-crossheads.png\" alt=\"Unitek Crossheads\" class=\"wp-image-1196\"\/><\/figure>\n<\/div>\n\n\n<h1 class=\"gb-headline gb-headline-c9921374 gb-headline-text\" id=\"0-crossheads-for-the-cable-industry\">Querspritzk\u00f6pfe und Zubeh\u00f6r f\u00fcr die Kabelindustrie<\/h1>\n\n<\/div>\n<\/div>\n<\/div>","protected":false},"excerpt":{"rendered":"<p>Page title Interested? Call us \u202d+43 677 67705555\u202c Crossheads | Extrusion Equipement | Consulting<\/p>","protected":false},"author":1,"featured_media":0,"parent":0,"menu_order":0,"comment_status":"closed","ping_status":"closed","template":"","meta":{"_eb_attr":"","_uag_custom_page_level_css":"","iawp_total_views":3,"footnotes":""},"class_list":["post-1742","page","type-page","status-publish"],"featured_image_src":null,"yoast_head":"<!-- This site is optimized with the Yoast SEO plugin v27.1.1 - https:\/\/yoast.com\/product\/yoast-seo-wordpress\/ -->\n<title>A Test Page - UNITEK<\/title>\n<meta name=\"robots\" content=\"index, follow, max-snippet:-1, max-image-preview:large, max-video-preview:-1\" \/>\n<link rel=\"canonical\" href=\"https:\/\/unitek-crossheads.com\/de\/a-test-page\/\" \/>\n<meta property=\"og:locale\" content=\"de_DE\" \/>\n<meta property=\"og:type\" content=\"article\" \/>\n<meta property=\"og:title\" content=\"A Test Page - UNITEK\" \/>\n<meta property=\"og:description\" content=\"Page title Interested? Call us \u202d+43 677 67705555\u202c Crossheads | Extrusion Equipement | Consulting\" \/>\n<meta property=\"og:url\" content=\"https:\/\/unitek-crossheads.com\/de\/a-test-page\/\" \/>\n<meta property=\"og:site_name\" content=\"UNITEK\" \/>\n<meta property=\"article:modified_time\" content=\"2024-03-11T14:31:42+00:00\" \/>\n<meta property=\"og:image\" content=\"https:\/\/unitek-crossheads.com\/wp-content\/uploads\/unitek-crossheads.png\" \/>\n<meta name=\"twitter:card\" content=\"summary_large_image\" \/>\n<script type=\"application\/ld+json\" class=\"yoast-schema-graph\">{\"@context\":\"https:\/\/schema.org\",\"@graph\":[{\"@type\":\"WebPage\",\"@id\":\"https:\/\/unitek-crossheads.com\/a-test-page\/\",\"url\":\"https:\/\/unitek-crossheads.com\/a-test-page\/\",\"name\":\"A Test Page - UNITEK\",\"isPartOf\":{\"@id\":\"https:\/\/unitek-crossheads.com\/#website\"},\"primaryImageOfPage\":{\"@id\":\"https:\/\/unitek-crossheads.com\/a-test-page\/#primaryimage\"},\"image\":{\"@id\":\"https:\/\/unitek-crossheads.com\/a-test-page\/#primaryimage\"},\"thumbnailUrl\":\"https:\/\/unitek-crossheads.com\/wp-content\/uploads\/unitek-crossheads.png\",\"datePublished\":\"2024-03-11T14:15:43+00:00\",\"dateModified\":\"2024-03-11T14:31:42+00:00\",\"breadcrumb\":{\"@id\":\"https:\/\/unitek-crossheads.com\/a-test-page\/#breadcrumb\"},\"inLanguage\":\"de-AT\",\"potentialAction\":[{\"@type\":\"ReadAction\",\"target\":[\"https:\/\/unitek-crossheads.com\/a-test-page\/\"]}]},{\"@type\":\"ImageObject\",\"inLanguage\":\"de-AT\",\"@id\":\"https:\/\/unitek-crossheads.com\/a-test-page\/#primaryimage\",\"url\":\"https:\/\/unitek-crossheads.com\/wp-content\/uploads\/unitek-crossheads.png\",\"contentUrl\":\"https:\/\/unitek-crossheads.com\/wp-content\/uploads\/unitek-crossheads.png\"},{\"@type\":\"BreadcrumbList\",\"@id\":\"https:\/\/unitek-crossheads.com\/a-test-page\/#breadcrumb\",\"itemListElement\":[{\"@type\":\"ListItem\",\"position\":1,\"name\":\"Home\",\"item\":\"https:\/\/unitek-crossheads.com\/\"},{\"@type\":\"ListItem\",\"position\":2,\"name\":\"A Test Page\"}]},{\"@type\":\"WebSite\",\"@id\":\"https:\/\/unitek-crossheads.com\/#website\",\"url\":\"https:\/\/unitek-crossheads.com\/\",\"name\":\"UNITEK\",\"description\":\"Crossheads for the cable industry\",\"publisher\":{\"@id\":\"https:\/\/unitek-crossheads.com\/#organization\"},\"potentialAction\":[{\"@type\":\"SearchAction\",\"target\":{\"@type\":\"EntryPoint\",\"urlTemplate\":\"https:\/\/unitek-crossheads.com\/?s={search_term_string}\"},\"query-input\":{\"@type\":\"PropertyValueSpecification\",\"valueRequired\":true,\"valueName\":\"search_term_string\"}}],\"inLanguage\":\"de-AT\"},{\"@type\":\"Organization\",\"@id\":\"https:\/\/unitek-crossheads.com\/#organization\",\"name\":\"UNITEK\",\"url\":\"https:\/\/unitek-crossheads.com\/\",\"logo\":{\"@type\":\"ImageObject\",\"inLanguage\":\"de-AT\",\"@id\":\"https:\/\/unitek-crossheads.com\/#\/schema\/logo\/image\/\",\"url\":\"https:\/\/unitek-crossheads.com\/wp-content\/uploads\/unitek-crossheads-manifucturer.png\",\"contentUrl\":\"https:\/\/unitek-crossheads.com\/wp-content\/uploads\/unitek-crossheads-manifucturer.png\",\"width\":280,\"height\":85,\"caption\":\"UNITEK\"},\"image\":{\"@id\":\"https:\/\/unitek-crossheads.com\/#\/schema\/logo\/image\/\"},\"sameAs\":[\"https:\/\/www.linkedin.com\/company\/unitek-at\/\",\"https:\/\/www.youtube.com\/@UnitekCrossheads\"]}]}<\/script>\n<!-- \/ Yoast SEO plugin. -->","yoast_head_json":{"title":"A Test Page - UNITEK","robots":{"index":"index","follow":"follow","max-snippet":"max-snippet:-1","max-image-preview":"max-image-preview:large","max-video-preview":"max-video-preview:-1"},"canonical":"https:\/\/unitek-crossheads.com\/de\/a-test-page\/","og_locale":"de_DE","og_type":"article","og_title":"A Test Page - UNITEK","og_description":"Page title Interested? Call us \u202d+43 677 67705555\u202c Crossheads | Extrusion Equipement | Consulting","og_url":"https:\/\/unitek-crossheads.com\/de\/a-test-page\/","og_site_name":"UNITEK","article_modified_time":"2024-03-11T14:31:42+00:00","og_image":[{"url":"https:\/\/unitek-crossheads.com\/wp-content\/uploads\/unitek-crossheads.png","type":"","width":"","height":""}],"twitter_card":"summary_large_image","schema":{"@context":"https:\/\/schema.org","@graph":[{"@type":"WebPage","@id":"https:\/\/unitek-crossheads.com\/a-test-page\/","url":"https:\/\/unitek-crossheads.com\/a-test-page\/","name":"A Test Page - UNITEK","isPartOf":{"@id":"https:\/\/unitek-crossheads.com\/#website"},"primaryImageOfPage":{"@id":"https:\/\/unitek-crossheads.com\/a-test-page\/#primaryimage"},"image":{"@id":"https:\/\/unitek-crossheads.com\/a-test-page\/#primaryimage"},"thumbnailUrl":"https:\/\/unitek-crossheads.com\/wp-content\/uploads\/unitek-crossheads.png","datePublished":"2024-03-11T14:15:43+00:00","dateModified":"2024-03-11T14:31:42+00:00","breadcrumb":{"@id":"https:\/\/unitek-crossheads.com\/a-test-page\/#breadcrumb"},"inLanguage":"de-AT","potentialAction":[{"@type":"ReadAction","target":["https:\/\/unitek-crossheads.com\/a-test-page\/"]}]},{"@type":"ImageObject","inLanguage":"de-AT","@id":"https:\/\/unitek-crossheads.com\/a-test-page\/#primaryimage","url":"https:\/\/unitek-crossheads.com\/wp-content\/uploads\/unitek-crossheads.png","contentUrl":"https:\/\/unitek-crossheads.com\/wp-content\/uploads\/unitek-crossheads.png"},{"@type":"BreadcrumbList","@id":"https:\/\/unitek-crossheads.com\/a-test-page\/#breadcrumb","itemListElement":[{"@type":"ListItem","position":1,"name":"Home","item":"https:\/\/unitek-crossheads.com\/"},{"@type":"ListItem","position":2,"name":"A Test Page"}]},{"@type":"WebSite","@id":"https:\/\/unitek-crossheads.com\/#website","url":"https:\/\/unitek-crossheads.com\/","name":"UNITEK","description":"Crossheads for the cable industry","publisher":{"@id":"https:\/\/unitek-crossheads.com\/#organization"},"potentialAction":[{"@type":"SearchAction","target":{"@type":"EntryPoint","urlTemplate":"https:\/\/unitek-crossheads.com\/?s={search_term_string}"},"query-input":{"@type":"PropertyValueSpecification","valueRequired":true,"valueName":"search_term_string"}}],"inLanguage":"de-AT"},{"@type":"Organization","@id":"https:\/\/unitek-crossheads.com\/#organization","name":"UNITEK","url":"https:\/\/unitek-crossheads.com\/","logo":{"@type":"ImageObject","inLanguage":"de-AT","@id":"https:\/\/unitek-crossheads.com\/#\/schema\/logo\/image\/","url":"https:\/\/unitek-crossheads.com\/wp-content\/uploads\/unitek-crossheads-manifucturer.png","contentUrl":"https:\/\/unitek-crossheads.com\/wp-content\/uploads\/unitek-crossheads-manifucturer.png","width":280,"height":85,"caption":"UNITEK"},"image":{"@id":"https:\/\/unitek-crossheads.com\/#\/schema\/logo\/image\/"},"sameAs":["https:\/\/www.linkedin.com\/company\/unitek-at\/","https:\/\/www.youtube.com\/@UnitekCrossheads"]}]}},"uagb_featured_image_src":{"full":false,"thumbnail":false,"medium":false,"medium_large":false,"large":false,"1536x1536":false,"2048x2048":false,"trp-custom-language-flag":false},"uagb_author_info":{"display_name":"staging_dev","author_link":"https:\/\/unitek-crossheads.com\/de\/author\/staging_dev\/"},"uagb_comment_info":0,"uagb_excerpt":"Page title Interested? Call us \u202d+43 677 67705555\u202c Crossheads | Extrusion Equipement | Consulting","_links":{"self":[{"href":"https:\/\/unitek-crossheads.com\/de\/wp-json\/wp\/v2\/pages\/1742","targetHints":{"allow":["GET"]}}],"collection":[{"href":"https:\/\/unitek-crossheads.com\/de\/wp-json\/wp\/v2\/pages"}],"about":[{"href":"https:\/\/unitek-crossheads.com\/de\/wp-json\/wp\/v2\/types\/page"}],"author":[{"embeddable":true,"href":"https:\/\/unitek-crossheads.com\/de\/wp-json\/wp\/v2\/users\/1"}],"replies":[{"embeddable":true,"href":"https:\/\/unitek-crossheads.com\/de\/wp-json\/wp\/v2\/comments?post=1742"}],"version-history":[{"count":0,"href":"https:\/\/unitek-crossheads.com\/de\/wp-json\/wp\/v2\/pages\/1742\/revisions"}],"wp:attachment":[{"href":"https:\/\/unitek-crossheads.com\/de\/wp-json\/wp\/v2\/media?parent=1742"}],"curies":[{"name":"wp","href":"https:\/\/api.w.org\/{rel}","templated":true}]}}