{"id":1544,"date":"2023-08-11T12:00:32","date_gmt":"2023-08-11T10:00:32","guid":{"rendered":"https:\/\/staging.unitek.at\/?page_id=1544"},"modified":"2024-03-13T14:27:53","modified_gmt":"2024-03-13T13:27:53","slug":"special-applications","status":"publish","type":"page","link":"https:\/\/unitek-crossheads.com\/de\/products\/special-applications\/","title":{"rendered":"Spezialanwendungen"},"content":{"rendered":"<section class=\"gb-container gb-container-713c0e7a\">\n\n<div class=\"wp-block-columns is-layout-flex wp-container-core-columns-is-layout-9d6595d7 wp-block-columns-is-layout-flex\">\n<div class=\"wp-block-column is-layout-flow wp-block-column-is-layout-flow\">\n<h3 class=\"gb-headline gb-headline-06b97fcc gb-headline-text\">Spezialanwendungen<\/h3>\n\n\n\n<p class=\"has-text-align-left translation-block\" style=\"font-size:18px\"><strong>Beispiele f\u00fcr diese Sonderanwendungen sind z.B. K\u00f6pfe f\u00fcr die Mikroextrusion von medizinischen Anwendungen, Flachbandk\u00f6pfe oder Querspritzk\u00f6pfe mit Zwischenwerkzeugen f\u00fcr Zwickelf\u00fcllungen. Desweiteren geh\u00f6rt hierzu auch kundenspezifisches Zubeh\u00f6r wie Adaptoren, Byp\u00e4sse oder Unterst\u00fctzungsl\u00f6sungen. K\u00f6pfe, die speziell f\u00fcr vorhandene Kundend\u00fcsen und -drahtf\u00fchrungen entwickelt werden.<\/strong><\/p>\n\n\n\n<p><\/p>\n<\/div>\n\n\n\n<div class=\"wp-block-column is-layout-flow wp-block-column-is-layout-flow\"><div class=\"wp-block-image image-shadow img\">\n<figure class=\"aligncenter size-full\"><img loading=\"lazy\" decoding=\"async\" width=\"250\" height=\"460\" src=\"https:\/\/unitek-crossheads.com\/wp-content\/uploads\/crossheads-special-applications.jpg\" alt=\"Crossheads Special Applications\" class=\"wp-image-1545\" srcset=\"https:\/\/unitek-crossheads.com\/wp-content\/uploads\/crossheads-special-applications.jpg 250w, https:\/\/unitek-crossheads.com\/wp-content\/uploads\/crossheads-special-applications-163x300.jpg 163w\" sizes=\"auto, (max-width: 250px) 100vw, 250px\" \/><\/figure>\n<\/div><\/div>\n<\/div>\n\n\n\n<div style=\"height:25px\" aria-hidden=\"true\" class=\"wp-block-spacer\"><\/div>\n\n\n<div class=\"gb-container gb-container-88153a7a\">\n<div class=\"gb-container gb-container-8505dce1\">\n\n<p class=\"gb-headline gb-headline-144e2f24 gb-headline-text\"><strong><strong>Applikation<\/strong><\/strong><\/p>\n\n\n\n<p class=\"gb-headline gb-headline-e5280032 gb-headline-text\">Einschichtextrusion<br>Co-Extrusion<br>Mehrschichtextrusion<\/p>\n\n<\/div>\n\n<div class=\"gb-container gb-container-a6b9bbd4\">\n\n<p class=\"gb-headline gb-headline-b462b575 gb-headline-text\"><strong><strong><strong>verschiedene Zentrierm\u00f6glichkeiten<\/strong><\/strong><\/strong><\/p>\n\n\n\n<p class=\"has-text-align-left\">Festzentrierung<br>Manuelle Zentrierung<br>Feinzentrierung<\/p>\n\n<\/div>\n\n<div class=\"gb-container gb-container-7f0c728a\">\n\n<p class=\"gb-headline gb-headline-acaa708d gb-headline-text\"><strong><strong><strong>Gr\u00f6\u00dfen<\/strong><\/strong><\/strong><\/p>\n\n\n\n<p class=\"gb-headline gb-headline-497f0482 gb-headline-text\">von Gr\u00f6\u00dfe 4 - Produktdurchmesser max. 4mm bis Gr\u00f6\u00dfe 200 - Produktdurchmesser max. 200mm<br> Flachbandk\u00f6pfe bis 180mm Breite<\/p>\n\n<\/div>\n<\/div>\n\n\n<p class=\"has-text-align-left\">Sie haben haben noch eine gro\u00dfe Anzahl an D\u00fcsen und Drahtf\u00fchrungen mit Nicht-Standardaufnahmen? Kein Problem, wir k\u00f6nnen unsere Verteiler so adaptieren, da\u00df Sie Ihre vorhandenen Werkzeuge verwenden k\u00f6nnen. Unsere Sonderprogramm umfasst alle Anwendungen, die nicht durch unsere Serienteile abgedeckt werden k\u00f6nnen. Dies sind z.B. K\u00f6pfe f\u00fcr die Mikroextrusion von medizinischen Anwendungen, Flachbandk\u00f6pfe f\u00fcr Aufzugskabel oder Verpackungsb\u00e4nder. Desweiteren Querspritzk\u00f6pfe mit Temperaturtrennung f\u00fcr die Verarbeitung von Polymeren mit unterschiedlichen Schmelzpunkten oder K\u00f6pfe mit Zwischenwerkzeugen f\u00fcr Zwickelf\u00fcllungen. Wir fertigen auch gerne Ihr kundenspezifisches Zubeh\u00f6r wie Adaptoren, Byp\u00e4sse oder Unterst\u00fctzungsl\u00f6sungen.<\/p>\n\n\n\n<div style=\"height:33px\" aria-hidden=\"true\" class=\"wp-block-spacer\"><\/div>\n\n\n\n<div class=\"wp-block-columns is-layout-flex wp-container-core-columns-is-layout-9d6595d7 wp-block-columns-is-layout-flex\">\n<div class=\"wp-block-column is-layout-flow wp-block-column-is-layout-flow\">\n<a class=\"gb-button gb-button-6a5678ce gb-button-text\" href=\"https:\/\/unitek-crossheads.com\/de\/contact\/\">Kontakt<\/a>\n<\/div>\n\n\n\n<div class=\"wp-block-column is-layout-flow wp-block-column-is-layout-flow\">\n<a class=\"gb-button gb-button-75a5b5e1 gb-button-text\" href=\"https:\/\/unitek-crossheads.com\/wp-content\/uploads\/unitek-product-overview.pdf\"><strong>Download Product Folder (P<\/strong><strong>DF)<\/strong> ??<\/a>\n<\/div>\n<\/div>\n\n\n\n<div style=\"height:33px\" aria-hidden=\"true\" class=\"wp-block-spacer\"><\/div>\n\n\n\n<p class=\"gb-headline gb-headline-4d854223\"><span class=\"gb-icon\"><svg aria-hidden=\"true\" role=\"img\" height=\"1em\" width=\"1em\" viewbox=\"0 0 192 512\" xmlns=\"http:\/\/www.w3.org\/2000\/svg\"><path fill=\"currentColor\" d=\"M96 184c39.8 0 72 32.2 72 72s-32.2 72-72 72-72-32.2-72-72 32.2-72 72-72zM24 80c0 39.8 32.2 72 72 72s72-32.2 72-72S135.8 8 96 8 24 40.2 24 80zm0 352c0 39.8 32.2 72 72 72s72-32.2 72-72-32.2-72-72-72-72 32.2-72 72z\"><\/path><\/svg><\/span><span class=\"gb-headline-text\"><strong><strong><strong><strong>Ein- oder Mehrschichtextrusion<\/strong><\/strong><\/strong><\/strong><\/span><\/p>\n\n\n\n<p class=\"has-text-align-left\">For low-output and low-viscosity material<\/p>\n\n\n\n<p class=\"has-text-align-left\">SL = for single layer extrusion<br>SK = for additional co-extrusion of skin<br>ST = for additional co-extrusion of stripe<\/p>\n\n\n\n<p class=\"gb-headline gb-headline-469471cf\"><span class=\"gb-icon\"><svg aria-hidden=\"true\" role=\"img\" height=\"1em\" width=\"1em\" viewbox=\"0 0 192 512\" xmlns=\"http:\/\/www.w3.org\/2000\/svg\"><path fill=\"currentColor\" d=\"M96 184c39.8 0 72 32.2 72 72s-32.2 72-72 72-72-32.2-72-72 32.2-72 72-72zM24 80c0 39.8 32.2 72 72 72s72-32.2 72-72S135.8 8 96 8 24 40.2 24 80zm0 352c0 39.8 32.2 72 72 72s72-32.2 72-72-32.2-72-72-72-72 32.2-72 72z\"><\/path><\/svg><\/span><span class=\"gb-headline-text\"><strong><strong><strong><strong>Kopfgr\u00f6\u00dfen bis \u00d8100 Kabeldurchmesser<\/strong><\/strong><\/strong><\/strong><\/span><\/p>\n\n\n\n<p class=\"has-text-align-left\">These heads use an additional extrusion tool between standard type wire guide and die for a separated extrusion of two identical or two different materials in one head such as bedding plus heating compound.<\/p>\n\n\n\n<p class=\"has-text-align-left\">DL = for dual layer extrusion<br>SC = fixed centered<br>MC = manually centered<br>S = for additional extrusion of stripe<br>DLV = for additional extrusion of skin<\/p>\n\n\n\n<p class=\"gb-headline gb-headline-4cc8f920\"><span class=\"gb-icon\"><svg aria-hidden=\"true\" role=\"img\" height=\"1em\" width=\"1em\" viewbox=\"0 0 192 512\" xmlns=\"http:\/\/www.w3.org\/2000\/svg\"><path fill=\"currentColor\" d=\"M96 184c39.8 0 72 32.2 72 72s-32.2 72-72 72-72-32.2-72-72 32.2-72 72-72zM24 80c0 39.8 32.2 72 72 72s72-32.2 72-72S135.8 8 96 8 24 40.2 24 80zm0 352c0 39.8 32.2 72 72 72s72-32.2 72-72-32.2-72-72-72-72 32.2-72 72z\"><\/path><\/svg><\/span><span class=\"gb-headline-text\"><strong><strong><strong>SZ crossheads<\/strong><\/strong><\/strong><\/span><\/p>\n\n\n\n<p class=\"has-text-align-left\">Extremely compact heads for SZ-stranding-tandem extrusion of flexible cores.<\/p>\n\n\n\n<p class=\"has-text-align-left\">SL = for single layer extrusion<br>DL = for dual layer extrusion<\/p>\n\n\n\n<p class=\"gb-headline gb-headline-140d823c\"><span class=\"gb-icon\"><svg aria-hidden=\"true\" role=\"img\" height=\"1em\" width=\"1em\" viewbox=\"0 0 192 512\" xmlns=\"http:\/\/www.w3.org\/2000\/svg\"><path fill=\"currentColor\" d=\"M96 184c39.8 0 72 32.2 72 72s-32.2 72-72 72-72-32.2-72-72 32.2-72 72-72zM24 80c0 39.8 32.2 72 72 72s72-32.2 72-72S135.8 8 96 8 24 40.2 24 80zm0 352c0 39.8 32.2 72 72 72s72-32.2 72-72-32.2-72-72-72-72 32.2-72 72z\"><\/path><\/svg><\/span><span class=\"gb-headline-text\"><strong><strong><strong><strong>DL crossheads<\/strong><\/strong><\/strong><\/strong><\/span><\/p>\n\n\n\n<p class=\"has-text-align-left\">These heads are designed for the co-extrusion of polymers with similar melt temperatures<\/p>\n\n\n\n<p class=\"gb-headline gb-headline-2b441394\"><span class=\"gb-icon\"><svg aria-hidden=\"true\" role=\"img\" height=\"1em\" width=\"1em\" viewbox=\"0 0 192 512\" xmlns=\"http:\/\/www.w3.org\/2000\/svg\"><path fill=\"currentColor\" d=\"M96 184c39.8 0 72 32.2 72 72s-32.2 72-72 72-72-32.2-72-72 32.2-72 72-72zM24 80c0 39.8 32.2 72 72 72s72-32.2 72-72S135.8 8 96 8 24 40.2 24 80zm0 352c0 39.8 32.2 72 72 72s72-32.2 72-72-32.2-72-72-72-72 32.2-72 72z\"><\/path><\/svg><\/span><span class=\"gb-headline-text\"><strong><strong><strong><strong><strong>Crossheads with thermal barrier<\/strong><\/strong><\/strong><\/strong><\/strong><\/span><\/p>\n\n\n\n<p class=\"has-text-align-left\">These heads are available for co-extrusion with melt temperature differences of up to 100\u00b0C (212\u00b0F).<\/p>\n\n\n\n<p class=\"gb-headline gb-headline-d564a8fa\"><span class=\"gb-icon\"><svg aria-hidden=\"true\" role=\"img\" height=\"1em\" width=\"1em\" viewbox=\"0 0 192 512\" xmlns=\"http:\/\/www.w3.org\/2000\/svg\"><path fill=\"currentColor\" d=\"M96 184c39.8 0 72 32.2 72 72s-32.2 72-72 72-72-32.2-72-72 32.2-72 72-72zM24 80c0 39.8 32.2 72 72 72s72-32.2 72-72S135.8 8 96 8 24 40.2 24 80zm0 352c0 39.8 32.2 72 72 72s72-32.2 72-72-32.2-72-72-72-72 32.2-72 72z\"><\/path><\/svg><\/span><span class=\"gb-headline-text\"><strong><strong><strong><strong><strong><strong>Liquid medium temperature controlled crossheads<\/strong><\/strong><\/strong><\/strong><\/strong><\/strong><\/span><\/p>\n\n\n\n<p class=\"has-text-align-left\">Crossheads for rubber of cross-linked material extrusion.<\/p>\n\n\n\n<div style=\"height:127px\" aria-hidden=\"true\" class=\"wp-block-spacer\"><\/div>\n\n<\/section>","protected":false},"excerpt":{"rendered":"<p>Special Applications Besides all standard crossheads Unitek offers a large number of crossheads. Crossheads for special applications allowing for the extrusion of complex materials and complex products. In addition to the variants described below Unitek offers a large variety of heads for additional applications, e.g. for extreme thin wall single or multi-layer extrusion coating of &#8230; <a title=\"Spezialanwendungen\" class=\"read-more\" href=\"https:\/\/unitek-crossheads.com\/de\/products\/special-applications\/\" aria-label=\"Read more about Special Applications\">Weiterlesen<\/a><\/p>","protected":false},"author":1,"featured_media":1320,"parent":31,"menu_order":0,"comment_status":"closed","ping_status":"closed","template":"","meta":{"_eb_attr":"","_uag_custom_page_level_css":"","iawp_total_views":349,"footnotes":""},"class_list":["post-1544","page","type-page","status-publish","has-post-thumbnail"],"featured_image_src":"https:\/\/unitek-crossheads.com\/wp-content\/uploads\/crosshead-products.jpg","yoast_head":"<!-- This site is optimized with the Yoast SEO plugin v27.1.1 - https:\/\/yoast.com\/product\/yoast-seo-wordpress\/ -->\n<title>Special Applications - UNITEK<\/title>\n<meta name=\"robots\" content=\"index, follow, max-snippet:-1, max-image-preview:large, max-video-preview:-1\" \/>\n<link rel=\"canonical\" href=\"https:\/\/unitek-crossheads.com\/de\/products\/special-applications\/\" \/>\n<meta property=\"og:locale\" content=\"de_DE\" \/>\n<meta property=\"og:type\" content=\"article\" \/>\n<meta property=\"og:title\" content=\"Special Applications - UNITEK\" \/>\n<meta property=\"og:description\" content=\"Special Applications Besides all standard crossheads Unitek offers a large number of crossheads. Crossheads for special applications allowing for the extrusion of complex materials and complex products. In addition to the variants described below Unitek offers a large variety of heads for additional applications, e.g. for extreme thin wall single or multi-layer extrusion coating of ... Read more\" \/>\n<meta property=\"og:url\" content=\"https:\/\/unitek-crossheads.com\/de\/products\/special-applications\/\" \/>\n<meta property=\"og:site_name\" content=\"UNITEK\" \/>\n<meta property=\"article:modified_time\" content=\"2024-03-13T13:27:53+00:00\" \/>\n<meta property=\"og:image\" content=\"https:\/\/unitek-crossheads.com\/wp-content\/uploads\/crosshead-products.jpg\" \/>\n\t<meta property=\"og:image:width\" content=\"2560\" \/>\n\t<meta property=\"og:image:height\" content=\"559\" \/>\n\t<meta property=\"og:image:type\" content=\"image\/jpeg\" \/>\n<meta name=\"twitter:card\" content=\"summary_large_image\" \/>\n<meta name=\"twitter:label1\" content=\"Gesch\u00e4tzte Lesezeit\" \/>\n\t<meta name=\"twitter:data1\" content=\"2 Minuten\" \/>\n<script type=\"application\/ld+json\" class=\"yoast-schema-graph\">{\"@context\":\"https:\/\/schema.org\",\"@graph\":[{\"@type\":\"WebPage\",\"@id\":\"https:\/\/unitek-crossheads.com\/products\/special-applications\/\",\"url\":\"https:\/\/unitek-crossheads.com\/products\/special-applications\/\",\"name\":\"Special Applications - UNITEK\",\"isPartOf\":{\"@id\":\"https:\/\/unitek-crossheads.com\/#website\"},\"primaryImageOfPage\":{\"@id\":\"https:\/\/unitek-crossheads.com\/products\/special-applications\/#primaryimage\"},\"image\":{\"@id\":\"https:\/\/unitek-crossheads.com\/products\/special-applications\/#primaryimage\"},\"thumbnailUrl\":\"https:\/\/unitek-crossheads.com\/wp-content\/uploads\/crosshead-products.jpg\",\"datePublished\":\"2023-08-11T10:00:32+00:00\",\"dateModified\":\"2024-03-13T13:27:53+00:00\",\"breadcrumb\":{\"@id\":\"https:\/\/unitek-crossheads.com\/products\/special-applications\/#breadcrumb\"},\"inLanguage\":\"de-AT\",\"potentialAction\":[{\"@type\":\"ReadAction\",\"target\":[\"https:\/\/unitek-crossheads.com\/products\/special-applications\/\"]}]},{\"@type\":\"ImageObject\",\"inLanguage\":\"de-AT\",\"@id\":\"https:\/\/unitek-crossheads.com\/products\/special-applications\/#primaryimage\",\"url\":\"https:\/\/unitek-crossheads.com\/wp-content\/uploads\/crosshead-products.jpg\",\"contentUrl\":\"https:\/\/unitek-crossheads.com\/wp-content\/uploads\/crosshead-products.jpg\",\"width\":2560,\"height\":559},{\"@type\":\"BreadcrumbList\",\"@id\":\"https:\/\/unitek-crossheads.com\/products\/special-applications\/#breadcrumb\",\"itemListElement\":[{\"@type\":\"ListItem\",\"position\":1,\"name\":\"Home\",\"item\":\"https:\/\/unitek-crossheads.com\/\"},{\"@type\":\"ListItem\",\"position\":2,\"name\":\"Products &#038; Applications\",\"item\":\"https:\/\/unitek-crossheads.com\/products\/\"},{\"@type\":\"ListItem\",\"position\":3,\"name\":\"Special Applications\"}]},{\"@type\":\"WebSite\",\"@id\":\"https:\/\/unitek-crossheads.com\/#website\",\"url\":\"https:\/\/unitek-crossheads.com\/\",\"name\":\"UNITEK\",\"description\":\"Crossheads for the cable industry\",\"publisher\":{\"@id\":\"https:\/\/unitek-crossheads.com\/#organization\"},\"potentialAction\":[{\"@type\":\"SearchAction\",\"target\":{\"@type\":\"EntryPoint\",\"urlTemplate\":\"https:\/\/unitek-crossheads.com\/?s={search_term_string}\"},\"query-input\":{\"@type\":\"PropertyValueSpecification\",\"valueRequired\":true,\"valueName\":\"search_term_string\"}}],\"inLanguage\":\"de-AT\"},{\"@type\":\"Organization\",\"@id\":\"https:\/\/unitek-crossheads.com\/#organization\",\"name\":\"UNITEK\",\"url\":\"https:\/\/unitek-crossheads.com\/\",\"logo\":{\"@type\":\"ImageObject\",\"inLanguage\":\"de-AT\",\"@id\":\"https:\/\/unitek-crossheads.com\/#\/schema\/logo\/image\/\",\"url\":\"https:\/\/unitek-crossheads.com\/wp-content\/uploads\/unitek-crossheads-manifucturer.png\",\"contentUrl\":\"https:\/\/unitek-crossheads.com\/wp-content\/uploads\/unitek-crossheads-manifucturer.png\",\"width\":280,\"height\":85,\"caption\":\"UNITEK\"},\"image\":{\"@id\":\"https:\/\/unitek-crossheads.com\/#\/schema\/logo\/image\/\"},\"sameAs\":[\"https:\/\/www.linkedin.com\/company\/unitek-at\/\",\"https:\/\/www.youtube.com\/@UnitekCrossheads\"]}]}<\/script>\n<!-- \/ Yoast SEO plugin. -->","yoast_head_json":{"title":"Special Applications - UNITEK","robots":{"index":"index","follow":"follow","max-snippet":"max-snippet:-1","max-image-preview":"max-image-preview:large","max-video-preview":"max-video-preview:-1"},"canonical":"https:\/\/unitek-crossheads.com\/de\/products\/special-applications\/","og_locale":"de_DE","og_type":"article","og_title":"Special Applications - UNITEK","og_description":"Special Applications Besides all standard crossheads Unitek offers a large number of crossheads. Crossheads for special applications allowing for the extrusion of complex materials and complex products. In addition to the variants described below Unitek offers a large variety of heads for additional applications, e.g. for extreme thin wall single or multi-layer extrusion coating of ... Read more","og_url":"https:\/\/unitek-crossheads.com\/de\/products\/special-applications\/","og_site_name":"UNITEK","article_modified_time":"2024-03-13T13:27:53+00:00","og_image":[{"width":2560,"height":559,"url":"https:\/\/unitek-crossheads.com\/wp-content\/uploads\/crosshead-products.jpg","type":"image\/jpeg"}],"twitter_card":"summary_large_image","twitter_misc":{"Gesch\u00e4tzte Lesezeit":"2 Minuten"},"schema":{"@context":"https:\/\/schema.org","@graph":[{"@type":"WebPage","@id":"https:\/\/unitek-crossheads.com\/products\/special-applications\/","url":"https:\/\/unitek-crossheads.com\/products\/special-applications\/","name":"Special Applications - UNITEK","isPartOf":{"@id":"https:\/\/unitek-crossheads.com\/#website"},"primaryImageOfPage":{"@id":"https:\/\/unitek-crossheads.com\/products\/special-applications\/#primaryimage"},"image":{"@id":"https:\/\/unitek-crossheads.com\/products\/special-applications\/#primaryimage"},"thumbnailUrl":"https:\/\/unitek-crossheads.com\/wp-content\/uploads\/crosshead-products.jpg","datePublished":"2023-08-11T10:00:32+00:00","dateModified":"2024-03-13T13:27:53+00:00","breadcrumb":{"@id":"https:\/\/unitek-crossheads.com\/products\/special-applications\/#breadcrumb"},"inLanguage":"de-AT","potentialAction":[{"@type":"ReadAction","target":["https:\/\/unitek-crossheads.com\/products\/special-applications\/"]}]},{"@type":"ImageObject","inLanguage":"de-AT","@id":"https:\/\/unitek-crossheads.com\/products\/special-applications\/#primaryimage","url":"https:\/\/unitek-crossheads.com\/wp-content\/uploads\/crosshead-products.jpg","contentUrl":"https:\/\/unitek-crossheads.com\/wp-content\/uploads\/crosshead-products.jpg","width":2560,"height":559},{"@type":"BreadcrumbList","@id":"https:\/\/unitek-crossheads.com\/products\/special-applications\/#breadcrumb","itemListElement":[{"@type":"ListItem","position":1,"name":"Home","item":"https:\/\/unitek-crossheads.com\/"},{"@type":"ListItem","position":2,"name":"Products &#038; Applications","item":"https:\/\/unitek-crossheads.com\/products\/"},{"@type":"ListItem","position":3,"name":"Special Applications"}]},{"@type":"WebSite","@id":"https:\/\/unitek-crossheads.com\/#website","url":"https:\/\/unitek-crossheads.com\/","name":"UNITEK","description":"Crossheads for the cable industry","publisher":{"@id":"https:\/\/unitek-crossheads.com\/#organization"},"potentialAction":[{"@type":"SearchAction","target":{"@type":"EntryPoint","urlTemplate":"https:\/\/unitek-crossheads.com\/?s={search_term_string}"},"query-input":{"@type":"PropertyValueSpecification","valueRequired":true,"valueName":"search_term_string"}}],"inLanguage":"de-AT"},{"@type":"Organization","@id":"https:\/\/unitek-crossheads.com\/#organization","name":"UNITEK","url":"https:\/\/unitek-crossheads.com\/","logo":{"@type":"ImageObject","inLanguage":"de-AT","@id":"https:\/\/unitek-crossheads.com\/#\/schema\/logo\/image\/","url":"https:\/\/unitek-crossheads.com\/wp-content\/uploads\/unitek-crossheads-manifucturer.png","contentUrl":"https:\/\/unitek-crossheads.com\/wp-content\/uploads\/unitek-crossheads-manifucturer.png","width":280,"height":85,"caption":"UNITEK"},"image":{"@id":"https:\/\/unitek-crossheads.com\/#\/schema\/logo\/image\/"},"sameAs":["https:\/\/www.linkedin.com\/company\/unitek-at\/","https:\/\/www.youtube.com\/@UnitekCrossheads"]}]}},"uagb_featured_image_src":{"full":["https:\/\/unitek-crossheads.com\/wp-content\/uploads\/crosshead-products.jpg",2560,559,false],"thumbnail":["https:\/\/unitek-crossheads.com\/wp-content\/uploads\/crosshead-products-150x150.jpg",150,150,true],"medium":["https:\/\/unitek-crossheads.com\/wp-content\/uploads\/crosshead-products-300x66.jpg",300,66,true],"medium_large":["https:\/\/unitek-crossheads.com\/wp-content\/uploads\/crosshead-products-768x168.jpg",768,168,true],"large":["https:\/\/unitek-crossheads.com\/wp-content\/uploads\/crosshead-products-1024x224.jpg",1024,224,true],"1536x1536":["https:\/\/unitek-crossheads.com\/wp-content\/uploads\/crosshead-products-1536x335.jpg",1536,335,true],"2048x2048":["https:\/\/unitek-crossheads.com\/wp-content\/uploads\/crosshead-products-2048x447.jpg",2048,447,true],"trp-custom-language-flag":["https:\/\/unitek-crossheads.com\/wp-content\/uploads\/crosshead-products.jpg",18,4,false]},"uagb_author_info":{"display_name":"staging_dev","author_link":"https:\/\/unitek-crossheads.com\/de\/author\/staging_dev\/"},"uagb_comment_info":0,"uagb_excerpt":"Special Applications Besides all standard crossheads Unitek offers a large number of crossheads. Crossheads for special applications allowing for the extrusion of complex materials and complex products. In addition to the variants described below Unitek offers a large variety of heads for additional applications, e.g. for extreme thin wall single or multi-layer extrusion coating of&hellip;","_links":{"self":[{"href":"https:\/\/unitek-crossheads.com\/de\/wp-json\/wp\/v2\/pages\/1544","targetHints":{"allow":["GET"]}}],"collection":[{"href":"https:\/\/unitek-crossheads.com\/de\/wp-json\/wp\/v2\/pages"}],"about":[{"href":"https:\/\/unitek-crossheads.com\/de\/wp-json\/wp\/v2\/types\/page"}],"author":[{"embeddable":true,"href":"https:\/\/unitek-crossheads.com\/de\/wp-json\/wp\/v2\/users\/1"}],"replies":[{"embeddable":true,"href":"https:\/\/unitek-crossheads.com\/de\/wp-json\/wp\/v2\/comments?post=1544"}],"version-history":[{"count":0,"href":"https:\/\/unitek-crossheads.com\/de\/wp-json\/wp\/v2\/pages\/1544\/revisions"}],"up":[{"embeddable":true,"href":"https:\/\/unitek-crossheads.com\/de\/wp-json\/wp\/v2\/pages\/31"}],"wp:featuredmedia":[{"embeddable":true,"href":"https:\/\/unitek-crossheads.com\/de\/wp-json\/wp\/v2\/media\/1320"}],"wp:attachment":[{"href":"https:\/\/unitek-crossheads.com\/de\/wp-json\/wp\/v2\/media?parent=1544"}],"curies":[{"name":"wp","href":"https:\/\/api.w.org\/{rel}","templated":true}]}}