{"id":1528,"date":"2023-08-10T21:03:00","date_gmt":"2023-08-10T19:03:00","guid":{"rendered":"https:\/\/staging.unitek.at\/?page_id=1528"},"modified":"2024-03-12T18:33:25","modified_gmt":"2024-03-12T17:33:25","slug":"bypass-valves","status":"publish","type":"page","link":"https:\/\/unitek-crossheads.com\/de\/products\/bypass-valves\/","title":{"rendered":"Bypass-Ventile"},"content":{"rendered":"<section class=\"gb-container gb-container-713c0e7a\">\n\n<div class=\"wp-block-columns is-layout-flex wp-container-core-columns-is-layout-9d6595d7 wp-block-columns-is-layout-flex\">\n<div class=\"wp-block-column is-layout-flow wp-block-column-is-layout-flow\">\n<h3 class=\"wp-block-heading has-text-align-left\">Bypass-Ventile<\/h3>\n\n\n\n<p class=\"has-text-align-left\" style=\"font-size:18px\"><strong>Bypassventile oder Byp\u00e4sse sind metallisch dichtende Ventile, die spezifisch f\u00fcr die Anforderungen an die moderne Extrusionstechnik entwickelt wurden.<\/strong><\/p>\n\n\n\n<p class=\"has-text-align-left\">Je nach Anwendungsfall bieten wir manuelle oder automatisierte L\u00f6sungen an.\u00a0<\/p>\n\n\n\n<p><\/p>\n<\/div>\n\n\n\n<div class=\"wp-block-column is-layout-flow wp-block-column-is-layout-flow\"><div class=\"wp-block-image image-shadow img\">\n<figure class=\"aligncenter size-full\"><img loading=\"lazy\" decoding=\"async\" width=\"750\" height=\"562\" src=\"https:\/\/unitek-crossheads.com\/wp-content\/uploads\/unitek-bypass-valves.jpg\" alt=\"Bypass valves\" class=\"wp-image-1542\" srcset=\"https:\/\/unitek-crossheads.com\/wp-content\/uploads\/unitek-bypass-valves.jpg 750w, https:\/\/unitek-crossheads.com\/wp-content\/uploads\/unitek-bypass-valves-300x225.jpg 300w\" sizes=\"auto, (max-width: 750px) 100vw, 750px\" \/><\/figure>\n<\/div><\/div>\n<\/div>\n\n\n\n<div style=\"height:28px\" aria-hidden=\"true\" class=\"wp-block-spacer\"><\/div>\n\n\n<div class=\"gb-container gb-container-88153a7a\">\n<div class=\"gb-container gb-container-8505dce1\">\n\n<p class=\"gb-headline gb-headline-144e2f24 gb-headline-text\"><strong><strong><strong><strong><strong>Funktion<\/strong><\/strong><\/strong><\/strong><\/strong><\/p>\n\n\n\n<p class=\"gb-headline gb-headline-e5280032 gb-headline-text translation-block\">Drehkolben<br>\nSchiebekolben<\/p>\n\n<\/div>\n\n<div class=\"gb-container gb-container-a6b9bbd4\">\n\n<p class=\"gb-headline gb-headline-b462b575 gb-headline-text\"><strong><strong><strong><strong><strong>Durchmesser des Flie\u00dfkanals<\/strong><\/strong><\/strong><\/strong><\/strong><\/p>\n\n\n\n<p class=\"has-text-align-left translation-block\">10 - 50mm<\/p>\n\n<\/div>\n\n<div class=\"gb-container gb-container-7f0c728a\">\n\n<p class=\"gb-headline gb-headline-acaa708d gb-headline-text\"><strong><strong><strong><strong><strong>Antriebsart<\/strong><\/strong><\/strong><\/strong><\/strong><\/p>\n\n\n\n<p class=\"gb-headline gb-headline-497f0482 gb-headline-text translation-block\">Manuell<br>\nHydraulisch<br>\nPneumatisch<\/p>\n\n<\/div>\n<\/div>\n\n\n<div style=\"height:28px\" aria-hidden=\"true\" class=\"wp-block-spacer\"><\/div>\n\n\n\n<p class=\"has-text-align-left\">Durch den Einsatz von Byp\u00e4ssen wird die Bedienung der Extrusionsanlage stark vereinfacht. Ein Werkzeugwechsel oder auch die Reinigungsarebiten k\u00f6nnen bei laufendem Extruder durchgef\u00fchrt werden und minimieren so die Stillstandszeiten sowie die Gefahr des Anbrennens von Kunststoffpartikeln. Unsere Bypassventile werden als rein-metallisch dichtende Ausf\u00fchrungen bei uns im Haus mit minimalsten Toleranzen gefertigt und erm\u00f6glichen einerseits eine leichte Bedienung und andererseits minimalste Leckageverluste auch nach jahrelangem Betrieb. Je nach Anforderung k\u00f6nnen manuelle oder vollautomatisierte Varianten angeboten werden, die sich auch problemlos in die vorhandene Liniensteuerung integrieren lassen.<\/p>\n\n\n\n<div style=\"height:33px\" aria-hidden=\"true\" class=\"wp-block-spacer\"><\/div>\n\n\n\n<div class=\"wp-block-columns is-layout-flex wp-container-core-columns-is-layout-9d6595d7 wp-block-columns-is-layout-flex\">\n<div class=\"wp-block-column is-layout-flow wp-block-column-is-layout-flow\">\n<a class=\"gb-button gb-button-6a5678ce gb-button-text\" href=\"https:\/\/unitek-crossheads.com\/de\/contact\/\">Kontakt<\/a>\n<\/div>\n\n\n\n<div class=\"wp-block-column is-layout-flow wp-block-column-is-layout-flow\">\n<a class=\"gb-button gb-button-75a5b5e1 gb-button-text\" href=\"https:\/\/unitek-crossheads.com\/wp-content\/uploads\/Bypasses.pdf\"><strong>Download Produkt Folder (PDF)<\/strong><\/a>\n<\/div>\n<\/div>\n\n\n\n<div style=\"height:127px\" aria-hidden=\"true\" class=\"wp-block-spacer\"><\/div>\n\n<\/section>","protected":false},"excerpt":{"rendered":"<p>Bypass valves Bypass valves or pressure relief valves are metallic sealing valve systems that are specially designed for the diversion of a polymer melt flow. These valves are supplied as a separate unit and can be installed on the main extruder side as well as on the co-extruder side of the crosshead.\u00a0 Function Bypass valves &#8230; <a title=\"Bypass-Ventile\" class=\"read-more\" href=\"https:\/\/unitek-crossheads.com\/de\/products\/bypass-valves\/\" aria-label=\"Read more about Bypass valves\">Weiterlesen<\/a><\/p>","protected":false},"author":1,"featured_media":1320,"parent":31,"menu_order":0,"comment_status":"closed","ping_status":"closed","template":"","meta":{"_eb_attr":"","_uag_custom_page_level_css":"","iawp_total_views":366,"footnotes":""},"class_list":["post-1528","page","type-page","status-publish","has-post-thumbnail"],"featured_image_src":"https:\/\/unitek-crossheads.com\/wp-content\/uploads\/crosshead-products.jpg","yoast_head":"<!-- This site is optimized with the Yoast SEO plugin v27.1.1 - https:\/\/yoast.com\/product\/yoast-seo-wordpress\/ -->\n<title>Bypass valves - UNITEK<\/title>\n<meta name=\"robots\" content=\"index, follow, max-snippet:-1, max-image-preview:large, max-video-preview:-1\" \/>\n<link rel=\"canonical\" href=\"https:\/\/unitek-crossheads.com\/de\/products\/bypass-valves\/\" \/>\n<meta property=\"og:locale\" content=\"de_DE\" \/>\n<meta property=\"og:type\" content=\"article\" \/>\n<meta property=\"og:title\" content=\"Bypass valves - UNITEK\" \/>\n<meta property=\"og:description\" content=\"Bypass valves Bypass valves or pressure relief valves are metallic sealing valve systems that are specially designed for the diversion of a polymer melt flow. These valves are supplied as a separate unit and can be installed on the main extruder side as well as on the co-extruder side of the crosshead.\u00a0 Function Bypass valves ... Read more\" \/>\n<meta property=\"og:url\" content=\"https:\/\/unitek-crossheads.com\/de\/products\/bypass-valves\/\" \/>\n<meta property=\"og:site_name\" content=\"UNITEK\" \/>\n<meta property=\"article:modified_time\" content=\"2024-03-12T17:33:25+00:00\" \/>\n<meta property=\"og:image\" content=\"https:\/\/unitek-crossheads.com\/wp-content\/uploads\/crosshead-products.jpg\" \/>\n\t<meta property=\"og:image:width\" content=\"2560\" \/>\n\t<meta property=\"og:image:height\" content=\"559\" \/>\n\t<meta property=\"og:image:type\" content=\"image\/jpeg\" \/>\n<meta name=\"twitter:card\" content=\"summary_large_image\" \/>\n<meta name=\"twitter:label1\" content=\"Gesch\u00e4tzte Lesezeit\" \/>\n\t<meta name=\"twitter:data1\" content=\"1 Minute\" \/>\n<script type=\"application\/ld+json\" class=\"yoast-schema-graph\">{\"@context\":\"https:\/\/schema.org\",\"@graph\":[{\"@type\":\"WebPage\",\"@id\":\"https:\/\/unitek-crossheads.com\/products\/bypass-valves\/\",\"url\":\"https:\/\/unitek-crossheads.com\/products\/bypass-valves\/\",\"name\":\"Bypass valves - UNITEK\",\"isPartOf\":{\"@id\":\"https:\/\/unitek-crossheads.com\/#website\"},\"primaryImageOfPage\":{\"@id\":\"https:\/\/unitek-crossheads.com\/products\/bypass-valves\/#primaryimage\"},\"image\":{\"@id\":\"https:\/\/unitek-crossheads.com\/products\/bypass-valves\/#primaryimage\"},\"thumbnailUrl\":\"https:\/\/unitek-crossheads.com\/wp-content\/uploads\/crosshead-products.jpg\",\"datePublished\":\"2023-08-10T19:03:00+00:00\",\"dateModified\":\"2024-03-12T17:33:25+00:00\",\"breadcrumb\":{\"@id\":\"https:\/\/unitek-crossheads.com\/products\/bypass-valves\/#breadcrumb\"},\"inLanguage\":\"de-AT\",\"potentialAction\":[{\"@type\":\"ReadAction\",\"target\":[\"https:\/\/unitek-crossheads.com\/products\/bypass-valves\/\"]}]},{\"@type\":\"ImageObject\",\"inLanguage\":\"de-AT\",\"@id\":\"https:\/\/unitek-crossheads.com\/products\/bypass-valves\/#primaryimage\",\"url\":\"https:\/\/unitek-crossheads.com\/wp-content\/uploads\/crosshead-products.jpg\",\"contentUrl\":\"https:\/\/unitek-crossheads.com\/wp-content\/uploads\/crosshead-products.jpg\",\"width\":2560,\"height\":559},{\"@type\":\"BreadcrumbList\",\"@id\":\"https:\/\/unitek-crossheads.com\/products\/bypass-valves\/#breadcrumb\",\"itemListElement\":[{\"@type\":\"ListItem\",\"position\":1,\"name\":\"Home\",\"item\":\"https:\/\/unitek-crossheads.com\/\"},{\"@type\":\"ListItem\",\"position\":2,\"name\":\"Products &#038; Applications\",\"item\":\"https:\/\/unitek-crossheads.com\/products\/\"},{\"@type\":\"ListItem\",\"position\":3,\"name\":\"Bypass valves\"}]},{\"@type\":\"WebSite\",\"@id\":\"https:\/\/unitek-crossheads.com\/#website\",\"url\":\"https:\/\/unitek-crossheads.com\/\",\"name\":\"UNITEK\",\"description\":\"Crossheads for the cable industry\",\"publisher\":{\"@id\":\"https:\/\/unitek-crossheads.com\/#organization\"},\"potentialAction\":[{\"@type\":\"SearchAction\",\"target\":{\"@type\":\"EntryPoint\",\"urlTemplate\":\"https:\/\/unitek-crossheads.com\/?s={search_term_string}\"},\"query-input\":{\"@type\":\"PropertyValueSpecification\",\"valueRequired\":true,\"valueName\":\"search_term_string\"}}],\"inLanguage\":\"de-AT\"},{\"@type\":\"Organization\",\"@id\":\"https:\/\/unitek-crossheads.com\/#organization\",\"name\":\"UNITEK\",\"url\":\"https:\/\/unitek-crossheads.com\/\",\"logo\":{\"@type\":\"ImageObject\",\"inLanguage\":\"de-AT\",\"@id\":\"https:\/\/unitek-crossheads.com\/#\/schema\/logo\/image\/\",\"url\":\"https:\/\/unitek-crossheads.com\/wp-content\/uploads\/unitek-crossheads-manifucturer.png\",\"contentUrl\":\"https:\/\/unitek-crossheads.com\/wp-content\/uploads\/unitek-crossheads-manifucturer.png\",\"width\":280,\"height\":85,\"caption\":\"UNITEK\"},\"image\":{\"@id\":\"https:\/\/unitek-crossheads.com\/#\/schema\/logo\/image\/\"},\"sameAs\":[\"https:\/\/www.linkedin.com\/company\/unitek-at\/\",\"https:\/\/www.youtube.com\/@UnitekCrossheads\"]}]}<\/script>\n<!-- \/ Yoast SEO plugin. -->","yoast_head_json":{"title":"Bypass valves - UNITEK","robots":{"index":"index","follow":"follow","max-snippet":"max-snippet:-1","max-image-preview":"max-image-preview:large","max-video-preview":"max-video-preview:-1"},"canonical":"https:\/\/unitek-crossheads.com\/de\/products\/bypass-valves\/","og_locale":"de_DE","og_type":"article","og_title":"Bypass valves - UNITEK","og_description":"Bypass valves Bypass valves or pressure relief valves are metallic sealing valve systems that are specially designed for the diversion of a polymer melt flow. These valves are supplied as a separate unit and can be installed on the main extruder side as well as on the co-extruder side of the crosshead.\u00a0 Function Bypass valves ... Read more","og_url":"https:\/\/unitek-crossheads.com\/de\/products\/bypass-valves\/","og_site_name":"UNITEK","article_modified_time":"2024-03-12T17:33:25+00:00","og_image":[{"width":2560,"height":559,"url":"https:\/\/unitek-crossheads.com\/wp-content\/uploads\/crosshead-products.jpg","type":"image\/jpeg"}],"twitter_card":"summary_large_image","twitter_misc":{"Gesch\u00e4tzte Lesezeit":"1 Minute"},"schema":{"@context":"https:\/\/schema.org","@graph":[{"@type":"WebPage","@id":"https:\/\/unitek-crossheads.com\/products\/bypass-valves\/","url":"https:\/\/unitek-crossheads.com\/products\/bypass-valves\/","name":"Bypass valves - UNITEK","isPartOf":{"@id":"https:\/\/unitek-crossheads.com\/#website"},"primaryImageOfPage":{"@id":"https:\/\/unitek-crossheads.com\/products\/bypass-valves\/#primaryimage"},"image":{"@id":"https:\/\/unitek-crossheads.com\/products\/bypass-valves\/#primaryimage"},"thumbnailUrl":"https:\/\/unitek-crossheads.com\/wp-content\/uploads\/crosshead-products.jpg","datePublished":"2023-08-10T19:03:00+00:00","dateModified":"2024-03-12T17:33:25+00:00","breadcrumb":{"@id":"https:\/\/unitek-crossheads.com\/products\/bypass-valves\/#breadcrumb"},"inLanguage":"de-AT","potentialAction":[{"@type":"ReadAction","target":["https:\/\/unitek-crossheads.com\/products\/bypass-valves\/"]}]},{"@type":"ImageObject","inLanguage":"de-AT","@id":"https:\/\/unitek-crossheads.com\/products\/bypass-valves\/#primaryimage","url":"https:\/\/unitek-crossheads.com\/wp-content\/uploads\/crosshead-products.jpg","contentUrl":"https:\/\/unitek-crossheads.com\/wp-content\/uploads\/crosshead-products.jpg","width":2560,"height":559},{"@type":"BreadcrumbList","@id":"https:\/\/unitek-crossheads.com\/products\/bypass-valves\/#breadcrumb","itemListElement":[{"@type":"ListItem","position":1,"name":"Home","item":"https:\/\/unitek-crossheads.com\/"},{"@type":"ListItem","position":2,"name":"Products &#038; Applications","item":"https:\/\/unitek-crossheads.com\/products\/"},{"@type":"ListItem","position":3,"name":"Bypass valves"}]},{"@type":"WebSite","@id":"https:\/\/unitek-crossheads.com\/#website","url":"https:\/\/unitek-crossheads.com\/","name":"UNITEK","description":"Crossheads for the cable industry","publisher":{"@id":"https:\/\/unitek-crossheads.com\/#organization"},"potentialAction":[{"@type":"SearchAction","target":{"@type":"EntryPoint","urlTemplate":"https:\/\/unitek-crossheads.com\/?s={search_term_string}"},"query-input":{"@type":"PropertyValueSpecification","valueRequired":true,"valueName":"search_term_string"}}],"inLanguage":"de-AT"},{"@type":"Organization","@id":"https:\/\/unitek-crossheads.com\/#organization","name":"UNITEK","url":"https:\/\/unitek-crossheads.com\/","logo":{"@type":"ImageObject","inLanguage":"de-AT","@id":"https:\/\/unitek-crossheads.com\/#\/schema\/logo\/image\/","url":"https:\/\/unitek-crossheads.com\/wp-content\/uploads\/unitek-crossheads-manifucturer.png","contentUrl":"https:\/\/unitek-crossheads.com\/wp-content\/uploads\/unitek-crossheads-manifucturer.png","width":280,"height":85,"caption":"UNITEK"},"image":{"@id":"https:\/\/unitek-crossheads.com\/#\/schema\/logo\/image\/"},"sameAs":["https:\/\/www.linkedin.com\/company\/unitek-at\/","https:\/\/www.youtube.com\/@UnitekCrossheads"]}]}},"uagb_featured_image_src":{"full":["https:\/\/unitek-crossheads.com\/wp-content\/uploads\/crosshead-products.jpg",2560,559,false],"thumbnail":["https:\/\/unitek-crossheads.com\/wp-content\/uploads\/crosshead-products-150x150.jpg",150,150,true],"medium":["https:\/\/unitek-crossheads.com\/wp-content\/uploads\/crosshead-products-300x66.jpg",300,66,true],"medium_large":["https:\/\/unitek-crossheads.com\/wp-content\/uploads\/crosshead-products-768x168.jpg",768,168,true],"large":["https:\/\/unitek-crossheads.com\/wp-content\/uploads\/crosshead-products-1024x224.jpg",1024,224,true],"1536x1536":["https:\/\/unitek-crossheads.com\/wp-content\/uploads\/crosshead-products-1536x335.jpg",1536,335,true],"2048x2048":["https:\/\/unitek-crossheads.com\/wp-content\/uploads\/crosshead-products-2048x447.jpg",2048,447,true],"trp-custom-language-flag":["https:\/\/unitek-crossheads.com\/wp-content\/uploads\/crosshead-products.jpg",18,4,false]},"uagb_author_info":{"display_name":"staging_dev","author_link":"https:\/\/unitek-crossheads.com\/de\/author\/staging_dev\/"},"uagb_comment_info":0,"uagb_excerpt":"Bypass valves Bypass valves or pressure relief valves are metallic sealing valve systems that are specially designed for the diversion of a polymer melt flow. These valves are supplied as a separate unit and can be installed on the main extruder side as well as on the co-extruder side of the crosshead.\u00a0 Function Bypass valves&hellip;","_links":{"self":[{"href":"https:\/\/unitek-crossheads.com\/de\/wp-json\/wp\/v2\/pages\/1528","targetHints":{"allow":["GET"]}}],"collection":[{"href":"https:\/\/unitek-crossheads.com\/de\/wp-json\/wp\/v2\/pages"}],"about":[{"href":"https:\/\/unitek-crossheads.com\/de\/wp-json\/wp\/v2\/types\/page"}],"author":[{"embeddable":true,"href":"https:\/\/unitek-crossheads.com\/de\/wp-json\/wp\/v2\/users\/1"}],"replies":[{"embeddable":true,"href":"https:\/\/unitek-crossheads.com\/de\/wp-json\/wp\/v2\/comments?post=1528"}],"version-history":[{"count":0,"href":"https:\/\/unitek-crossheads.com\/de\/wp-json\/wp\/v2\/pages\/1528\/revisions"}],"up":[{"embeddable":true,"href":"https:\/\/unitek-crossheads.com\/de\/wp-json\/wp\/v2\/pages\/31"}],"wp:featuredmedia":[{"embeddable":true,"href":"https:\/\/unitek-crossheads.com\/de\/wp-json\/wp\/v2\/media\/1320"}],"wp:attachment":[{"href":"https:\/\/unitek-crossheads.com\/de\/wp-json\/wp\/v2\/media?parent=1528"}],"curies":[{"name":"wp","href":"https:\/\/api.w.org\/{rel}","templated":true}]}}