{"id":1520,"date":"2023-08-10T19:56:22","date_gmt":"2023-08-10T17:56:22","guid":{"rendered":"https:\/\/staging.unitek.at\/?page_id=1520"},"modified":"2024-03-12T15:44:11","modified_gmt":"2024-03-12T14:44:11","slug":"crossheads-for-co-extrusion","status":"publish","type":"page","link":"https:\/\/unitek-crossheads.com\/de\/products\/crossheads-for-co-extrusion\/","title":{"rendered":"Querspritzk\u00f6pfe f\u00fcr die Co-Extrusion"},"content":{"rendered":"<section class=\"gb-container gb-container-713c0e7a\">\n\n<div class=\"wp-block-columns is-layout-flex wp-container-core-columns-is-layout-9d6595d7 wp-block-columns-is-layout-flex\">\n<div class=\"wp-block-column is-layout-flow wp-block-column-is-layout-flow\">\n<h3 class=\"gb-headline gb-headline-2af283d4 gb-headline-text\">Querspritzk\u00f6pfe f\u00fcr die Co-Extrusion<\/h3>\n\n\n\n<p class=\"has-text-align-left\" style=\"font-size:18px\"><strong>Co-Extrusionsquerspritzk\u00f6pfe wurden speziell f\u00fcr 2-schichtige Produkte entwickelt mit einer Hauptschicht und einer Skin bzw. einem H\u00e4utchen oder alternativ Markierungsstreifen.\nDie Bemessung erfolgt vor allem \u00fcber die gew\u00fcnschte Produktgr\u00f6\u00dfe &amp; den Leiterdurchmesser.<\/strong><\/p>\n\n\n\n<p><\/p>\n<\/div>\n\n\n\n<div class=\"wp-block-column is-layout-flow wp-block-column-is-layout-flow\"><div class=\"wp-block-image image-shadow img\">\n<figure class=\"aligncenter size-full\"><img loading=\"lazy\" decoding=\"async\" width=\"750\" height=\"562\" src=\"https:\/\/unitek-crossheads.com\/wp-content\/uploads\/crossheads-co-extrusion.jpg\" alt=\"Crossheads for Co-Extrusion\" class=\"wp-image-1313\" srcset=\"https:\/\/unitek-crossheads.com\/wp-content\/uploads\/crossheads-co-extrusion.jpg 750w, https:\/\/unitek-crossheads.com\/wp-content\/uploads\/crossheads-co-extrusion-300x225.jpg 300w\" sizes=\"auto, (max-width: 750px) 100vw, 750px\" \/><\/figure>\n<\/div><\/div>\n<\/div>\n\n\n\n<div style=\"height:32px\" aria-hidden=\"true\" class=\"wp-block-spacer\"><\/div>\n\n\n<div class=\"gb-container gb-container-88153a7a\">\n<div class=\"gb-container gb-container-8505dce1\">\n\n<p class=\"gb-headline gb-headline-144e2f24 gb-headline-text\"><strong><strong>Applikation<\/strong><\/strong><\/p>\n\n\n\n<p class=\"gb-headline gb-headline-e5280032 gb-headline-text translation-block\">Co-Extrusion<\/p>\n\n<\/div>\n\n<div class=\"gb-container gb-container-a6b9bbd4\">\n\n<p class=\"gb-headline gb-headline-b462b575 gb-headline-text\"><strong><strong><strong>verschiedene Zentrierm\u00f6glichkeiten<\/strong><\/strong><\/strong><\/p>\n\n\n\n<p class=\"has-text-align-left translation-block\">Festzentrierung<br>\nManuelle Zentrierung<br>\nFeinzentrierung<\/p>\n\n<\/div>\n\n<div class=\"gb-container gb-container-7f0c728a\">\n\n<p class=\"gb-headline gb-headline-acaa708d gb-headline-text\"><strong><strong><strong>Gr\u00f6\u00dfen<\/strong><\/strong><\/strong><\/p>\n\n\n\n<p class=\"gb-headline gb-headline-497f0482 gb-headline-text translation-block\">von Gr\u00f6\u00dfe 4 - Produktdurchmesser max. 4mm bis Gr\u00f6\u00dfe 200 - Produktdurchmesser max. 200mm<\/p>\n\n<\/div>\n<\/div>\n\n\n<div style=\"height:32px\" aria-hidden=\"true\" class=\"wp-block-spacer\"><\/div>\n\n\n\n<p class=\"has-text-align-left\">Die Querspritzk\u00f6pfe f\u00fcr die Co-Extrusion gibts es in verschiedenen Gr\u00f6\u00dfen &amp; Ausf\u00fchrungen. Die K\u00f6pfe sind durchwegs mit H\u00fclsen ausgestattet, die die Verteilung der d\u00fcnnen H\u00e4utchen- bzw. Skinschicht \u00fcbernehmen. Die H\u00fclsen k\u00f6nnen auch als Streifenh\u00fclsen f\u00fcr ein oder mehrere Markierungsstreifen ausgef\u00fchrt werden, sowie als Blindh\u00fclsen, damit der Kopf auch als Einschichtextrusionkopf genutzt werden kann. Die Vorkopfgeh\u00e4use sind meist so ausgef\u00fchrt, da\u00df der Co-Extruder in jeder beliebigen Lage positioniert werden kann. Festzentrierte K\u00f6pfe erreichen eine Konzentrizit\u00e4t von min. 92%. F\u00fcr schwierige Applikationen sind auch manuell zentrierbare oder feinzentrierbare Ausf\u00fchrungen erh\u00e4ltlich, die fast 100% Konzentrizit\u00e4t erm\u00f6glichen.<\/p>\n\n\n\n<div style=\"height:33px\" aria-hidden=\"true\" class=\"wp-block-spacer\"><\/div>\n\n\n\n<div class=\"wp-block-columns is-layout-flex wp-container-core-columns-is-layout-9d6595d7 wp-block-columns-is-layout-flex\">\n<div class=\"wp-block-column is-layout-flow wp-block-column-is-layout-flow\">\n<a class=\"gb-button gb-button-6a5678ce gb-button-text\" href=\"https:\/\/unitek-crossheads.com\/de\/contact\/\">Kontakt<\/a>\n<\/div>\n\n\n\n<div class=\"wp-block-column is-layout-flow wp-block-column-is-layout-flow\">\n<a class=\"gb-button gb-button-75a5b5e1 gb-button-text\" href=\"https:\/\/unitek-crossheads.com\/wp-content\/uploads\/Co-Extrusion.pdf\"><strong>Download Produkt Folder (PDF)<\/strong><\/a>\n<\/div>\n<\/div>\n\n\n\n<div style=\"height:87px\" aria-hidden=\"true\" class=\"wp-block-spacer\"><\/div>\n\n<\/section>","protected":false},"excerpt":{"rendered":"<p>Crossheads for Co-Extrusion Use different program inserts to select between skin extrusion, stripe extrusion or single layer extrusion. Crosshead Type SC-V-S are designed for skin and single marking stripe production. Application SK = for skin co-extrusionST = for stripe co-extrusionSL = for single layer extrusion Centering S = fixed centeredMS = fixed and manual centered &#8230; <a title=\"Querspritzk\u00f6pfe f\u00fcr die Co-Extrusion\" class=\"read-more\" href=\"https:\/\/unitek-crossheads.com\/de\/products\/crossheads-for-co-extrusion\/\" aria-label=\"Read more about Crossheads for Co-Extrusion\">Weiterlesen<\/a><\/p>","protected":false},"author":1,"featured_media":1320,"parent":31,"menu_order":0,"comment_status":"closed","ping_status":"closed","template":"","meta":{"_eb_attr":"","_uag_custom_page_level_css":"","iawp_total_views":709,"footnotes":""},"class_list":["post-1520","page","type-page","status-publish","has-post-thumbnail"],"featured_image_src":"https:\/\/unitek-crossheads.com\/wp-content\/uploads\/crosshead-products.jpg","yoast_head":"<!-- This site is optimized with the Yoast SEO plugin v27.1.1 - https:\/\/yoast.com\/product\/yoast-seo-wordpress\/ -->\n<title>Crossheads for Co-Extrusion - UNITEK<\/title>\n<meta name=\"robots\" content=\"index, follow, max-snippet:-1, max-image-preview:large, max-video-preview:-1\" \/>\n<link rel=\"canonical\" href=\"https:\/\/unitek-crossheads.com\/de\/products\/crossheads-for-co-extrusion\/\" \/>\n<meta property=\"og:locale\" content=\"de_DE\" \/>\n<meta property=\"og:type\" content=\"article\" \/>\n<meta property=\"og:title\" content=\"Crossheads for Co-Extrusion - UNITEK\" \/>\n<meta property=\"og:description\" content=\"Crossheads for Co-Extrusion Use different program inserts to select between skin extrusion, stripe extrusion or single layer extrusion. Crosshead Type SC-V-S are designed for skin and single marking stripe production. Application SK = for skin co-extrusionST = for stripe co-extrusionSL = for single layer extrusion Centering S = fixed centeredMS = fixed and manual centered ... Read more\" \/>\n<meta property=\"og:url\" content=\"https:\/\/unitek-crossheads.com\/de\/products\/crossheads-for-co-extrusion\/\" \/>\n<meta property=\"og:site_name\" content=\"UNITEK\" \/>\n<meta property=\"article:modified_time\" content=\"2024-03-12T14:44:11+00:00\" \/>\n<meta property=\"og:image\" content=\"https:\/\/unitek-crossheads.com\/wp-content\/uploads\/crosshead-products.jpg\" \/>\n\t<meta property=\"og:image:width\" content=\"2560\" \/>\n\t<meta property=\"og:image:height\" content=\"559\" \/>\n\t<meta property=\"og:image:type\" content=\"image\/jpeg\" \/>\n<meta name=\"twitter:card\" content=\"summary_large_image\" \/>\n<meta name=\"twitter:label1\" content=\"Gesch\u00e4tzte Lesezeit\" \/>\n\t<meta name=\"twitter:data1\" content=\"1 Minute\" \/>\n<script type=\"application\/ld+json\" class=\"yoast-schema-graph\">{\"@context\":\"https:\/\/schema.org\",\"@graph\":[{\"@type\":\"WebPage\",\"@id\":\"https:\/\/unitek-crossheads.com\/products\/crossheads-for-co-extrusion\/\",\"url\":\"https:\/\/unitek-crossheads.com\/products\/crossheads-for-co-extrusion\/\",\"name\":\"Crossheads for Co-Extrusion - UNITEK\",\"isPartOf\":{\"@id\":\"https:\/\/unitek-crossheads.com\/#website\"},\"primaryImageOfPage\":{\"@id\":\"https:\/\/unitek-crossheads.com\/products\/crossheads-for-co-extrusion\/#primaryimage\"},\"image\":{\"@id\":\"https:\/\/unitek-crossheads.com\/products\/crossheads-for-co-extrusion\/#primaryimage\"},\"thumbnailUrl\":\"https:\/\/unitek-crossheads.com\/wp-content\/uploads\/crosshead-products.jpg\",\"datePublished\":\"2023-08-10T17:56:22+00:00\",\"dateModified\":\"2024-03-12T14:44:11+00:00\",\"breadcrumb\":{\"@id\":\"https:\/\/unitek-crossheads.com\/products\/crossheads-for-co-extrusion\/#breadcrumb\"},\"inLanguage\":\"de-AT\",\"potentialAction\":[{\"@type\":\"ReadAction\",\"target\":[\"https:\/\/unitek-crossheads.com\/products\/crossheads-for-co-extrusion\/\"]}]},{\"@type\":\"ImageObject\",\"inLanguage\":\"de-AT\",\"@id\":\"https:\/\/unitek-crossheads.com\/products\/crossheads-for-co-extrusion\/#primaryimage\",\"url\":\"https:\/\/unitek-crossheads.com\/wp-content\/uploads\/crosshead-products.jpg\",\"contentUrl\":\"https:\/\/unitek-crossheads.com\/wp-content\/uploads\/crosshead-products.jpg\",\"width\":2560,\"height\":559},{\"@type\":\"BreadcrumbList\",\"@id\":\"https:\/\/unitek-crossheads.com\/products\/crossheads-for-co-extrusion\/#breadcrumb\",\"itemListElement\":[{\"@type\":\"ListItem\",\"position\":1,\"name\":\"Home\",\"item\":\"https:\/\/unitek-crossheads.com\/\"},{\"@type\":\"ListItem\",\"position\":2,\"name\":\"Products &#038; Applications\",\"item\":\"https:\/\/unitek-crossheads.com\/products\/\"},{\"@type\":\"ListItem\",\"position\":3,\"name\":\"Crossheads for Co-Extrusion\"}]},{\"@type\":\"WebSite\",\"@id\":\"https:\/\/unitek-crossheads.com\/#website\",\"url\":\"https:\/\/unitek-crossheads.com\/\",\"name\":\"UNITEK\",\"description\":\"Crossheads for the cable industry\",\"publisher\":{\"@id\":\"https:\/\/unitek-crossheads.com\/#organization\"},\"potentialAction\":[{\"@type\":\"SearchAction\",\"target\":{\"@type\":\"EntryPoint\",\"urlTemplate\":\"https:\/\/unitek-crossheads.com\/?s={search_term_string}\"},\"query-input\":{\"@type\":\"PropertyValueSpecification\",\"valueRequired\":true,\"valueName\":\"search_term_string\"}}],\"inLanguage\":\"de-AT\"},{\"@type\":\"Organization\",\"@id\":\"https:\/\/unitek-crossheads.com\/#organization\",\"name\":\"UNITEK\",\"url\":\"https:\/\/unitek-crossheads.com\/\",\"logo\":{\"@type\":\"ImageObject\",\"inLanguage\":\"de-AT\",\"@id\":\"https:\/\/unitek-crossheads.com\/#\/schema\/logo\/image\/\",\"url\":\"https:\/\/unitek-crossheads.com\/wp-content\/uploads\/unitek-crossheads-manifucturer.png\",\"contentUrl\":\"https:\/\/unitek-crossheads.com\/wp-content\/uploads\/unitek-crossheads-manifucturer.png\",\"width\":280,\"height\":85,\"caption\":\"UNITEK\"},\"image\":{\"@id\":\"https:\/\/unitek-crossheads.com\/#\/schema\/logo\/image\/\"},\"sameAs\":[\"https:\/\/www.linkedin.com\/company\/unitek-at\/\",\"https:\/\/www.youtube.com\/@UnitekCrossheads\"]}]}<\/script>\n<!-- \/ Yoast SEO plugin. -->","yoast_head_json":{"title":"Crossheads for Co-Extrusion - UNITEK","robots":{"index":"index","follow":"follow","max-snippet":"max-snippet:-1","max-image-preview":"max-image-preview:large","max-video-preview":"max-video-preview:-1"},"canonical":"https:\/\/unitek-crossheads.com\/de\/products\/crossheads-for-co-extrusion\/","og_locale":"de_DE","og_type":"article","og_title":"Crossheads for Co-Extrusion - UNITEK","og_description":"Crossheads for Co-Extrusion Use different program inserts to select between skin extrusion, stripe extrusion or single layer extrusion. Crosshead Type SC-V-S are designed for skin and single marking stripe production. Application SK = for skin co-extrusionST = for stripe co-extrusionSL = for single layer extrusion Centering S = fixed centeredMS = fixed and manual centered ... Read more","og_url":"https:\/\/unitek-crossheads.com\/de\/products\/crossheads-for-co-extrusion\/","og_site_name":"UNITEK","article_modified_time":"2024-03-12T14:44:11+00:00","og_image":[{"width":2560,"height":559,"url":"https:\/\/unitek-crossheads.com\/wp-content\/uploads\/crosshead-products.jpg","type":"image\/jpeg"}],"twitter_card":"summary_large_image","twitter_misc":{"Gesch\u00e4tzte Lesezeit":"1 Minute"},"schema":{"@context":"https:\/\/schema.org","@graph":[{"@type":"WebPage","@id":"https:\/\/unitek-crossheads.com\/products\/crossheads-for-co-extrusion\/","url":"https:\/\/unitek-crossheads.com\/products\/crossheads-for-co-extrusion\/","name":"Crossheads for Co-Extrusion - UNITEK","isPartOf":{"@id":"https:\/\/unitek-crossheads.com\/#website"},"primaryImageOfPage":{"@id":"https:\/\/unitek-crossheads.com\/products\/crossheads-for-co-extrusion\/#primaryimage"},"image":{"@id":"https:\/\/unitek-crossheads.com\/products\/crossheads-for-co-extrusion\/#primaryimage"},"thumbnailUrl":"https:\/\/unitek-crossheads.com\/wp-content\/uploads\/crosshead-products.jpg","datePublished":"2023-08-10T17:56:22+00:00","dateModified":"2024-03-12T14:44:11+00:00","breadcrumb":{"@id":"https:\/\/unitek-crossheads.com\/products\/crossheads-for-co-extrusion\/#breadcrumb"},"inLanguage":"de-AT","potentialAction":[{"@type":"ReadAction","target":["https:\/\/unitek-crossheads.com\/products\/crossheads-for-co-extrusion\/"]}]},{"@type":"ImageObject","inLanguage":"de-AT","@id":"https:\/\/unitek-crossheads.com\/products\/crossheads-for-co-extrusion\/#primaryimage","url":"https:\/\/unitek-crossheads.com\/wp-content\/uploads\/crosshead-products.jpg","contentUrl":"https:\/\/unitek-crossheads.com\/wp-content\/uploads\/crosshead-products.jpg","width":2560,"height":559},{"@type":"BreadcrumbList","@id":"https:\/\/unitek-crossheads.com\/products\/crossheads-for-co-extrusion\/#breadcrumb","itemListElement":[{"@type":"ListItem","position":1,"name":"Home","item":"https:\/\/unitek-crossheads.com\/"},{"@type":"ListItem","position":2,"name":"Products &#038; Applications","item":"https:\/\/unitek-crossheads.com\/products\/"},{"@type":"ListItem","position":3,"name":"Crossheads for Co-Extrusion"}]},{"@type":"WebSite","@id":"https:\/\/unitek-crossheads.com\/#website","url":"https:\/\/unitek-crossheads.com\/","name":"UNITEK","description":"Crossheads for the cable industry","publisher":{"@id":"https:\/\/unitek-crossheads.com\/#organization"},"potentialAction":[{"@type":"SearchAction","target":{"@type":"EntryPoint","urlTemplate":"https:\/\/unitek-crossheads.com\/?s={search_term_string}"},"query-input":{"@type":"PropertyValueSpecification","valueRequired":true,"valueName":"search_term_string"}}],"inLanguage":"de-AT"},{"@type":"Organization","@id":"https:\/\/unitek-crossheads.com\/#organization","name":"UNITEK","url":"https:\/\/unitek-crossheads.com\/","logo":{"@type":"ImageObject","inLanguage":"de-AT","@id":"https:\/\/unitek-crossheads.com\/#\/schema\/logo\/image\/","url":"https:\/\/unitek-crossheads.com\/wp-content\/uploads\/unitek-crossheads-manifucturer.png","contentUrl":"https:\/\/unitek-crossheads.com\/wp-content\/uploads\/unitek-crossheads-manifucturer.png","width":280,"height":85,"caption":"UNITEK"},"image":{"@id":"https:\/\/unitek-crossheads.com\/#\/schema\/logo\/image\/"},"sameAs":["https:\/\/www.linkedin.com\/company\/unitek-at\/","https:\/\/www.youtube.com\/@UnitekCrossheads"]}]}},"uagb_featured_image_src":{"full":["https:\/\/unitek-crossheads.com\/wp-content\/uploads\/crosshead-products.jpg",2560,559,false],"thumbnail":["https:\/\/unitek-crossheads.com\/wp-content\/uploads\/crosshead-products-150x150.jpg",150,150,true],"medium":["https:\/\/unitek-crossheads.com\/wp-content\/uploads\/crosshead-products-300x66.jpg",300,66,true],"medium_large":["https:\/\/unitek-crossheads.com\/wp-content\/uploads\/crosshead-products-768x168.jpg",768,168,true],"large":["https:\/\/unitek-crossheads.com\/wp-content\/uploads\/crosshead-products-1024x224.jpg",1024,224,true],"1536x1536":["https:\/\/unitek-crossheads.com\/wp-content\/uploads\/crosshead-products-1536x335.jpg",1536,335,true],"2048x2048":["https:\/\/unitek-crossheads.com\/wp-content\/uploads\/crosshead-products-2048x447.jpg",2048,447,true],"trp-custom-language-flag":["https:\/\/unitek-crossheads.com\/wp-content\/uploads\/crosshead-products.jpg",18,4,false]},"uagb_author_info":{"display_name":"staging_dev","author_link":"https:\/\/unitek-crossheads.com\/de\/author\/staging_dev\/"},"uagb_comment_info":0,"uagb_excerpt":"Crossheads for Co-Extrusion Use different program inserts to select between skin extrusion, stripe extrusion or single layer extrusion. Crosshead Type SC-V-S are designed for skin and single marking stripe production. Application SK = for skin co-extrusionST = for stripe co-extrusionSL = for single layer extrusion Centering S = fixed centeredMS = fixed and manual centered&hellip;","_links":{"self":[{"href":"https:\/\/unitek-crossheads.com\/de\/wp-json\/wp\/v2\/pages\/1520","targetHints":{"allow":["GET"]}}],"collection":[{"href":"https:\/\/unitek-crossheads.com\/de\/wp-json\/wp\/v2\/pages"}],"about":[{"href":"https:\/\/unitek-crossheads.com\/de\/wp-json\/wp\/v2\/types\/page"}],"author":[{"embeddable":true,"href":"https:\/\/unitek-crossheads.com\/de\/wp-json\/wp\/v2\/users\/1"}],"replies":[{"embeddable":true,"href":"https:\/\/unitek-crossheads.com\/de\/wp-json\/wp\/v2\/comments?post=1520"}],"version-history":[{"count":0,"href":"https:\/\/unitek-crossheads.com\/de\/wp-json\/wp\/v2\/pages\/1520\/revisions"}],"up":[{"embeddable":true,"href":"https:\/\/unitek-crossheads.com\/de\/wp-json\/wp\/v2\/pages\/31"}],"wp:featuredmedia":[{"embeddable":true,"href":"https:\/\/unitek-crossheads.com\/de\/wp-json\/wp\/v2\/media\/1320"}],"wp:attachment":[{"href":"https:\/\/unitek-crossheads.com\/de\/wp-json\/wp\/v2\/media?parent=1520"}],"curies":[{"name":"wp","href":"https:\/\/api.w.org\/{rel}","templated":true}]}}