{"id":1506,"date":"2023-08-10T19:27:19","date_gmt":"2023-08-10T17:27:19","guid":{"rendered":"https:\/\/staging.unitek.at\/?page_id=1506"},"modified":"2024-03-12T18:12:30","modified_gmt":"2024-03-12T17:12:30","slug":"crossheads-for-fluoro-polymer-extrusion","status":"publish","type":"page","link":"https:\/\/unitek-crossheads.com\/de\/products\/crossheads-for-fluoro-polymer-extrusion\/","title":{"rendered":"Querspritzk\u00f6pfe f\u00fcr die Fluorpolymerextrusion"},"content":{"rendered":"<section class=\"gb-container gb-container-713c0e7a\">\n\n<div class=\"wp-block-columns is-layout-flex wp-container-core-columns-is-layout-9d6595d7 wp-block-columns-is-layout-flex\">\n<div class=\"wp-block-column is-layout-flow wp-block-column-is-layout-flow\">\n<h3 class=\"wp-block-heading has-text-align-left\">Querspritzk\u00f6pfe f\u00fcr die Fluorpolymerextrusion<\/h3>\n\n\n\n<p class=\"has-text-align-left\" style=\"font-size:18px\"><strong>Unsere Fluorpolymer-Querspritzk\u00f6pfe wurden f\u00fcr die h\u00e4rtesten Bedingungen konzipiert.<\/strong><\/p>\n\n\n\n<p class=\"has-text-align-left\">Durch die stark korrosive Mikroatmosph\u00e4re, die sich w\u00e4hrend des Extrusionsprozesses von Fluorpolymeren einstellt, werden alle unsere Querspritzk\u00f6pfe f\u00fcr diese Anwendungen aus UNALLOY\u2122, unserer speziell entwickelten fluorbest\u00e4ndigen Nickelbasislegierung, gefertigt.<\/p>\n\n\n\n<p><\/p>\n<\/div>\n\n\n\n<div class=\"wp-block-column is-layout-flow wp-block-column-is-layout-flow\"><div class=\"wp-block-image image-shadow img\">\n<figure class=\"aligncenter size-full\"><img loading=\"lazy\" decoding=\"async\" width=\"750\" height=\"562\" src=\"https:\/\/unitek-crossheads.com\/wp-content\/uploads\/fluoro-polymer-extrusion.jpg\" alt=\"Fluoro Polymer Extrusion\" class=\"wp-image-1310\" srcset=\"https:\/\/unitek-crossheads.com\/wp-content\/uploads\/fluoro-polymer-extrusion.jpg 750w, https:\/\/unitek-crossheads.com\/wp-content\/uploads\/fluoro-polymer-extrusion-300x225.jpg 300w\" sizes=\"auto, (max-width: 750px) 100vw, 750px\" \/><\/figure>\n<\/div><\/div>\n<\/div>\n\n\n\n<div style=\"height:27px\" aria-hidden=\"true\" class=\"wp-block-spacer\"><\/div>\n\n\n<div class=\"gb-container gb-container-88153a7a\">\n<div class=\"gb-container gb-container-8505dce1\">\n\n<p class=\"gb-headline gb-headline-144e2f24 gb-headline-text\"><strong><strong>Applikation<\/strong><\/strong><\/p>\n\n\n\n<p class=\"gb-headline gb-headline-e5280032 gb-headline-text translation-block\">Einschichtextrusion<br>\nCo-Extrusion<\/p>\n\n<\/div>\n\n<div class=\"gb-container gb-container-a6b9bbd4\">\n\n<p class=\"gb-headline gb-headline-b462b575 gb-headline-text\"><strong><strong><strong>verschiedene Zentrierm\u00f6glichkeiten<\/strong><\/strong><\/strong><\/p>\n\n\n\n<p class=\"has-text-align-left translation-block\">Festzentrierung<br>\nManuelle Zentrierung (auf Anfrage)<br>\nFeinzentrierung<\/p>\n\n<\/div>\n\n<div class=\"gb-container gb-container-7f0c728a\">\n\n<p class=\"gb-headline gb-headline-acaa708d gb-headline-text\"><strong><strong><strong>Head sizing<\/strong><\/strong><\/strong><\/p>\n\n\n\n<p class=\"gb-headline gb-headline-497f0482 gb-headline-text\">von Gr\u00f6\u00dfe 4 - Produktdurchmesser max. 4mm bis Gr\u00f6\u00dfe 40 - Produktdurchmesser max. 40mm<\/p>\n\n<\/div>\n<\/div>\n\n\n<div style=\"height:27px\" aria-hidden=\"true\" class=\"wp-block-spacer\"><\/div>\n\n\n\n<p class=\"has-text-align-left\">Die Querspritzk\u00f6pfe f\u00fcr die Fluorpolymerextrusion gibts es in verschiedenen Gr\u00f6\u00dfen &amp; Ausf\u00fchrungen. Das besondere Merkmal  dieser K\u00f6pfe sind die f\u00fcr die Fluorextrusion optimierten Verteiler sowie die verwendeten Nickelbasislegierungen, die durch besondere W\u00e4rmebehandlungsverfahren verschlei\u00dffest gemacht werden. Durch Hochtemperaturheizungen erreichen die K\u00f6pfe sicher ein Niveau von 400\u00b0C. Die K\u00f6pfe k\u00f6nnen optional mit H\u00fclsen ausgestattet werden. Festzentrierte K\u00f6pfe erreichen eine Konzentrizit\u00e4t von min. 92%. F\u00fcr schwierige Applikationen sind auch manuell zentrierbare oder feinzentrierbare Ausf\u00fchrungen erh\u00e4ltlich, die fast 100% Konzentrizit\u00e4t erm\u00f6glichen.<\/p>\n\n\n\n<div style=\"height:33px\" aria-hidden=\"true\" class=\"wp-block-spacer\"><\/div>\n\n\n\n<div class=\"wp-block-columns is-layout-flex wp-container-core-columns-is-layout-9d6595d7 wp-block-columns-is-layout-flex\">\n<div class=\"wp-block-column is-layout-flow wp-block-column-is-layout-flow\">\n<a class=\"gb-button gb-button-6a5678ce gb-button-text\" href=\"https:\/\/unitek-crossheads.com\/de\/contact\/\">Kontakt<\/a>\n<\/div>\n\n\n\n<div class=\"wp-block-column is-layout-flow wp-block-column-is-layout-flow\">\n<a class=\"gb-button gb-button-75a5b5e1 gb-button-text\" href=\"\/de\/Unitek product folder crossheads for fluoro polymer extrusion\/\"><strong>Download Produkt Folder (PDF)<\/strong><\/a>\n<\/div>\n<\/div>\n\n\n\n<div style=\"height:127px\" aria-hidden=\"true\" class=\"wp-block-spacer\"><\/div>\n\n<\/section>","protected":false},"excerpt":{"rendered":"<p>Crossheads for Fluoro Polymer Extrusion UNITEK fluoro-polymer crossheads have to withstand the hardest conditions. The microatmosphere which is formed during the extrusion process is strongly corrosive. Therefore all of our crossheads are made out of UNALLOY\u2122, our specially developed fluoro-resistant nickel-based alloy. Application Single Layer extrusionCo-extrusion for skins and stripe Centering Fixed centered crossheadsFine centered &#8230; <a title=\"Querspritzk\u00f6pfe f\u00fcr die Fluorpolymerextrusion\" class=\"read-more\" href=\"https:\/\/unitek-crossheads.com\/de\/products\/crossheads-for-fluoro-polymer-extrusion\/\" aria-label=\"Read more about Crossheads for Fluoro Polymer Extrusion\">Weiterlesen<\/a><\/p>","protected":false},"author":1,"featured_media":1320,"parent":31,"menu_order":0,"comment_status":"closed","ping_status":"closed","template":"","meta":{"_eb_attr":"","_uag_custom_page_level_css":"","iawp_total_views":373,"footnotes":""},"class_list":["post-1506","page","type-page","status-publish","has-post-thumbnail"],"featured_image_src":"https:\/\/unitek-crossheads.com\/wp-content\/uploads\/crosshead-products.jpg","yoast_head":"<!-- This site is optimized with the Yoast SEO plugin v27.1.1 - https:\/\/yoast.com\/product\/yoast-seo-wordpress\/ -->\n<title>Crossheads for Fluoro Polymer Extrusion - UNITEK<\/title>\n<meta name=\"robots\" content=\"index, follow, max-snippet:-1, max-image-preview:large, max-video-preview:-1\" \/>\n<link rel=\"canonical\" href=\"https:\/\/unitek-crossheads.com\/de\/products\/crossheads-for-fluoro-polymer-extrusion\/\" \/>\n<meta property=\"og:locale\" content=\"de_DE\" \/>\n<meta property=\"og:type\" content=\"article\" \/>\n<meta property=\"og:title\" content=\"Crossheads for Fluoro Polymer Extrusion - UNITEK\" \/>\n<meta property=\"og:description\" content=\"Crossheads for Fluoro Polymer Extrusion UNITEK fluoro-polymer crossheads have to withstand the hardest conditions. The microatmosphere which is formed during the extrusion process is strongly corrosive. Therefore all of our crossheads are made out of UNALLOY\u2122, our specially developed fluoro-resistant nickel-based alloy. Application Single Layer extrusionCo-extrusion for skins and stripe Centering Fixed centered crossheadsFine centered ... Read more\" \/>\n<meta property=\"og:url\" content=\"https:\/\/unitek-crossheads.com\/de\/products\/crossheads-for-fluoro-polymer-extrusion\/\" \/>\n<meta property=\"og:site_name\" content=\"UNITEK\" \/>\n<meta property=\"article:modified_time\" content=\"2024-03-12T17:12:30+00:00\" \/>\n<meta property=\"og:image\" content=\"https:\/\/unitek-crossheads.com\/wp-content\/uploads\/crosshead-products.jpg\" \/>\n\t<meta property=\"og:image:width\" content=\"2560\" \/>\n\t<meta property=\"og:image:height\" content=\"559\" \/>\n\t<meta property=\"og:image:type\" content=\"image\/jpeg\" \/>\n<meta name=\"twitter:card\" content=\"summary_large_image\" \/>\n<meta name=\"twitter:label1\" content=\"Gesch\u00e4tzte Lesezeit\" \/>\n\t<meta name=\"twitter:data1\" content=\"1 Minute\" \/>\n<script type=\"application\/ld+json\" class=\"yoast-schema-graph\">{\"@context\":\"https:\/\/schema.org\",\"@graph\":[{\"@type\":\"WebPage\",\"@id\":\"https:\/\/unitek-crossheads.com\/products\/crossheads-for-fluoro-polymer-extrusion\/\",\"url\":\"https:\/\/unitek-crossheads.com\/products\/crossheads-for-fluoro-polymer-extrusion\/\",\"name\":\"Crossheads for Fluoro Polymer Extrusion - UNITEK\",\"isPartOf\":{\"@id\":\"https:\/\/unitek-crossheads.com\/#website\"},\"primaryImageOfPage\":{\"@id\":\"https:\/\/unitek-crossheads.com\/products\/crossheads-for-fluoro-polymer-extrusion\/#primaryimage\"},\"image\":{\"@id\":\"https:\/\/unitek-crossheads.com\/products\/crossheads-for-fluoro-polymer-extrusion\/#primaryimage\"},\"thumbnailUrl\":\"https:\/\/unitek-crossheads.com\/wp-content\/uploads\/crosshead-products.jpg\",\"datePublished\":\"2023-08-10T17:27:19+00:00\",\"dateModified\":\"2024-03-12T17:12:30+00:00\",\"breadcrumb\":{\"@id\":\"https:\/\/unitek-crossheads.com\/products\/crossheads-for-fluoro-polymer-extrusion\/#breadcrumb\"},\"inLanguage\":\"de-AT\",\"potentialAction\":[{\"@type\":\"ReadAction\",\"target\":[\"https:\/\/unitek-crossheads.com\/products\/crossheads-for-fluoro-polymer-extrusion\/\"]}]},{\"@type\":\"ImageObject\",\"inLanguage\":\"de-AT\",\"@id\":\"https:\/\/unitek-crossheads.com\/products\/crossheads-for-fluoro-polymer-extrusion\/#primaryimage\",\"url\":\"https:\/\/unitek-crossheads.com\/wp-content\/uploads\/crosshead-products.jpg\",\"contentUrl\":\"https:\/\/unitek-crossheads.com\/wp-content\/uploads\/crosshead-products.jpg\",\"width\":2560,\"height\":559},{\"@type\":\"BreadcrumbList\",\"@id\":\"https:\/\/unitek-crossheads.com\/products\/crossheads-for-fluoro-polymer-extrusion\/#breadcrumb\",\"itemListElement\":[{\"@type\":\"ListItem\",\"position\":1,\"name\":\"Home\",\"item\":\"https:\/\/unitek-crossheads.com\/\"},{\"@type\":\"ListItem\",\"position\":2,\"name\":\"Products &#038; Applications\",\"item\":\"https:\/\/unitek-crossheads.com\/products\/\"},{\"@type\":\"ListItem\",\"position\":3,\"name\":\"Crossheads for Fluoro Polymer Extrusion\"}]},{\"@type\":\"WebSite\",\"@id\":\"https:\/\/unitek-crossheads.com\/#website\",\"url\":\"https:\/\/unitek-crossheads.com\/\",\"name\":\"UNITEK\",\"description\":\"Crossheads for the cable industry\",\"publisher\":{\"@id\":\"https:\/\/unitek-crossheads.com\/#organization\"},\"potentialAction\":[{\"@type\":\"SearchAction\",\"target\":{\"@type\":\"EntryPoint\",\"urlTemplate\":\"https:\/\/unitek-crossheads.com\/?s={search_term_string}\"},\"query-input\":{\"@type\":\"PropertyValueSpecification\",\"valueRequired\":true,\"valueName\":\"search_term_string\"}}],\"inLanguage\":\"de-AT\"},{\"@type\":\"Organization\",\"@id\":\"https:\/\/unitek-crossheads.com\/#organization\",\"name\":\"UNITEK\",\"url\":\"https:\/\/unitek-crossheads.com\/\",\"logo\":{\"@type\":\"ImageObject\",\"inLanguage\":\"de-AT\",\"@id\":\"https:\/\/unitek-crossheads.com\/#\/schema\/logo\/image\/\",\"url\":\"https:\/\/unitek-crossheads.com\/wp-content\/uploads\/unitek-crossheads-manifucturer.png\",\"contentUrl\":\"https:\/\/unitek-crossheads.com\/wp-content\/uploads\/unitek-crossheads-manifucturer.png\",\"width\":280,\"height\":85,\"caption\":\"UNITEK\"},\"image\":{\"@id\":\"https:\/\/unitek-crossheads.com\/#\/schema\/logo\/image\/\"},\"sameAs\":[\"https:\/\/www.linkedin.com\/company\/unitek-at\/\",\"https:\/\/www.youtube.com\/@UnitekCrossheads\"]}]}<\/script>\n<!-- \/ Yoast SEO plugin. -->","yoast_head_json":{"title":"Crossheads for Fluoro Polymer Extrusion - UNITEK","robots":{"index":"index","follow":"follow","max-snippet":"max-snippet:-1","max-image-preview":"max-image-preview:large","max-video-preview":"max-video-preview:-1"},"canonical":"https:\/\/unitek-crossheads.com\/de\/products\/crossheads-for-fluoro-polymer-extrusion\/","og_locale":"de_DE","og_type":"article","og_title":"Crossheads for Fluoro Polymer Extrusion - UNITEK","og_description":"Crossheads for Fluoro Polymer Extrusion UNITEK fluoro-polymer crossheads have to withstand the hardest conditions. The microatmosphere which is formed during the extrusion process is strongly corrosive. Therefore all of our crossheads are made out of UNALLOY\u2122, our specially developed fluoro-resistant nickel-based alloy. Application Single Layer extrusionCo-extrusion for skins and stripe Centering Fixed centered crossheadsFine centered ... Read more","og_url":"https:\/\/unitek-crossheads.com\/de\/products\/crossheads-for-fluoro-polymer-extrusion\/","og_site_name":"UNITEK","article_modified_time":"2024-03-12T17:12:30+00:00","og_image":[{"width":2560,"height":559,"url":"https:\/\/unitek-crossheads.com\/wp-content\/uploads\/crosshead-products.jpg","type":"image\/jpeg"}],"twitter_card":"summary_large_image","twitter_misc":{"Gesch\u00e4tzte Lesezeit":"1 Minute"},"schema":{"@context":"https:\/\/schema.org","@graph":[{"@type":"WebPage","@id":"https:\/\/unitek-crossheads.com\/products\/crossheads-for-fluoro-polymer-extrusion\/","url":"https:\/\/unitek-crossheads.com\/products\/crossheads-for-fluoro-polymer-extrusion\/","name":"Crossheads for Fluoro Polymer Extrusion - UNITEK","isPartOf":{"@id":"https:\/\/unitek-crossheads.com\/#website"},"primaryImageOfPage":{"@id":"https:\/\/unitek-crossheads.com\/products\/crossheads-for-fluoro-polymer-extrusion\/#primaryimage"},"image":{"@id":"https:\/\/unitek-crossheads.com\/products\/crossheads-for-fluoro-polymer-extrusion\/#primaryimage"},"thumbnailUrl":"https:\/\/unitek-crossheads.com\/wp-content\/uploads\/crosshead-products.jpg","datePublished":"2023-08-10T17:27:19+00:00","dateModified":"2024-03-12T17:12:30+00:00","breadcrumb":{"@id":"https:\/\/unitek-crossheads.com\/products\/crossheads-for-fluoro-polymer-extrusion\/#breadcrumb"},"inLanguage":"de-AT","potentialAction":[{"@type":"ReadAction","target":["https:\/\/unitek-crossheads.com\/products\/crossheads-for-fluoro-polymer-extrusion\/"]}]},{"@type":"ImageObject","inLanguage":"de-AT","@id":"https:\/\/unitek-crossheads.com\/products\/crossheads-for-fluoro-polymer-extrusion\/#primaryimage","url":"https:\/\/unitek-crossheads.com\/wp-content\/uploads\/crosshead-products.jpg","contentUrl":"https:\/\/unitek-crossheads.com\/wp-content\/uploads\/crosshead-products.jpg","width":2560,"height":559},{"@type":"BreadcrumbList","@id":"https:\/\/unitek-crossheads.com\/products\/crossheads-for-fluoro-polymer-extrusion\/#breadcrumb","itemListElement":[{"@type":"ListItem","position":1,"name":"Home","item":"https:\/\/unitek-crossheads.com\/"},{"@type":"ListItem","position":2,"name":"Products &#038; Applications","item":"https:\/\/unitek-crossheads.com\/products\/"},{"@type":"ListItem","position":3,"name":"Crossheads for Fluoro Polymer Extrusion"}]},{"@type":"WebSite","@id":"https:\/\/unitek-crossheads.com\/#website","url":"https:\/\/unitek-crossheads.com\/","name":"UNITEK","description":"Crossheads for the cable industry","publisher":{"@id":"https:\/\/unitek-crossheads.com\/#organization"},"potentialAction":[{"@type":"SearchAction","target":{"@type":"EntryPoint","urlTemplate":"https:\/\/unitek-crossheads.com\/?s={search_term_string}"},"query-input":{"@type":"PropertyValueSpecification","valueRequired":true,"valueName":"search_term_string"}}],"inLanguage":"de-AT"},{"@type":"Organization","@id":"https:\/\/unitek-crossheads.com\/#organization","name":"UNITEK","url":"https:\/\/unitek-crossheads.com\/","logo":{"@type":"ImageObject","inLanguage":"de-AT","@id":"https:\/\/unitek-crossheads.com\/#\/schema\/logo\/image\/","url":"https:\/\/unitek-crossheads.com\/wp-content\/uploads\/unitek-crossheads-manifucturer.png","contentUrl":"https:\/\/unitek-crossheads.com\/wp-content\/uploads\/unitek-crossheads-manifucturer.png","width":280,"height":85,"caption":"UNITEK"},"image":{"@id":"https:\/\/unitek-crossheads.com\/#\/schema\/logo\/image\/"},"sameAs":["https:\/\/www.linkedin.com\/company\/unitek-at\/","https:\/\/www.youtube.com\/@UnitekCrossheads"]}]}},"uagb_featured_image_src":{"full":["https:\/\/unitek-crossheads.com\/wp-content\/uploads\/crosshead-products.jpg",2560,559,false],"thumbnail":["https:\/\/unitek-crossheads.com\/wp-content\/uploads\/crosshead-products-150x150.jpg",150,150,true],"medium":["https:\/\/unitek-crossheads.com\/wp-content\/uploads\/crosshead-products-300x66.jpg",300,66,true],"medium_large":["https:\/\/unitek-crossheads.com\/wp-content\/uploads\/crosshead-products-768x168.jpg",768,168,true],"large":["https:\/\/unitek-crossheads.com\/wp-content\/uploads\/crosshead-products-1024x224.jpg",1024,224,true],"1536x1536":["https:\/\/unitek-crossheads.com\/wp-content\/uploads\/crosshead-products-1536x335.jpg",1536,335,true],"2048x2048":["https:\/\/unitek-crossheads.com\/wp-content\/uploads\/crosshead-products-2048x447.jpg",2048,447,true],"trp-custom-language-flag":["https:\/\/unitek-crossheads.com\/wp-content\/uploads\/crosshead-products.jpg",18,4,false]},"uagb_author_info":{"display_name":"staging_dev","author_link":"https:\/\/unitek-crossheads.com\/de\/author\/staging_dev\/"},"uagb_comment_info":0,"uagb_excerpt":"Crossheads for Fluoro Polymer Extrusion UNITEK fluoro-polymer crossheads have to withstand the hardest conditions. The microatmosphere which is formed during the extrusion process is strongly corrosive. Therefore all of our crossheads are made out of UNALLOY\u2122, our specially developed fluoro-resistant nickel-based alloy. Application Single Layer extrusionCo-extrusion for skins and stripe Centering Fixed centered crossheadsFine centered&hellip;","_links":{"self":[{"href":"https:\/\/unitek-crossheads.com\/de\/wp-json\/wp\/v2\/pages\/1506","targetHints":{"allow":["GET"]}}],"collection":[{"href":"https:\/\/unitek-crossheads.com\/de\/wp-json\/wp\/v2\/pages"}],"about":[{"href":"https:\/\/unitek-crossheads.com\/de\/wp-json\/wp\/v2\/types\/page"}],"author":[{"embeddable":true,"href":"https:\/\/unitek-crossheads.com\/de\/wp-json\/wp\/v2\/users\/1"}],"replies":[{"embeddable":true,"href":"https:\/\/unitek-crossheads.com\/de\/wp-json\/wp\/v2\/comments?post=1506"}],"version-history":[{"count":0,"href":"https:\/\/unitek-crossheads.com\/de\/wp-json\/wp\/v2\/pages\/1506\/revisions"}],"up":[{"embeddable":true,"href":"https:\/\/unitek-crossheads.com\/de\/wp-json\/wp\/v2\/pages\/31"}],"wp:featuredmedia":[{"embeddable":true,"href":"https:\/\/unitek-crossheads.com\/de\/wp-json\/wp\/v2\/media\/1320"}],"wp:attachment":[{"href":"https:\/\/unitek-crossheads.com\/de\/wp-json\/wp\/v2\/media?parent=1506"}],"curies":[{"name":"wp","href":"https:\/\/api.w.org\/{rel}","templated":true}]}}