{"id":1375,"date":"2023-08-08T19:42:14","date_gmt":"2023-08-08T17:42:14","guid":{"rendered":"https:\/\/staging.unitek.at\/?page_id=1375"},"modified":"2024-03-13T17:01:27","modified_gmt":"2024-03-13T16:01:27","slug":"customized-parts","status":"publish","type":"page","link":"https:\/\/unitek-crossheads.com\/de\/products\/customized-parts\/","title":{"rendered":"Sonderteile &amp; Zubeh\u00f6r"},"content":{"rendered":"<section class=\"gb-container gb-container-713c0e7a\">\n\n<div class=\"wp-block-columns is-layout-flex wp-container-core-columns-is-layout-9d6595d7 wp-block-columns-is-layout-flex\">\n<div class=\"wp-block-column is-layout-flow wp-block-column-is-layout-flow\">\n<h3 class=\"wp-block-heading has-text-align-left\">Sonderteile &amp; Zubeh\u00f6r<\/h3>\n\n\n\n<p class=\"has-text-align-left translation-block\" style=\"font-size:18px\"><strong>Ein ganz besonderes Anliegen ist uns 100 prozentige Kundenzufriedenheit. Deshalb entwickeln wir seit Jahrzehnten mit unseren Kunden auch sehr gerne ganz spezifische L\u00f6sungen. Dies k\u00f6nnen bestimmte eingeengte Einbausituationen sein, die Extrusion von Spezialpolymeren oder aber auch die Adaptierung von bestehenden Systemen.<\/strong><\/p>\n\n\n\n<p><\/p>\n<\/div>\n\n\n\n<div class=\"wp-block-column is-layout-flow wp-block-column-is-layout-flow\"><div class=\"wp-block-image image-shadow img\">\n<figure class=\"aligncenter size-large\"><img loading=\"lazy\" decoding=\"async\" width=\"1024\" height=\"767\" src=\"https:\/\/unitek-crossheads.com\/wp-content\/uploads\/customized-parts-wire-cable-industry-1024x767.jpg\" alt=\"Customized parts the wire and cable industry\" class=\"wp-image-1216\" srcset=\"https:\/\/unitek-crossheads.com\/wp-content\/uploads\/customized-parts-wire-cable-industry-1024x767.jpg 1024w, https:\/\/unitek-crossheads.com\/wp-content\/uploads\/customized-parts-wire-cable-industry-300x225.jpg 300w, https:\/\/unitek-crossheads.com\/wp-content\/uploads\/customized-parts-wire-cable-industry-768x576.jpg 768w, https:\/\/unitek-crossheads.com\/wp-content\/uploads\/customized-parts-wire-cable-industry-1536x1151.jpg 1536w, https:\/\/unitek-crossheads.com\/wp-content\/uploads\/customized-parts-wire-cable-industry.jpg 1800w\" sizes=\"auto, (max-width: 1024px) 100vw, 1024px\" \/><\/figure>\n<\/div><\/div>\n<\/div>\n\n\n\n<div style=\"height:26px\" aria-hidden=\"true\" class=\"wp-block-spacer\"><\/div>\n\n\n<div class=\"gb-container gb-container-88153a7a\">\n<div class=\"gb-container gb-container-8505dce1\">\n\n<p class=\"gb-headline gb-headline-144e2f24 gb-headline-text\"><strong><strong><strong>Querspritzk\u00f6pfe f\u00fcr Sonderkabel<\/strong><\/strong><\/strong><\/p>\n\n\n\n<p class=\"has-text-align-left has-base-3-color has-text-color has-link-color wp-elements-e7754312e1212ae89520495a1cc9da8f\">Pinolen und H\u00fclsen f\u00fcr HFFR- &amp; andere hochviskose Materialien<br>Pinolen und H\u00fclsen f\u00fcr niedrigviskose Polymere<br>Verteiler f\u00fcr Farbwechselanwendungen<br>Verteiler f\u00fcr Sonder- &amp; Kundenwerkzeuge<br>Kundenspezifische Verteiler<\/p>\n\n<\/div>\n\n<div class=\"gb-container gb-container-a6b9bbd4\">\n\n<p class=\"gb-headline gb-headline-b462b575 gb-headline-text\"><strong><strong><strong><strong>Adapters<\/strong><\/strong><\/strong><\/strong><\/p>\n\n\n\n<p class=\"has-text-align-left\">Extruderadaptoren<br>Adapterbl\u00f6cke f\u00fcr Querspritzk\u00f6pfe<br>Lochblenden<br>Lochplatten<\/p>\n\n<\/div>\n\n<div class=\"gb-container gb-container-7f0c728a\">\n\n<p class=\"gb-headline gb-headline-acaa708d gb-headline-text\"><strong><strong><strong>Other<\/strong><\/strong><\/strong><\/p>\n\n\n\n<p class=\"has-text-align-left has-base-3-color has-text-color has-link-color wp-elements-6f9e1f410cabfca8d84b66d3c280e8eb\">Unterst\u00fctzungen &amp; Unterst\u00fctzungswagen<br>Hydraulikaggregate<br>Steuerungs- &amp; Klemmenk\u00e4sten<\/p>\n\n<\/div>\n<\/div>\n\n\n<div style=\"height:33px\" aria-hidden=\"true\" class=\"wp-block-spacer\"><\/div>\n\n\n\n<p class=\"has-text-align-left\">Kundenspezifische Produkte und Sonderl\u00f6sungen sind unser t\u00e4gliches Gesch\u00e4ft. Sehr gerne entwickeln wir auch mit Ihnen Ihre Ideen &amp; Anforderungen weiter oder fertigen nach bereits vorhandenen Zeichnungen. Unsere Konstruktionsabteilung erstellt eine \u00fcbersichtliche Dokumentation in Form von Zeichnungen oder 3D-Modellen je nach Anforderung und Detaillierungsgrad. Bereits vorhandene Einbausituationen k\u00f6nnen so vor Auftragserteilung ber\u00fccksichtigt werden &amp; helfen Ihnen in der Entscheidungsfindung. Unsere Anwendungstechniker beraten Sie im Bedarfsfall vor Ort - vereinbaren Sie einen Besichtigungstermin!<\/p>\n\n\n\n<div style=\"height:33px\" aria-hidden=\"true\" class=\"wp-block-spacer\"><\/div>\n\n\n\n<div class=\"wp-block-columns is-layout-flex wp-container-core-columns-is-layout-9d6595d7 wp-block-columns-is-layout-flex\">\n<div class=\"wp-block-column is-layout-flow wp-block-column-is-layout-flow\">\n<a class=\"gb-button gb-button-6a5678ce gb-button-text\" href=\"https:\/\/unitek-crossheads.com\/de\/contact\/\">Kontakt<\/a>\n<\/div>\n\n\n\n<div class=\"wp-block-column is-layout-flow wp-block-column-is-layout-flow\">\n<a class=\"gb-button gb-button-75a5b5e1 gb-button-text\" href=\"https:\/\/unitek-crossheads.com\/wp-content\/uploads\/unitek-product-overview.pdf\"><strong>Download Produkt Folder (PDF)<\/strong><\/a>\n<\/div>\n<\/div>\n\n\n\n<div style=\"height:33px\" aria-hidden=\"true\" class=\"wp-block-spacer\"><\/div>\n\n\n\n<p class=\"gb-headline gb-headline-dd29b475\"><span class=\"gb-icon\"><svg aria-hidden=\"true\" role=\"img\" height=\"1em\" width=\"1em\" viewbox=\"0 0 192 512\" xmlns=\"http:\/\/www.w3.org\/2000\/svg\"><path fill=\"currentColor\" d=\"M96 184c39.8 0 72 32.2 72 72s-32.2 72-72 72-72-32.2-72-72 32.2-72 72-72zM24 80c0 39.8 32.2 72 72 72s72-32.2 72-72S135.8 8 96 8 24 40.2 24 80zm0 352c0 39.8 32.2 72 72 72s72-32.2 72-72-32.2-72-72-72-72 32.2-72 72z\"><\/path><\/svg><\/span><span class=\"gb-headline-text\"><strong>Querspritzk\u00f6pfe f\u00fcr Sonderkabel<\/strong><\/span><\/p>\n\n\n\n<p class=\"has-text-align-left\">In addition to the standard type distributors, we are able to offer special designs in order to meet the requirements of a huge number of applications.<\/p>\n\n\n\n<p class=\"has-text-align-left\">&#8211; Standard cartridges and program inserts for PVC and PE<br>&#8211; Cartridges and program inserts for low-viscosity (LV) materials such as polyamide and polyurethane<br>&#8211; Cartridges and program inserts for high-viscosity (HFC) materials, especially for HFFR materials or highly filled polymers<br>&#8211; Geometries for seam-line reduction<br>&#8211; Distributors for colour changing application<\/p>\n\n\n\n<p class=\"gb-headline gb-headline-577c16af\"><span class=\"gb-icon\"><svg aria-hidden=\"true\" role=\"img\" height=\"1em\" width=\"1em\" viewbox=\"0 0 192 512\" xmlns=\"http:\/\/www.w3.org\/2000\/svg\"><path fill=\"currentColor\" d=\"M96 184c39.8 0 72 32.2 72 72s-32.2 72-72 72-72-32.2-72-72 32.2-72 72-72zM24 80c0 39.8 32.2 72 72 72s72-32.2 72-72S135.8 8 96 8 24 40.2 24 80zm0 352c0 39.8 32.2 72 72 72s72-32.2 72-72-32.2-72-72-72-72 32.2-72 72z\"><\/path><\/svg><\/span><span class=\"gb-headline-text\"><strong>Adaptoren f\u00fcr bestehende Anlagen<\/strong><\/span><\/p>\n\n\n\n<p class=\"has-text-align-left\">We can provide any adapter, breaker plate or orifice for any existing or new production line:<\/p>\n\n\n\n<p class=\"has-text-align-left\">&#8211; Extruder adapters<br>&#8211; Mass-flow deviations<br>&#8211; Adapter blocks<br>&#8211; Breaker plates<\/p>\n\n\n\n<p class=\"gb-headline gb-headline-1285c212\"><span class=\"gb-icon\"><svg aria-hidden=\"true\" role=\"img\" height=\"1em\" width=\"1em\" viewbox=\"0 0 192 512\" xmlns=\"http:\/\/www.w3.org\/2000\/svg\"><path fill=\"currentColor\" d=\"M96 184c39.8 0 72 32.2 72 72s-32.2 72-72 72-72-32.2-72-72 32.2-72 72-72zM24 80c0 39.8 32.2 72 72 72s72-32.2 72-72S135.8 8 96 8 24 40.2 24 80zm0 352c0 39.8 32.2 72 72 72s72-32.2 72-72-32.2-72-72-72-72 32.2-72 72z\"><\/path><\/svg><\/span><span class=\"gb-headline-text\"><strong>Kundenspezifische Extrusionswerkzeuge<\/strong><\/span><\/p>\n\n\n\n<p class=\"has-text-align-left\">We can provide any adapter, breaker plate or orifice for any existing or new production line:<\/p>\n\n\n\n<p class=\"has-text-align-left\">&#8211; Support rods<br>&#8211; Support trolleys<\/p>\n\n\n\n<p class=\"gb-headline gb-headline-da65c9f3\"><span class=\"gb-icon\"><svg aria-hidden=\"true\" role=\"img\" height=\"1em\" width=\"1em\" viewbox=\"0 0 192 512\" xmlns=\"http:\/\/www.w3.org\/2000\/svg\"><path fill=\"currentColor\" d=\"M96 184c39.8 0 72 32.2 72 72s-32.2 72-72 72-72-32.2-72-72 32.2-72 72-72zM24 80c0 39.8 32.2 72 72 72s72-32.2 72-72S135.8 8 96 8 24 40.2 24 80zm0 352c0 39.8 32.2 72 72 72s72-32.2 72-72-32.2-72-72-72-72 32.2-72 72z\"><\/path><\/svg><\/span><span class=\"gb-headline-text\"><strong>Control cabinets<\/strong><\/span><\/p>\n\n\n\n<p class=\"gb-headline gb-headline-dd1bda5f\"><span class=\"gb-icon\"><svg aria-hidden=\"true\" role=\"img\" height=\"1em\" width=\"1em\" viewbox=\"0 0 192 512\" xmlns=\"http:\/\/www.w3.org\/2000\/svg\"><path fill=\"currentColor\" d=\"M96 184c39.8 0 72 32.2 72 72s-32.2 72-72 72-72-32.2-72-72 32.2-72 72-72zM24 80c0 39.8 32.2 72 72 72s72-32.2 72-72S135.8 8 96 8 24 40.2 24 80zm0 352c0 39.8 32.2 72 72 72s72-32.2 72-72-32.2-72-72-72-72 32.2-72 72z\"><\/path><\/svg><\/span><span class=\"gb-headline-text\"><strong><strong>Engineering &amp; Consultancy<\/strong><\/strong><\/span><\/p>\n\n\n\n<p class=\"gb-headline gb-headline-5f31d1ef\"><span class=\"gb-icon\"><svg aria-hidden=\"true\" role=\"img\" height=\"1em\" width=\"1em\" viewbox=\"0 0 192 512\" xmlns=\"http:\/\/www.w3.org\/2000\/svg\"><path fill=\"currentColor\" d=\"M96 184c39.8 0 72 32.2 72 72s-32.2 72-72 72-72-32.2-72-72 32.2-72 72-72zM24 80c0 39.8 32.2 72 72 72s72-32.2 72-72S135.8 8 96 8 24 40.2 24 80zm0 352c0 39.8 32.2 72 72 72s72-32.2 72-72-32.2-72-72-72-72 32.2-72 72z\"><\/path><\/svg><\/span><span class=\"gb-headline-text\"><strong>Upgrades<\/strong><\/span><\/p>\n\n\n\n<p><\/p>\n\n\n\n<div style=\"height:115px\" aria-hidden=\"true\" class=\"wp-block-spacer\"><\/div>\n\n<\/section>","protected":false},"excerpt":{"rendered":"<p>Customized parts Unitek can provide customized parts for almost any application for the wire and cable industry.We can fit our crossheads and peripheral equipment to nearly any existing production line. Based on your drawing or model we design and manufacture adapters, breaker plates and orifices that matches any extruder design. Distributors Quills and sleeves for &#8230; <a title=\"Sonderteile &amp; Zubeh\u00f6r\" class=\"read-more\" href=\"https:\/\/unitek-crossheads.com\/de\/products\/customized-parts\/\" aria-label=\"Read more about Customized parts\">Weiterlesen<\/a><\/p>","protected":false},"author":1,"featured_media":1320,"parent":31,"menu_order":0,"comment_status":"closed","ping_status":"closed","template":"","meta":{"_eb_attr":"","_uag_custom_page_level_css":"","iawp_total_views":341,"footnotes":""},"class_list":["post-1375","page","type-page","status-publish","has-post-thumbnail"],"featured_image_src":"https:\/\/unitek-crossheads.com\/wp-content\/uploads\/crosshead-products.jpg","yoast_head":"<!-- This site is optimized with the Yoast SEO plugin v27.1.1 - https:\/\/yoast.com\/product\/yoast-seo-wordpress\/ -->\n<title>Customized parts - UNITEK<\/title>\n<meta name=\"robots\" content=\"index, follow, max-snippet:-1, max-image-preview:large, max-video-preview:-1\" \/>\n<link rel=\"canonical\" href=\"https:\/\/unitek-crossheads.com\/de\/products\/customized-parts\/\" \/>\n<meta property=\"og:locale\" content=\"de_DE\" \/>\n<meta property=\"og:type\" content=\"article\" \/>\n<meta property=\"og:title\" content=\"Customized parts - UNITEK\" \/>\n<meta property=\"og:description\" content=\"Customized parts Unitek can provide customized parts for almost any application for the wire and cable industry.We can fit our crossheads and peripheral equipment to nearly any existing production line. Based on your drawing or model we design and manufacture adapters, breaker plates and orifices that matches any extruder design. Distributors Quills and sleeves for ... Read more\" \/>\n<meta property=\"og:url\" content=\"https:\/\/unitek-crossheads.com\/de\/products\/customized-parts\/\" \/>\n<meta property=\"og:site_name\" content=\"UNITEK\" \/>\n<meta property=\"article:modified_time\" content=\"2024-03-13T16:01:27+00:00\" \/>\n<meta property=\"og:image\" content=\"https:\/\/unitek-crossheads.com\/wp-content\/uploads\/crosshead-products.jpg\" \/>\n\t<meta property=\"og:image:width\" content=\"2560\" \/>\n\t<meta property=\"og:image:height\" content=\"559\" \/>\n\t<meta property=\"og:image:type\" content=\"image\/jpeg\" \/>\n<meta name=\"twitter:card\" content=\"summary_large_image\" \/>\n<meta name=\"twitter:label1\" content=\"Gesch\u00e4tzte Lesezeit\" \/>\n\t<meta name=\"twitter:data1\" content=\"2 Minuten\" \/>\n<script type=\"application\/ld+json\" class=\"yoast-schema-graph\">{\"@context\":\"https:\/\/schema.org\",\"@graph\":[{\"@type\":\"WebPage\",\"@id\":\"https:\/\/unitek-crossheads.com\/products\/customized-parts\/\",\"url\":\"https:\/\/unitek-crossheads.com\/products\/customized-parts\/\",\"name\":\"Customized parts - UNITEK\",\"isPartOf\":{\"@id\":\"https:\/\/unitek-crossheads.com\/#website\"},\"primaryImageOfPage\":{\"@id\":\"https:\/\/unitek-crossheads.com\/products\/customized-parts\/#primaryimage\"},\"image\":{\"@id\":\"https:\/\/unitek-crossheads.com\/products\/customized-parts\/#primaryimage\"},\"thumbnailUrl\":\"https:\/\/unitek-crossheads.com\/wp-content\/uploads\/crosshead-products.jpg\",\"datePublished\":\"2023-08-08T17:42:14+00:00\",\"dateModified\":\"2024-03-13T16:01:27+00:00\",\"breadcrumb\":{\"@id\":\"https:\/\/unitek-crossheads.com\/products\/customized-parts\/#breadcrumb\"},\"inLanguage\":\"de-AT\",\"potentialAction\":[{\"@type\":\"ReadAction\",\"target\":[\"https:\/\/unitek-crossheads.com\/products\/customized-parts\/\"]}]},{\"@type\":\"ImageObject\",\"inLanguage\":\"de-AT\",\"@id\":\"https:\/\/unitek-crossheads.com\/products\/customized-parts\/#primaryimage\",\"url\":\"https:\/\/unitek-crossheads.com\/wp-content\/uploads\/crosshead-products.jpg\",\"contentUrl\":\"https:\/\/unitek-crossheads.com\/wp-content\/uploads\/crosshead-products.jpg\",\"width\":2560,\"height\":559},{\"@type\":\"BreadcrumbList\",\"@id\":\"https:\/\/unitek-crossheads.com\/products\/customized-parts\/#breadcrumb\",\"itemListElement\":[{\"@type\":\"ListItem\",\"position\":1,\"name\":\"Home\",\"item\":\"https:\/\/unitek-crossheads.com\/\"},{\"@type\":\"ListItem\",\"position\":2,\"name\":\"Products &#038; Applications\",\"item\":\"https:\/\/unitek-crossheads.com\/products\/\"},{\"@type\":\"ListItem\",\"position\":3,\"name\":\"Customized parts\"}]},{\"@type\":\"WebSite\",\"@id\":\"https:\/\/unitek-crossheads.com\/#website\",\"url\":\"https:\/\/unitek-crossheads.com\/\",\"name\":\"UNITEK\",\"description\":\"Crossheads for the cable industry\",\"publisher\":{\"@id\":\"https:\/\/unitek-crossheads.com\/#organization\"},\"potentialAction\":[{\"@type\":\"SearchAction\",\"target\":{\"@type\":\"EntryPoint\",\"urlTemplate\":\"https:\/\/unitek-crossheads.com\/?s={search_term_string}\"},\"query-input\":{\"@type\":\"PropertyValueSpecification\",\"valueRequired\":true,\"valueName\":\"search_term_string\"}}],\"inLanguage\":\"de-AT\"},{\"@type\":\"Organization\",\"@id\":\"https:\/\/unitek-crossheads.com\/#organization\",\"name\":\"UNITEK\",\"url\":\"https:\/\/unitek-crossheads.com\/\",\"logo\":{\"@type\":\"ImageObject\",\"inLanguage\":\"de-AT\",\"@id\":\"https:\/\/unitek-crossheads.com\/#\/schema\/logo\/image\/\",\"url\":\"https:\/\/unitek-crossheads.com\/wp-content\/uploads\/unitek-crossheads-manifucturer.png\",\"contentUrl\":\"https:\/\/unitek-crossheads.com\/wp-content\/uploads\/unitek-crossheads-manifucturer.png\",\"width\":280,\"height\":85,\"caption\":\"UNITEK\"},\"image\":{\"@id\":\"https:\/\/unitek-crossheads.com\/#\/schema\/logo\/image\/\"},\"sameAs\":[\"https:\/\/www.linkedin.com\/company\/unitek-at\/\",\"https:\/\/www.youtube.com\/@UnitekCrossheads\"]}]}<\/script>\n<!-- \/ Yoast SEO plugin. -->","yoast_head_json":{"title":"Customized parts - UNITEK","robots":{"index":"index","follow":"follow","max-snippet":"max-snippet:-1","max-image-preview":"max-image-preview:large","max-video-preview":"max-video-preview:-1"},"canonical":"https:\/\/unitek-crossheads.com\/de\/products\/customized-parts\/","og_locale":"de_DE","og_type":"article","og_title":"Customized parts - UNITEK","og_description":"Customized parts Unitek can provide customized parts for almost any application for the wire and cable industry.We can fit our crossheads and peripheral equipment to nearly any existing production line. Based on your drawing or model we design and manufacture adapters, breaker plates and orifices that matches any extruder design. Distributors Quills and sleeves for ... Read more","og_url":"https:\/\/unitek-crossheads.com\/de\/products\/customized-parts\/","og_site_name":"UNITEK","article_modified_time":"2024-03-13T16:01:27+00:00","og_image":[{"width":2560,"height":559,"url":"https:\/\/unitek-crossheads.com\/wp-content\/uploads\/crosshead-products.jpg","type":"image\/jpeg"}],"twitter_card":"summary_large_image","twitter_misc":{"Gesch\u00e4tzte Lesezeit":"2 Minuten"},"schema":{"@context":"https:\/\/schema.org","@graph":[{"@type":"WebPage","@id":"https:\/\/unitek-crossheads.com\/products\/customized-parts\/","url":"https:\/\/unitek-crossheads.com\/products\/customized-parts\/","name":"Customized parts - UNITEK","isPartOf":{"@id":"https:\/\/unitek-crossheads.com\/#website"},"primaryImageOfPage":{"@id":"https:\/\/unitek-crossheads.com\/products\/customized-parts\/#primaryimage"},"image":{"@id":"https:\/\/unitek-crossheads.com\/products\/customized-parts\/#primaryimage"},"thumbnailUrl":"https:\/\/unitek-crossheads.com\/wp-content\/uploads\/crosshead-products.jpg","datePublished":"2023-08-08T17:42:14+00:00","dateModified":"2024-03-13T16:01:27+00:00","breadcrumb":{"@id":"https:\/\/unitek-crossheads.com\/products\/customized-parts\/#breadcrumb"},"inLanguage":"de-AT","potentialAction":[{"@type":"ReadAction","target":["https:\/\/unitek-crossheads.com\/products\/customized-parts\/"]}]},{"@type":"ImageObject","inLanguage":"de-AT","@id":"https:\/\/unitek-crossheads.com\/products\/customized-parts\/#primaryimage","url":"https:\/\/unitek-crossheads.com\/wp-content\/uploads\/crosshead-products.jpg","contentUrl":"https:\/\/unitek-crossheads.com\/wp-content\/uploads\/crosshead-products.jpg","width":2560,"height":559},{"@type":"BreadcrumbList","@id":"https:\/\/unitek-crossheads.com\/products\/customized-parts\/#breadcrumb","itemListElement":[{"@type":"ListItem","position":1,"name":"Home","item":"https:\/\/unitek-crossheads.com\/"},{"@type":"ListItem","position":2,"name":"Products &#038; Applications","item":"https:\/\/unitek-crossheads.com\/products\/"},{"@type":"ListItem","position":3,"name":"Customized parts"}]},{"@type":"WebSite","@id":"https:\/\/unitek-crossheads.com\/#website","url":"https:\/\/unitek-crossheads.com\/","name":"UNITEK","description":"Crossheads for the cable industry","publisher":{"@id":"https:\/\/unitek-crossheads.com\/#organization"},"potentialAction":[{"@type":"SearchAction","target":{"@type":"EntryPoint","urlTemplate":"https:\/\/unitek-crossheads.com\/?s={search_term_string}"},"query-input":{"@type":"PropertyValueSpecification","valueRequired":true,"valueName":"search_term_string"}}],"inLanguage":"de-AT"},{"@type":"Organization","@id":"https:\/\/unitek-crossheads.com\/#organization","name":"UNITEK","url":"https:\/\/unitek-crossheads.com\/","logo":{"@type":"ImageObject","inLanguage":"de-AT","@id":"https:\/\/unitek-crossheads.com\/#\/schema\/logo\/image\/","url":"https:\/\/unitek-crossheads.com\/wp-content\/uploads\/unitek-crossheads-manifucturer.png","contentUrl":"https:\/\/unitek-crossheads.com\/wp-content\/uploads\/unitek-crossheads-manifucturer.png","width":280,"height":85,"caption":"UNITEK"},"image":{"@id":"https:\/\/unitek-crossheads.com\/#\/schema\/logo\/image\/"},"sameAs":["https:\/\/www.linkedin.com\/company\/unitek-at\/","https:\/\/www.youtube.com\/@UnitekCrossheads"]}]}},"uagb_featured_image_src":{"full":["https:\/\/unitek-crossheads.com\/wp-content\/uploads\/crosshead-products.jpg",2560,559,false],"thumbnail":["https:\/\/unitek-crossheads.com\/wp-content\/uploads\/crosshead-products-150x150.jpg",150,150,true],"medium":["https:\/\/unitek-crossheads.com\/wp-content\/uploads\/crosshead-products-300x66.jpg",300,66,true],"medium_large":["https:\/\/unitek-crossheads.com\/wp-content\/uploads\/crosshead-products-768x168.jpg",768,168,true],"large":["https:\/\/unitek-crossheads.com\/wp-content\/uploads\/crosshead-products-1024x224.jpg",1024,224,true],"1536x1536":["https:\/\/unitek-crossheads.com\/wp-content\/uploads\/crosshead-products-1536x335.jpg",1536,335,true],"2048x2048":["https:\/\/unitek-crossheads.com\/wp-content\/uploads\/crosshead-products-2048x447.jpg",2048,447,true],"trp-custom-language-flag":["https:\/\/unitek-crossheads.com\/wp-content\/uploads\/crosshead-products.jpg",18,4,false]},"uagb_author_info":{"display_name":"staging_dev","author_link":"https:\/\/unitek-crossheads.com\/de\/author\/staging_dev\/"},"uagb_comment_info":0,"uagb_excerpt":"Customized parts Unitek can provide customized parts for almost any application for the wire and cable industry.We can fit our crossheads and peripheral equipment to nearly any existing production line. Based on your drawing or model we design and manufacture adapters, breaker plates and orifices that matches any extruder design. Distributors Quills and sleeves for&hellip;","_links":{"self":[{"href":"https:\/\/unitek-crossheads.com\/de\/wp-json\/wp\/v2\/pages\/1375","targetHints":{"allow":["GET"]}}],"collection":[{"href":"https:\/\/unitek-crossheads.com\/de\/wp-json\/wp\/v2\/pages"}],"about":[{"href":"https:\/\/unitek-crossheads.com\/de\/wp-json\/wp\/v2\/types\/page"}],"author":[{"embeddable":true,"href":"https:\/\/unitek-crossheads.com\/de\/wp-json\/wp\/v2\/users\/1"}],"replies":[{"embeddable":true,"href":"https:\/\/unitek-crossheads.com\/de\/wp-json\/wp\/v2\/comments?post=1375"}],"version-history":[{"count":0,"href":"https:\/\/unitek-crossheads.com\/de\/wp-json\/wp\/v2\/pages\/1375\/revisions"}],"up":[{"embeddable":true,"href":"https:\/\/unitek-crossheads.com\/de\/wp-json\/wp\/v2\/pages\/31"}],"wp:featuredmedia":[{"embeddable":true,"href":"https:\/\/unitek-crossheads.com\/de\/wp-json\/wp\/v2\/media\/1320"}],"wp:attachment":[{"href":"https:\/\/unitek-crossheads.com\/de\/wp-json\/wp\/v2\/media?parent=1375"}],"curies":[{"name":"wp","href":"https:\/\/api.w.org\/{rel}","templated":true}]}}