{"id":1189,"date":"2021-05-30T14:08:16","date_gmt":"2021-05-30T12:08:16","guid":{"rendered":"https:\/\/plumber-gp.wordifysites.com\/?page_id=3"},"modified":"2023-08-08T18:49:24","modified_gmt":"2023-08-08T16:49:24","slug":"privacy-policy","status":"publish","type":"page","link":"https:\/\/unitek-crossheads.com\/de\/privacy-policy\/","title":{"rendered":"Datenschutz"},"content":{"rendered":"<p class=\"translation-block\"><strong>Bereitstellung und Verwendung Ihrer Informationen<\/strong><br>\nUNITEK wird Informationen \u00fcber Sie erhalten:\n<br>\u25a0 wenn Sie sich direkt an uns wenden, in der Regel \u00fcber unsere Website oder unser Verkaufsteam, sei es, um eines unserer Produkte oder eine unserer Dienstleistungen zu beantragen oder um eine Anfrage oder eine andere Anfrage zu stellen\n<br>\u25a0 von unserem Netz von autorisierten Vertriebsagenten \n<br>\u25a0 von unseren sorgf\u00e4ltig ausgew\u00e4hlten Gesch\u00e4ftspartnern, die Produkte und Dienstleistungen unter einer unserer Marken anbieten<\/p>\n\n\n\n<p class=\"translation-block\"><strong>UNITEK wird niemals sensible pers\u00f6nliche Daten wie z.B.:<\/strong>\n<br>\u25a0 ethnische Herkunft\n<br>\u25a0 religi\u00f6se \u00dcberzeugungen\n<br>\u25a0 politische Ansichten\n<br>\u25a0 k\u00f6rperliche oder geistige Gesundheitszust\u00e4nde\n<br>\u25a0 Sexualleben<\/p>\n\n\n\n<p class=\"translation-block\"><strong>UNITEK wird Ihre Informationen verwenden:<\/strong><br>\nWir werden Ihre Informationen (die wir von Ihnen oder Dritten erhalten oder aus der Art und Weise, wie Sie unsere Produkte oder Dienstleistungen nutzen, erfahren) f\u00fcr eine Vielzahl von Zwecken verwenden, darunter:\n<br>\u25a0 um Informationen, Produkte und Dienstleistungen, die Sie angefordert haben, bereitzustellen oder zu verwalten,\n<br>\u25a0 um uns zu helfen, Sie zu identifizieren, wenn Sie uns kontaktieren,\n<br>\u25a0 f\u00fcr allgemeine Verwaltungszwecke,\n<br>\u25a0 um uns zu helfen, die Qualit\u00e4t unserer Produkte und Dienstleistungen zu verbessern,\n<br>\u25a0 um uns bei der Aufdeckung und Verhinderung von Betrug und Geldw\u00e4sche zu helfen,\n<br>\u25a0 um uns bei der Eintreibung von Forderungen zu helfen,\n<br>\u25a0 um andere Produkte und Dienstleistungen zu identifizieren, die f\u00fcr Sie von Interesse sein k\u00f6nnten, und um Sie \u00fcber unsere Produkte und Dienstleistungen zu informieren (siehe unten).<\/p>\n\n\n\n<p class=\"translation-block\"><strong>Wir k\u00f6nnen Ihre Daten f\u00fcr jeden dieser Zwecke weitergeben an:<\/strong><br>\n\u25a0 unserem Netz von autorisierten Verkaufsvertretern,\n<br>\u25a0 an unsere sorgf\u00e4ltig ausgew\u00e4hlten Gesch\u00e4ftspartner, die Produkte und Dienstleistungen unter einer unserer Marken anbieten,<\/p>\n\n\n\n<p class=\"translation-block\"><strong>Wir geben Ihre Daten nicht an Dritte weiter, mit Ausnahme von:<\/strong><br>\n\u25a0 wenn wir aus rechtlichen oder beh\u00f6rdlichen Gr\u00fcnden aufgefordert werden, Informationen zu liefern,\n<br>\u25a0 wenn wir bestehende oder k\u00fcnftige rechtliche Verfahren vorantreiben,\n<br>\u25a0 wenn wir einen oder mehrere unserer Gesch\u00e4ftsbereiche an jemanden verkaufen, an den wir unsere Rechte aus einem mit Ihnen bestehenden Kundenvertrag \u00fcbertragen k\u00f6nnen,\n<br>\u25a0 wenn wir Betrug\/Verluste verhindern wollen, z. B. wenn wir Ihre Daten an Betrugsbek\u00e4mpfungsstellen weitergeben.<\/p>\n\n\n\n<p>Wenn sich Ihre Organisation au\u00dferhalb des Europ\u00e4ischen Wirtschaftsraums befindet, wenden wir das gleiche Schutzniveau f\u00fcr Ihre Daten an, das wir in \u00d6STERREICH anwenden m\u00fcssen.<\/p>\n\n\n\n<p class=\"translation-block\"><strong>Informationen von Dritten:<\/strong><br>\nWenn Sie uns Informationen im Namen einer anderen Person geben:<br>\n\u25a0 best\u00e4tigen Sie uns, dass Sie deren Erlaubnis dazu haben \n<br>\u25a0 dass sie \u00fcber den Inhalt dieser Datenschutzrichtlinie informiert sind\n<br>\u25a0 dass sie keine Einw\u00e4nde dagegen haben, dass wir ihre Daten in \u00dcbereinstimmung mit dieser Richtlinie verarbeiten.<\/p>\n\n\n\n<p>Sie sind daf\u00fcr verantwortlich, uns jede \u00c4nderung Ihrer Daten mitzuteilen, z. B. eine \u00c4nderung Ihrer Adresse. Sie haben das Recht, uns aufzufordern, etwaige Ungenauigkeiten zu korrigieren, personenbezogene Daten zu l\u00f6schen oder die Verwendung der \u00fcber Sie gespeicherten Informationen einzuschr\u00e4nken.<\/p>\n\n\n\n<p class=\"translation-block\"><strong>Ihre pers\u00f6nlichen Daten werden so lange aufbewahrt, wie sie dem Zweck dienen, f\u00fcr den sie erhoben wurden:<\/strong><br>\n\u25a0 f\u00fcr den sie erhoben wurden (d.h. f\u00fcr die Wirtschaftsbeziehung)\n<br>\u25a0 gesetzliche Verpflichtungen nach europ\u00e4ischem und \u00f6sterreichischem Recht\n<br>\u25a0 Archivierungszwecken im \u00f6ffentlichen Interesse\n<br>\u25a0 der Begr\u00fcndung, Aus\u00fcbung oder Verteidigung von Rechtsanspr\u00fcchen.<\/p>\n\n\n\n<p class=\"translation-block\">F\u00fcr Kundenbeschwerden \u00fcber diese Website k\u00f6nnen Sie die von der Europ\u00e4ischen Kommission bereitgestellte Plattform zur Online-Streitbeilegung (OS) unter <a href=\"http:\/\/ec.europa.eu\/odr\" target=\"_blank\" rel=\"noreferrer noopener\">ec.europa.eu\/odr<\/a> oder die oben genannte E-Mail-Adresse des Unternehmens nutzen.<\/p>\n\n\n\n<p><strong>Cookies<\/strong><br>UNITEK wird nur technisch notwendige Cookies verwenden. Wir m\u00f6chten Sie jedoch darauf hinweisen, dass Sie Cookies in den Einstellungen Ihres Browsers jederzeit vollst\u00e4ndig deaktivieren k\u00f6nnen.<\/p>\n\n\n\n<p>Copyright \u00a9 2009-2021 Unitek Maschinenbau und -handels GmbH. Alle Rechte vorbehalten.<\/p>\n\n\n\n<p>Unitek Maschinenbau- und Handels GmbH | Josef Oesterreicher Gasse 35 | A-1230 Wien \/ Vienna | \u00d6sterreich \/ Austria | Tel: +43 \u2013 1 \u2013 332 55 10 | E-mail&nbsp;<a href=\"mailto:office@unitek-crossheads.com\">office@unitek-crossheads.com<\/a><\/p>","protected":false},"excerpt":{"rendered":"<p>Providing &amp; use of your informationUNITEK will receive information about you:\u25a0 when you contact us directly, normally via our website or our\u00a0sales team, whether to apply for one of our products or services or to make an enquiry or other request\u25a0 from our network of authorised\u00a0sales agents\u00a0\u25a0 from our carefully selected business partners who provide &#8230; <a title=\"Datenschutz\" class=\"read-more\" href=\"https:\/\/unitek-crossheads.com\/de\/privacy-policy\/\" aria-label=\"Read more about Privacy Policy\">Weiterlesen<\/a><\/p>","protected":false},"author":1,"featured_media":0,"parent":0,"menu_order":0,"comment_status":"closed","ping_status":"closed","template":"","meta":{"_eb_attr":"","_uag_custom_page_level_css":"","iawp_total_views":69,"footnotes":""},"class_list":["post-1189","page","type-page","status-publish"],"featured_image_src":null,"yoast_head":"<!-- This site is optimized with the Yoast SEO plugin v27.1.1 - https:\/\/yoast.com\/product\/yoast-seo-wordpress\/ -->\n<title>Privacy Policy - UNITEK<\/title>\n<meta name=\"robots\" content=\"index, follow, max-snippet:-1, max-image-preview:large, max-video-preview:-1\" \/>\n<link rel=\"canonical\" href=\"https:\/\/unitek-crossheads.com\/de\/privacy-policy\/\" \/>\n<meta property=\"og:locale\" content=\"de_DE\" \/>\n<meta property=\"og:type\" content=\"article\" \/>\n<meta property=\"og:title\" content=\"Privacy Policy - UNITEK\" \/>\n<meta property=\"og:description\" content=\"Providing &amp; use of your informationUNITEK will receive information about you:\u25a0 when you contact us directly, normally via our website or our\u00a0sales team, whether to apply for one of our products or services or to make an enquiry or other request\u25a0 from our network of authorised\u00a0sales agents\u00a0\u25a0 from our carefully selected business partners who provide ... Read more\" \/>\n<meta property=\"og:url\" content=\"https:\/\/unitek-crossheads.com\/de\/privacy-policy\/\" \/>\n<meta property=\"og:site_name\" content=\"UNITEK\" \/>\n<meta property=\"article:modified_time\" content=\"2023-08-08T16:49:24+00:00\" \/>\n<meta name=\"twitter:card\" content=\"summary_large_image\" \/>\n<meta name=\"twitter:label1\" content=\"Gesch\u00e4tzte Lesezeit\" \/>\n\t<meta name=\"twitter:data1\" content=\"3 Minuten\" \/>\n<script type=\"application\/ld+json\" class=\"yoast-schema-graph\">{\"@context\":\"https:\/\/schema.org\",\"@graph\":[{\"@type\":\"WebPage\",\"@id\":\"https:\/\/unitek-crossheads.com\/privacy-policy\/\",\"url\":\"https:\/\/unitek-crossheads.com\/privacy-policy\/\",\"name\":\"Privacy Policy - UNITEK\",\"isPartOf\":{\"@id\":\"https:\/\/unitek-crossheads.com\/#website\"},\"datePublished\":\"2021-05-30T12:08:16+00:00\",\"dateModified\":\"2023-08-08T16:49:24+00:00\",\"breadcrumb\":{\"@id\":\"https:\/\/unitek-crossheads.com\/privacy-policy\/#breadcrumb\"},\"inLanguage\":\"de-AT\",\"potentialAction\":[{\"@type\":\"ReadAction\",\"target\":[\"https:\/\/unitek-crossheads.com\/privacy-policy\/\"]}]},{\"@type\":\"BreadcrumbList\",\"@id\":\"https:\/\/unitek-crossheads.com\/privacy-policy\/#breadcrumb\",\"itemListElement\":[{\"@type\":\"ListItem\",\"position\":1,\"name\":\"Home\",\"item\":\"https:\/\/unitek-crossheads.com\/\"},{\"@type\":\"ListItem\",\"position\":2,\"name\":\"Privacy Policy\"}]},{\"@type\":\"WebSite\",\"@id\":\"https:\/\/unitek-crossheads.com\/#website\",\"url\":\"https:\/\/unitek-crossheads.com\/\",\"name\":\"UNITEK\",\"description\":\"Crossheads for the cable industry\",\"publisher\":{\"@id\":\"https:\/\/unitek-crossheads.com\/#organization\"},\"potentialAction\":[{\"@type\":\"SearchAction\",\"target\":{\"@type\":\"EntryPoint\",\"urlTemplate\":\"https:\/\/unitek-crossheads.com\/?s={search_term_string}\"},\"query-input\":{\"@type\":\"PropertyValueSpecification\",\"valueRequired\":true,\"valueName\":\"search_term_string\"}}],\"inLanguage\":\"de-AT\"},{\"@type\":\"Organization\",\"@id\":\"https:\/\/unitek-crossheads.com\/#organization\",\"name\":\"UNITEK\",\"url\":\"https:\/\/unitek-crossheads.com\/\",\"logo\":{\"@type\":\"ImageObject\",\"inLanguage\":\"de-AT\",\"@id\":\"https:\/\/unitek-crossheads.com\/#\/schema\/logo\/image\/\",\"url\":\"https:\/\/unitek-crossheads.com\/wp-content\/uploads\/unitek-crossheads-manifucturer.png\",\"contentUrl\":\"https:\/\/unitek-crossheads.com\/wp-content\/uploads\/unitek-crossheads-manifucturer.png\",\"width\":280,\"height\":85,\"caption\":\"UNITEK\"},\"image\":{\"@id\":\"https:\/\/unitek-crossheads.com\/#\/schema\/logo\/image\/\"},\"sameAs\":[\"https:\/\/www.linkedin.com\/company\/unitek-at\/\",\"https:\/\/www.youtube.com\/@UnitekCrossheads\"]}]}<\/script>\n<!-- \/ Yoast SEO plugin. -->","yoast_head_json":{"title":"Privacy Policy - UNITEK","robots":{"index":"index","follow":"follow","max-snippet":"max-snippet:-1","max-image-preview":"max-image-preview:large","max-video-preview":"max-video-preview:-1"},"canonical":"https:\/\/unitek-crossheads.com\/de\/privacy-policy\/","og_locale":"de_DE","og_type":"article","og_title":"Privacy Policy - UNITEK","og_description":"Providing &amp; use of your informationUNITEK will receive information about you:\u25a0 when you contact us directly, normally via our website or our\u00a0sales team, whether to apply for one of our products or services or to make an enquiry or other request\u25a0 from our network of authorised\u00a0sales agents\u00a0\u25a0 from our carefully selected business partners who provide ... Read more","og_url":"https:\/\/unitek-crossheads.com\/de\/privacy-policy\/","og_site_name":"UNITEK","article_modified_time":"2023-08-08T16:49:24+00:00","twitter_card":"summary_large_image","twitter_misc":{"Gesch\u00e4tzte Lesezeit":"3 Minuten"},"schema":{"@context":"https:\/\/schema.org","@graph":[{"@type":"WebPage","@id":"https:\/\/unitek-crossheads.com\/privacy-policy\/","url":"https:\/\/unitek-crossheads.com\/privacy-policy\/","name":"Privacy Policy - UNITEK","isPartOf":{"@id":"https:\/\/unitek-crossheads.com\/#website"},"datePublished":"2021-05-30T12:08:16+00:00","dateModified":"2023-08-08T16:49:24+00:00","breadcrumb":{"@id":"https:\/\/unitek-crossheads.com\/privacy-policy\/#breadcrumb"},"inLanguage":"de-AT","potentialAction":[{"@type":"ReadAction","target":["https:\/\/unitek-crossheads.com\/privacy-policy\/"]}]},{"@type":"BreadcrumbList","@id":"https:\/\/unitek-crossheads.com\/privacy-policy\/#breadcrumb","itemListElement":[{"@type":"ListItem","position":1,"name":"Home","item":"https:\/\/unitek-crossheads.com\/"},{"@type":"ListItem","position":2,"name":"Privacy Policy"}]},{"@type":"WebSite","@id":"https:\/\/unitek-crossheads.com\/#website","url":"https:\/\/unitek-crossheads.com\/","name":"UNITEK","description":"Crossheads for the cable industry","publisher":{"@id":"https:\/\/unitek-crossheads.com\/#organization"},"potentialAction":[{"@type":"SearchAction","target":{"@type":"EntryPoint","urlTemplate":"https:\/\/unitek-crossheads.com\/?s={search_term_string}"},"query-input":{"@type":"PropertyValueSpecification","valueRequired":true,"valueName":"search_term_string"}}],"inLanguage":"de-AT"},{"@type":"Organization","@id":"https:\/\/unitek-crossheads.com\/#organization","name":"UNITEK","url":"https:\/\/unitek-crossheads.com\/","logo":{"@type":"ImageObject","inLanguage":"de-AT","@id":"https:\/\/unitek-crossheads.com\/#\/schema\/logo\/image\/","url":"https:\/\/unitek-crossheads.com\/wp-content\/uploads\/unitek-crossheads-manifucturer.png","contentUrl":"https:\/\/unitek-crossheads.com\/wp-content\/uploads\/unitek-crossheads-manifucturer.png","width":280,"height":85,"caption":"UNITEK"},"image":{"@id":"https:\/\/unitek-crossheads.com\/#\/schema\/logo\/image\/"},"sameAs":["https:\/\/www.linkedin.com\/company\/unitek-at\/","https:\/\/www.youtube.com\/@UnitekCrossheads"]}]}},"uagb_featured_image_src":{"full":false,"thumbnail":false,"medium":false,"medium_large":false,"large":false,"1536x1536":false,"2048x2048":false,"trp-custom-language-flag":false},"uagb_author_info":{"display_name":"staging_dev","author_link":"https:\/\/unitek-crossheads.com\/de\/author\/staging_dev\/"},"uagb_comment_info":0,"uagb_excerpt":"Providing &amp; use of your informationUNITEK will receive information about you:\u25a0 when you contact us directly, normally via our website or our\u00a0sales team, whether to apply for one of our products or services or to make an enquiry or other request\u25a0 from our network of authorised\u00a0sales agents\u00a0\u25a0 from our carefully selected business partners who provide&hellip;","_links":{"self":[{"href":"https:\/\/unitek-crossheads.com\/de\/wp-json\/wp\/v2\/pages\/1189","targetHints":{"allow":["GET"]}}],"collection":[{"href":"https:\/\/unitek-crossheads.com\/de\/wp-json\/wp\/v2\/pages"}],"about":[{"href":"https:\/\/unitek-crossheads.com\/de\/wp-json\/wp\/v2\/types\/page"}],"author":[{"embeddable":true,"href":"https:\/\/unitek-crossheads.com\/de\/wp-json\/wp\/v2\/users\/1"}],"replies":[{"embeddable":true,"href":"https:\/\/unitek-crossheads.com\/de\/wp-json\/wp\/v2\/comments?post=1189"}],"version-history":[{"count":0,"href":"https:\/\/unitek-crossheads.com\/de\/wp-json\/wp\/v2\/pages\/1189\/revisions"}],"wp:attachment":[{"href":"https:\/\/unitek-crossheads.com\/de\/wp-json\/wp\/v2\/media?parent=1189"}],"curies":[{"name":"wp","href":"https:\/\/api.w.org\/{rel}","templated":true}]}}